{"id":1003,"date":"2015-04-10T14:19:35","date_gmt":"2015-04-10T12:19:35","guid":{"rendered":"http:\/\/www.schuetzenbruderschaft-allagen.de\/WP_Schuetzen\/?page_id=1003"},"modified":"2024-12-02T21:22:33","modified_gmt":"2024-12-02T20:22:33","slug":"10-pressearchiv-ausfluege-und-weitere-veranstaltungen","status":"publish","type":"page","link":"https:\/\/www.schuetzenbruderschaft-allagen.de\/WP_Schuetzen\/10-pressearchiv-ausfluege-und-weitere-veranstaltungen\/","title":{"rendered":"10 &#8211; Pressearchiv Ausfl\u00fcge und weitere Veranstaltungen"},"content":{"rendered":"<p><strong>2024:<\/strong><\/p>\n<p><a href=\"https:\/\/www.schuetzenbruderschaft-allagen.de\/wp-content\/uploads\/2024-03-09_WA.pdf\">Einladung Helferfete<\/a><br \/>\n(Soester Anzeiger, 09.03.2024)<br \/>\n<a href=\"https:\/\/www.schuetzenbruderschaft-allagen.de\/wp-content\/uploads\/2024-03-14_WA.pdf\">Helferfete<\/a><br \/>\n(Soester Anzeiger, 14.03.2024)<br \/>\n<a href=\"https:\/\/www.schuetzenbruderschaft-allagen.de\/wp-content\/uploads\/2024-04-27_WA-2.pdf\">Sch\u00fctzenempfang Stadt Warstein<\/a><br \/>\n(Soester Anzeiger, 27.04.2024)<br \/>\nK\u00f6nigstreffen<br \/>\n(Soester Anzeiger, 15.05.2024)<br \/>\n<a href=\"https:\/\/www.schuetzenbruderschaft-allagen.de\/wp-content\/uploads\/2024-05-24_WA.pdf\">Vorabinformation UnArt-Konzert und Einladung Fronleichnamsprozession<\/a><br \/>\n(Soester Anzeiger, 24.05.2024)<br \/>\n<a href=\"https:\/\/www.schuetzenbruderschaft-allagen.de\/wp-content\/uploads\/2024-05-29_WA.pdf\">Vorabinformation Ticketverkauf UnArt-Konzert<\/a><br \/>\n(Soester Anzeiger, 29.05.2024)<br \/>\n<a href=\"https:\/\/www.schuetzenbruderschaft-allagen.de\/wp-content\/uploads\/2024-03-30_Stadtanzeiger.pdf\">Ticketverkauf UnArt-Konzert<\/a><br \/>\n(Stadtanzeiger, 30.03.2024)<br \/>\n<a href=\"https:\/\/www.schuetzenbruderschaft-allagen.de\/wp-content\/uploads\/2024-06-04_WA.pdf\">UnArt-Konzert<\/a><br \/>\n(Soester Anzeiger, 04.06.2024)<\/p>\n<p><strong>2023:<\/strong><\/p>\n<p><a href=\"https:\/\/www.schuetzenbruderschaft-allagen.de\/wp-content\/uploads\/2023_05_06_WA.pdf\">Sch\u00fctzenempfang Stadt Warstein<\/a><br \/>\n(Soester Anzeiger, 06.05.2023)<br \/>\n<a href=\"https:\/\/www.schuetzenbruderschaft-allagen.de\/wp-content\/uploads\/2023-01-20-WA.pdf\">Geburtstags-Nachfeier der Sch\u00fctzenbr\u00fcder<\/a><br \/>\n(Soester Anzeiger, 20.01.2023)<br \/>\n<a href=\"https:\/\/www.schuetzenbruderschaft-allagen.de\/wp-content\/uploads\/2023-03-02-WA-2.pdf\">Neuregelung Geburtstagsgratulationen<\/a><br \/>\n(Soester Anzeiger, 02.03.2023)<\/p>\n<p><strong>2022:<\/strong><\/p>\n<p><a href=\"https:\/\/www.schuetzenbruderschaft-allagen.de\/wp-content\/uploads\/2022-05-14-SA.pdf\">Sch\u00fctzenempfang Stadt Warstein<\/a><br \/>\n(Soester Anzeiger, 14.05.2022)<br \/>\n<a href=\"https:\/\/www.schuetzenbruderschaft-allagen.de\/wp-content\/uploads\/2022-11-14-SA.pdf\">Volkstrauertag der Stadt Warstein in Allagen<\/a><br \/>\n(Soester Anzeiger, 14.11.2022)<br \/>\n<a href=\"https:\/\/www.schuetzenbruderschaft-allagen.de\/wp-content\/uploads\/2022-11-29-SA.pdf\">Warsteiner Sch\u00fctzenkonferenz<\/a><br \/>\n(Soester Anzeiger, 29.11.2022)<\/p>\n<p><strong>2017:<\/strong><\/p>\n<p><a href=\"https:\/\/www.schuetzenbruderschaft-allagen.de\/wp-content\/uploads\/2017-05-16-SA.pdf\">Majest\u00e4tentreffen Allagen<\/a><br \/>\n(Soester Anzeiger, 16.05.2017)<br \/>\n<a href=\"https:\/\/www.schuetzenbruderschaft-allagen.de\/wp-content\/uploads\/2017-05-16-WP_20180104_0001.pdf\">Majest\u00e4tentreffen Allagen<\/a><br \/>\n(Westfalenpost, 16.05.2017)<\/p>\n<p><strong>2016:<\/strong><\/p>\n<p><a href=\"https:\/\/www.schuetzenbruderschaft-allagen.de\/wp-content\/uploads\/2016_03_09_SA.pdf\">Festenessen Vorbericht<\/a><br \/>\n(Soester Anzeiger, 09.03.2016)<br \/>\n<a href=\"https:\/\/www.schuetzenbruderschaft-allagen.de\/wp-content\/uploads\/2016_03_10_WP.pdf\">Fastenessen Vorbericht<\/a><br \/>\n(Westfalenpost, 10.03.2016)<br \/>\n<a href=\"https:\/\/www.schuetzenbruderschaft-allagen.de\/wp-content\/uploads\/2016_03_16_SA.pdf\">Fastenessen (Misereor)<\/a><br \/>\nSoester Anzeiger, 16.03.2016)<br \/>\n<a href=\"https:\/\/www.schuetzenbruderschaft-allagen.de\/wp-content\/uploads\/2016_03_17_WP.pdf\">Fastenessen (Misereor)<\/a><br \/>\n(Westfalenpost, 17.03.2016)<br \/>\n<a href=\"https:\/\/www.schuetzenbruderschaft-allagen.de\/wp-content\/uploads\/2016_09_20_SA_2.pdf\">Bundessch\u00fctzenfest in Westernkotten<\/a><br \/>\n(Soester Anzeiger, 20.09.2016) Seite 1<br \/>\n<a href=\"https:\/\/www.schuetzenbruderschaft-allagen.de\/wp-content\/uploads\/2016_09_20_SA.pdf\">Bundessch\u00fctzenfest in Westernkotten<\/a><br \/>\n(Soester Anzeiger, 20.09.2016) Seite 2<br \/>\n<a href=\"https:\/\/www.schuetzenbruderschaft-allagen.de\/wp-content\/uploads\/2016_09_19_WP.pdf\">Bundessch\u00fctzenfest in Westernkotten<\/a><br \/>\n(Westfalenpost, 19.09.2016)<\/p>\n<p><strong>2012:<\/strong><\/p>\n<p><a title=\"zum Pressebericht (PDF)\" href=\"https:\/\/www.schuetzenbruderschaft-allagen.de\/wp-content\/uploads\/353_WA_04092012.pdf\" target=\"_blank\" rel=\"noopener\">K\u00f6nigstreffen<\/a><br \/>\n(Soester Anzeiger, 04.09.2012)<\/p>\n<p><strong>2011:<\/strong><\/p>\n<p>&#8211;<\/p>\n<p><strong>2010:<\/strong><\/p>\n<p><a title=\"zum Pressebericht (PDF)\" href=\"https:\/\/www.schuetzenbruderschaft-allagen.de\/wp-content\/uploads\/267_WA_26032010.pdf\" target=\"_blank\" rel=\"noopener\">Sch\u00fctzen-Seminar in Hardehausen<\/a><br \/>\n(Soester Anzeiger, 26.03.2010)<br \/>\n<a title=\"zum Pressebericht (PDF)\" href=\"https:\/\/www.schuetzenbruderschaft-allagen.de\/wp-content\/uploads\/270_WA_08042010.pdf\" target=\"_blank\" rel=\"noopener\">Caribbean Night (Vorbericht)<\/a><br \/>\n(Soester Anzeiger, 08.0.2010)<br \/>\n<a title=\"zum Pressebericht (PDF)\" href=\"https:\/\/www.schuetzenbruderschaft-allagen.de\/wp-content\/uploads\/271_WP_17042010.pdf\" target=\"_blank\" rel=\"noopener\">Caribbean Night (Vorbericht)<\/a><br \/>\n(Westfalenpost, 17.04.2010)<br \/>\n<a title=\"zum Pressebericht (PDF)\" href=\"https:\/\/www.schuetzenbruderschaft-allagen.de\/wp-content\/uploads\/268_WA_20042010.pdf\" target=\"_blank\" rel=\"noopener\">Caribbean Night<\/a><br \/>\n(Soester Anzeiger, 20.04.2010)<\/p>\n<p><strong>2009:<\/strong><\/p>\n<p><a title=\"zum Pressebericht (PDF)\" href=\"https:\/\/www.schuetzenbruderschaft-allagen.de\/wp-content\/uploads\/214_WA_21042009.pdf\" target=\"_blank\" rel=\"noopener\">Oldie-Night(Vorbericht)<\/a><br \/>\n(Soester Anzeiger, 21.04.2009)<br \/>\n<a title=\"zum Pressebericht (PDF)\" href=\"https:\/\/www.schuetzenbruderschaft-allagen.de\/wp-content\/uploads\/215_WP_24042009.pdf\" target=\"_blank\" rel=\"noopener\">Oldie-Night (Verschiebung)<\/a><br \/>\n(Westfalenpost, 24.04.2009)<br \/>\n<a title=\"zum Pressebericht (PDF)\" href=\"https:\/\/www.schuetzenbruderschaft-allagen.de\/wp-content\/uploads\/216_WA_24042009.pdf\" target=\"_blank\" rel=\"noopener\">Oldie-Night (Verschiebung)<\/a><br \/>\n(Soester Anzeiger, 24.04.2009)<br \/>\n<a title=\"zum Pressebericht (PDF)\" href=\"https:\/\/www.schuetzenbruderschaft-allagen.de\/wp-content\/uploads\/243_WP_17092009.pdf\" target=\"_blank\" rel=\"noopener\">Oldie-Night (Vorbericht)<\/a><br \/>\n(Westfalenpost, 17.09.2009)<br \/>\n<a title=\"zum Pressebericht (PDF)\" href=\"https:\/\/www.schuetzenbruderschaft-allagen.de\/wp-content\/uploads\/242_WA_18092009.pdf\" target=\"_blank\" rel=\"noopener\">Oldie-Night (Vorbericht)<\/a><br \/>\n(Soester Anzeiger, 18.09.2009)<br \/>\n<a title=\"zum Pressebericht (PDF)\" href=\"https:\/\/www.schuetzenbruderschaft-allagen.de\/wp-content\/uploads\/244_WA_21092009.pdf\" target=\"_blank\" rel=\"noopener\">Oldie-Night<\/a><br \/>\n(Soester Anzeiger, 18.09.2009)<br \/>\n<a title=\"zum Pressebericht (PDF)\" href=\"https:\/\/www.schuetzenbruderschaft-allagen.de\/wp-content\/uploads\/245_WA_21092009.pdf\" target=\"_blank\" rel=\"noopener\">Oldie-Night<\/a><br \/>\n(Westfalenpost, 21.09.2009)<br \/>\n<a title=\"zum Pressebericht (PDF)\" href=\"https:\/\/www.schuetzenbruderschaft-allagen.de\/wp-content\/uploads\/248_WA_28102009.pdf\" target=\"_blank\" rel=\"noopener\">Dankesch\u00f6n-Ausflug f\u00fcr Helfer<\/a><br \/>\n(Soester Anzeiger, 28.10.2009)<\/p>\n<p><strong>2008:<\/strong><\/p>\n<p><a title=\"zum Pressebericht (PDF)\" href=\"https:\/\/www.schuetzenbruderschaft-allagen.de\/wp-content\/uploads\/155_WA_08012008.pdf\" target=\"_blank\" rel=\"noopener\">Einladung Romfahrt<\/a><br \/>\n(Soester Anzeiger, 08.01.2008)<br \/>\n<a title=\"zum Pressebericht (PDF)\" href=\"https:\/\/www.schuetzenbruderschaft-allagen.de\/wp-content\/uploads\/166_WA_10042008.pdf\" target=\"_blank\" rel=\"noopener\">2. Oldie-Night<\/a><br \/>\n(Soester Anzeiger, 10.04.2008)<br \/>\n<a title=\"zum Pressebericht (PDF)\" href=\"https:\/\/www.schuetzenbruderschaft-allagen.de\/wp-content\/uploads\/192_WA_21112008.pdf\" target=\"_blank\" rel=\"noopener\">Dankesch\u00f6n-Ausflug f\u00fcr Helfer<\/a><br \/>\n(Soester Anzeiger, 21.11.2008)<\/p>\n<p><strong>2007:<\/strong><\/p>\n<p><a title=\"zum Pressebericht (PDF)\" href=\"https:\/\/www.schuetzenbruderschaft-allagen.de\/wp-content\/uploads\/119_WA_06022007.pdf\" target=\"_blank\" rel=\"noopener\">Sch\u00fctzen-Seminar in Hardehausen<\/a><br \/>\n(Soester Anzeiger, 06.02.2007)<a title=\"zum Pressebericht (PDF)\" href=\"https:\/\/www.schuetzenbruderschaft-allagen.de\/wp-content\/uploads\/120_WP_06022007.pdf\" target=\"_blank\" rel=\"noopener\">Sch\u00fctzen-Seminar in Hardehausen<\/a><br \/>\n(Soester Anzeiger, 06.02.2007)<br \/>\n<a title=\"zum Pressebericht (PDF)\" href=\"https:\/\/www.schuetzenbruderschaft-allagen.de\/wp-content\/uploads\/121_WA_20042007.pdf\" target=\"_blank\" rel=\"noopener\">3. Oldie-Night<\/a><br \/>\n(Soester Anzeiger, 20.04.2007)<br \/>\n<a title=\"zum Pressebericht (PDF)\" href=\"https:\/\/www.schuetzenbruderschaft-allagen.de\/wp-content\/uploads\/122_WP_26042007.pdf\" target=\"_blank\" rel=\"noopener\">3. Oldie-Night<\/a><br \/>\n(Westfalenpost, 26.04.2007)<\/p>\n<p><strong>2006:<\/strong><\/p>\n<p><a title=\"zum Pressebericht (PDF)\" href=\"https:\/\/www.schuetzenbruderschaft-allagen.de\/wp-content\/uploads\/108_WA_03112006.pdf\" target=\"_blank\" rel=\"noopener\">Dankesch\u00f6n-Ausflug f\u00fcr Helfer<\/a><br \/>\n(Soester Anzeiger, 03.11.2006)<\/p>\n<p><strong>2005:<\/strong><\/p>\n<p><a title=\"zum Pressebericht (PDF)\" href=\"https:\/\/www.schuetzenbruderschaft-allagen.de\/wp-content\/uploads\/052_SA_08042005.pdf\" target=\"_blank\" rel=\"noopener\">4. Oldie-Night (Vorbericht)<\/a><br \/>\n(Soester Anzeiger, 08.04.2005<br \/>\n<a title=\"zum Pressebericht (PDF)\" href=\"https:\/\/www.schuetzenbruderschaft-allagen.de\/wp-content\/uploads\/053_SA_11042005.pdf\" target=\"_blank\" rel=\"noopener\">4. Oldie-Night<\/a><br \/>\n(Soester Anzeiger, 11.04.2005)<br \/>\n<a title=\"zum Pressebericht (PDF)\" href=\"https:\/\/www.schuetzenbruderschaft-allagen.de\/wp-content\/uploads\/070_WA_03112005.pdf\" target=\"_blank\" rel=\"noopener\">Dankesch\u00f6n-Ausflug f\u00fcr Helfer<\/a><br \/>\n(Soester Anzeiger, 03.11.2005)<\/p>\n<p><strong>2004:<\/strong><\/p>\n<p><a title=\"zum Pressebericht (PDF)\" href=\"https:\/\/www.schuetzenbruderschaft-allagen.de\/wp-content\/uploads\/039_SA_05102004.pdf\" target=\"_blank\" rel=\"noopener\">Dankesch\u00f6n-Ausflug f\u00fcr Helfer<\/a><br \/>\n(Soester Anzeiger, 05.10.2004)<\/p>\n<p><strong>2003:<\/strong><\/p>\n<p><a href=\"https:\/\/www.schuetzenbruderschaft-allagen.de\/wp-content\/uploads\/20030313_WP2.pdf\" target=\"_blank\" rel=\"noopener\">Oldie-Night (Vorbericht)<\/a><br \/>\nWestfalenpost, 13.03.2003)<\/p>\n<p><strong>2002:<\/strong><\/p>\n<p><a title=\"zum Pressebericht (PDF)\" href=\"https:\/\/www.schuetzenbruderschaft-allagen.de\/wp-content\/uploads\/009_SA_11102002.pdf\" target=\"_blank\" rel=\"noopener\">Dankesch\u00f6n-Ausflug f\u00fcr Helfer<\/a><br \/>\n(Soester Anzeiger, 11.10.2002)<\/p>\n<p><strong>1976:<\/strong><\/p>\n<p><a title=\"zum Pressebericht (PDF)\" href=\"https:\/\/www.schuetzenbruderschaft-allagen.de\/wp-content\/uploads\/0003_WA_XX1976.pdf\" target=\"_blank\" rel=\"noopener\">Spanferkelessen<\/a><br \/>\n(Soester Anzeiger, 1976)<\/p>\n","protected":false},"excerpt":{"rendered":"<p>2024: Einladung Helferfete (Soester Anzeiger, 09.03.2024) Helferfete (Soester Anzeiger, 14.03.2024) Sch\u00fctzenempfang Stadt Warstein (Soester Anzeiger, 27.04.2024) K\u00f6nigstreffen (Soester Anzeiger, 15.05.2024) Vorabinformation UnArt-Konzert und Einladung Fronleichnamsprozession (Soester Anzeiger, 24.05.2024) Vorabinformation Ticketverkauf UnArt-Konzert (Soester Anzeiger, 29.05.2024) Ticketverkauf UnArt-Konzert (Stadtanzeiger, 30.03.2024) UnArt-Konzert (Soester Anzeiger, 04.06.2024) 2023: Sch\u00fctzenempfang Stadt Warstein (Soester Anzeiger, 06.05.2023) Geburtstags-Nachfeier der Sch\u00fctzenbr\u00fcder (Soester Anzeiger, 20.01.2023) &hellip; <a href=\"https:\/\/www.schuetzenbruderschaft-allagen.de\/WP_Schuetzen\/10-pressearchiv-ausfluege-und-weitere-veranstaltungen\/\" class=\"more-link\"><span class=\"screen-reader-text\">10 &#8211; Pressearchiv Ausfl\u00fcge und weitere Veranstaltungen<\/span> weiterlesen <span class=\"meta-nav\">&rarr;<\/span><\/a><\/p>\n","protected":false},"author":1,"featured_media":0,"parent":0,"menu_order":0,"comment_status":"closed","ping_status":"open","template":"","meta":{"footnotes":""},"class_list":["post-1003","page","type-page","status-publish","hentry"],"yoast_head":"<!-- This site is optimized with the Yoast SEO plugin v27.5 - https:\/\/yoast.com\/product\/yoast-seo-wordpress\/ -->\n<title>10 - Pressearchiv Ausfl\u00fcge und weitere Veranstaltungen - einfach gut...seit 1823.<\/title>\n<meta name=\"robots\" content=\"index, follow, max-snippet:-1, max-image-preview:large, max-video-preview:-1\" \/>\n<link rel=\"canonical\" href=\"https:\/\/www.schuetzenbruderschaft-allagen.de\/WP_Schuetzen\/10-pressearchiv-ausfluege-und-weitere-veranstaltungen\/\" \/>\n<meta property=\"og:locale\" content=\"de_DE\" \/>\n<meta property=\"og:type\" content=\"article\" \/>\n<meta property=\"og:title\" content=\"10 - Pressearchiv Ausfl\u00fcge und weitere Veranstaltungen - einfach gut...seit 1823.\" \/>\n<meta property=\"og:description\" content=\"2024: Einladung Helferfete (Soester Anzeiger, 09.03.2024) Helferfete (Soester Anzeiger, 14.03.2024) Sch\u00fctzenempfang Stadt Warstein (Soester Anzeiger, 27.04.2024) K\u00f6nigstreffen (Soester Anzeiger, 15.05.2024) Vorabinformation UnArt-Konzert und Einladung Fronleichnamsprozession (Soester Anzeiger, 24.05.2024) Vorabinformation Ticketverkauf UnArt-Konzert (Soester Anzeiger, 29.05.2024) Ticketverkauf UnArt-Konzert (Stadtanzeiger, 30.03.2024) UnArt-Konzert (Soester Anzeiger, 04.06.2024) 2023: Sch\u00fctzenempfang Stadt Warstein (Soester Anzeiger, 06.05.2023) Geburtstags-Nachfeier der Sch\u00fctzenbr\u00fcder (Soester Anzeiger, 20.01.2023) &hellip; 10 &#8211; Pressearchiv Ausfl\u00fcge und weitere Veranstaltungen weiterlesen &rarr;\" \/>\n<meta property=\"og:url\" content=\"https:\/\/www.schuetzenbruderschaft-allagen.de\/WP_Schuetzen\/10-pressearchiv-ausfluege-und-weitere-veranstaltungen\/\" \/>\n<meta property=\"og:site_name\" content=\"einfach gut...seit 1823.\" \/>\n<meta property=\"article:publisher\" content=\"https:\/\/www.facebook.com\/profile.php?id=100064817075577\" \/>\n<meta property=\"article:modified_time\" content=\"2024-12-02T20:22:33+00:00\" \/>\n<meta name=\"twitter:card\" content=\"summary_large_image\" \/>\n<meta name=\"twitter:label1\" content=\"Gesch\u00e4tzte Lesezeit\" \/>\n\t<meta name=\"twitter:data1\" content=\"2\u00a0Minuten\" \/>\n<script type=\"application\/ld+json\" class=\"yoast-schema-graph\">{\"@context\":\"https:\\\/\\\/schema.org\",\"@graph\":[{\"@type\":\"WebPage\",\"@id\":\"https:\\\/\\\/www.schuetzenbruderschaft-allagen.de\\\/WP_Schuetzen\\\/10-pressearchiv-ausfluege-und-weitere-veranstaltungen\\\/\",\"url\":\"https:\\\/\\\/www.schuetzenbruderschaft-allagen.de\\\/WP_Schuetzen\\\/10-pressearchiv-ausfluege-und-weitere-veranstaltungen\\\/\",\"name\":\"10 - Pressearchiv Ausfl\u00fcge und weitere Veranstaltungen - einfach gut...seit 1823.\",\"isPartOf\":{\"@id\":\"https:\\\/\\\/www.schuetzenbruderschaft-allagen.de\\\/WP_Schuetzen\\\/#website\"},\"datePublished\":\"2015-04-10T12:19:35+00:00\",\"dateModified\":\"2024-12-02T20:22:33+00:00\",\"breadcrumb\":{\"@id\":\"https:\\\/\\\/www.schuetzenbruderschaft-allagen.de\\\/WP_Schuetzen\\\/10-pressearchiv-ausfluege-und-weitere-veranstaltungen\\\/#breadcrumb\"},\"inLanguage\":\"de\",\"potentialAction\":[{\"@type\":\"ReadAction\",\"target\":[\"https:\\\/\\\/www.schuetzenbruderschaft-allagen.de\\\/WP_Schuetzen\\\/10-pressearchiv-ausfluege-und-weitere-veranstaltungen\\\/\"]}]},{\"@type\":\"BreadcrumbList\",\"@id\":\"https:\\\/\\\/www.schuetzenbruderschaft-allagen.de\\\/WP_Schuetzen\\\/10-pressearchiv-ausfluege-und-weitere-veranstaltungen\\\/#breadcrumb\",\"itemListElement\":[{\"@type\":\"ListItem\",\"position\":1,\"name\":\"Home\",\"item\":\"https:\\\/\\\/www.schuetzenbruderschaft-allagen.de\\\/WP_Schuetzen\\\/\"},{\"@type\":\"ListItem\",\"position\":2,\"name\":\"10 &#8211; Pressearchiv Ausfl\u00fcge und weitere Veranstaltungen\"}]},{\"@type\":\"WebSite\",\"@id\":\"https:\\\/\\\/www.schuetzenbruderschaft-allagen.de\\\/WP_Schuetzen\\\/#website\",\"url\":\"https:\\\/\\\/www.schuetzenbruderschaft-allagen.de\\\/WP_Schuetzen\\\/\",\"name\":\"Sch\u00fctzenbruderschaft Allagen - Einfach gut...seit 1823.\",\"description\":\"St. Sebastianus Sch\u00fctzenbruderschaft 1823 Allagen e.V.\",\"publisher\":{\"@id\":\"https:\\\/\\\/www.schuetzenbruderschaft-allagen.de\\\/WP_Schuetzen\\\/#organization\"},\"potentialAction\":[{\"@type\":\"SearchAction\",\"target\":{\"@type\":\"EntryPoint\",\"urlTemplate\":\"https:\\\/\\\/www.schuetzenbruderschaft-allagen.de\\\/WP_Schuetzen\\\/?s={search_term_string}\"},\"query-input\":{\"@type\":\"PropertyValueSpecification\",\"valueRequired\":true,\"valueName\":\"search_term_string\"}}],\"inLanguage\":\"de\"},{\"@type\":\"Organization\",\"@id\":\"https:\\\/\\\/www.schuetzenbruderschaft-allagen.de\\\/WP_Schuetzen\\\/#organization\",\"name\":\"St. Sebastianus Sch\u00fctzenbruderschaft 1823 Allagen e.V.\",\"url\":\"https:\\\/\\\/www.schuetzenbruderschaft-allagen.de\\\/WP_Schuetzen\\\/\",\"logo\":{\"@type\":\"ImageObject\",\"inLanguage\":\"de\",\"@id\":\"https:\\\/\\\/www.schuetzenbruderschaft-allagen.de\\\/WP_Schuetzen\\\/#\\\/schema\\\/logo\\\/image\\\/\",\"url\":\"https:\\\/\\\/www.schuetzenbruderschaft-allagen.de\\\/wp-content\\\/uploads\\\/Logo_neu_Farbe.jpg\",\"contentUrl\":\"https:\\\/\\\/www.schuetzenbruderschaft-allagen.de\\\/wp-content\\\/uploads\\\/Logo_neu_Farbe.jpg\",\"width\":827,\"height\":1004,\"caption\":\"St. Sebastianus Sch\u00fctzenbruderschaft 1823 Allagen e.V.\"},\"image\":{\"@id\":\"https:\\\/\\\/www.schuetzenbruderschaft-allagen.de\\\/WP_Schuetzen\\\/#\\\/schema\\\/logo\\\/image\\\/\"},\"sameAs\":[\"https:\\\/\\\/www.facebook.com\\\/profile.php?id=100064817075577\"]}]}<\/script>\n<!-- \/ Yoast SEO plugin. -->","yoast_head_json":{"title":"10 - Pressearchiv Ausfl\u00fcge und weitere Veranstaltungen - einfach gut...seit 1823.","robots":{"index":"index","follow":"follow","max-snippet":"max-snippet:-1","max-image-preview":"max-image-preview:large","max-video-preview":"max-video-preview:-1"},"canonical":"https:\/\/www.schuetzenbruderschaft-allagen.de\/WP_Schuetzen\/10-pressearchiv-ausfluege-und-weitere-veranstaltungen\/","og_locale":"de_DE","og_type":"article","og_title":"10 - Pressearchiv Ausfl\u00fcge und weitere Veranstaltungen - einfach gut...seit 1823.","og_description":"2024: Einladung Helferfete (Soester Anzeiger, 09.03.2024) Helferfete (Soester Anzeiger, 14.03.2024) Sch\u00fctzenempfang Stadt Warstein (Soester Anzeiger, 27.04.2024) K\u00f6nigstreffen (Soester Anzeiger, 15.05.2024) Vorabinformation UnArt-Konzert und Einladung Fronleichnamsprozession (Soester Anzeiger, 24.05.2024) Vorabinformation Ticketverkauf UnArt-Konzert (Soester Anzeiger, 29.05.2024) Ticketverkauf UnArt-Konzert (Stadtanzeiger, 30.03.2024) UnArt-Konzert (Soester Anzeiger, 04.06.2024) 2023: Sch\u00fctzenempfang Stadt Warstein (Soester Anzeiger, 06.05.2023) Geburtstags-Nachfeier der Sch\u00fctzenbr\u00fcder (Soester Anzeiger, 20.01.2023) &hellip; 10 &#8211; Pressearchiv Ausfl\u00fcge und weitere Veranstaltungen weiterlesen &rarr;","og_url":"https:\/\/www.schuetzenbruderschaft-allagen.de\/WP_Schuetzen\/10-pressearchiv-ausfluege-und-weitere-veranstaltungen\/","og_site_name":"einfach gut...seit 1823.","article_publisher":"https:\/\/www.facebook.com\/profile.php?id=100064817075577","article_modified_time":"2024-12-02T20:22:33+00:00","twitter_card":"summary_large_image","twitter_misc":{"Gesch\u00e4tzte Lesezeit":"2\u00a0Minuten"},"schema":{"@context":"https:\/\/schema.org","@graph":[{"@type":"WebPage","@id":"https:\/\/www.schuetzenbruderschaft-allagen.de\/WP_Schuetzen\/10-pressearchiv-ausfluege-und-weitere-veranstaltungen\/","url":"https:\/\/www.schuetzenbruderschaft-allagen.de\/WP_Schuetzen\/10-pressearchiv-ausfluege-und-weitere-veranstaltungen\/","name":"10 - Pressearchiv Ausfl\u00fcge und weitere Veranstaltungen - einfach gut...seit 1823.","isPartOf":{"@id":"https:\/\/www.schuetzenbruderschaft-allagen.de\/WP_Schuetzen\/#website"},"datePublished":"2015-04-10T12:19:35+00:00","dateModified":"2024-12-02T20:22:33+00:00","breadcrumb":{"@id":"https:\/\/www.schuetzenbruderschaft-allagen.de\/WP_Schuetzen\/10-pressearchiv-ausfluege-und-weitere-veranstaltungen\/#breadcrumb"},"inLanguage":"de","potentialAction":[{"@type":"ReadAction","target":["https:\/\/www.schuetzenbruderschaft-allagen.de\/WP_Schuetzen\/10-pressearchiv-ausfluege-und-weitere-veranstaltungen\/"]}]},{"@type":"BreadcrumbList","@id":"https:\/\/www.schuetzenbruderschaft-allagen.de\/WP_Schuetzen\/10-pressearchiv-ausfluege-und-weitere-veranstaltungen\/#breadcrumb","itemListElement":[{"@type":"ListItem","position":1,"name":"Home","item":"https:\/\/www.schuetzenbruderschaft-allagen.de\/WP_Schuetzen\/"},{"@type":"ListItem","position":2,"name":"10 &#8211; Pressearchiv Ausfl\u00fcge und weitere Veranstaltungen"}]},{"@type":"WebSite","@id":"https:\/\/www.schuetzenbruderschaft-allagen.de\/WP_Schuetzen\/#website","url":"https:\/\/www.schuetzenbruderschaft-allagen.de\/WP_Schuetzen\/","name":"Sch\u00fctzenbruderschaft Allagen - Einfach gut...seit 1823.","description":"St. Sebastianus Sch\u00fctzenbruderschaft 1823 Allagen e.V.","publisher":{"@id":"https:\/\/www.schuetzenbruderschaft-allagen.de\/WP_Schuetzen\/#organization"},"potentialAction":[{"@type":"SearchAction","target":{"@type":"EntryPoint","urlTemplate":"https:\/\/www.schuetzenbruderschaft-allagen.de\/WP_Schuetzen\/?s={search_term_string}"},"query-input":{"@type":"PropertyValueSpecification","valueRequired":true,"valueName":"search_term_string"}}],"inLanguage":"de"},{"@type":"Organization","@id":"https:\/\/www.schuetzenbruderschaft-allagen.de\/WP_Schuetzen\/#organization","name":"St. Sebastianus Sch\u00fctzenbruderschaft 1823 Allagen e.V.","url":"https:\/\/www.schuetzenbruderschaft-allagen.de\/WP_Schuetzen\/","logo":{"@type":"ImageObject","inLanguage":"de","@id":"https:\/\/www.schuetzenbruderschaft-allagen.de\/WP_Schuetzen\/#\/schema\/logo\/image\/","url":"https:\/\/www.schuetzenbruderschaft-allagen.de\/wp-content\/uploads\/Logo_neu_Farbe.jpg","contentUrl":"https:\/\/www.schuetzenbruderschaft-allagen.de\/wp-content\/uploads\/Logo_neu_Farbe.jpg","width":827,"height":1004,"caption":"St. Sebastianus Sch\u00fctzenbruderschaft 1823 Allagen e.V."},"image":{"@id":"https:\/\/www.schuetzenbruderschaft-allagen.de\/WP_Schuetzen\/#\/schema\/logo\/image\/"},"sameAs":["https:\/\/www.facebook.com\/profile.php?id=100064817075577"]}]}},"jetpack_sharing_enabled":true,"_links":{"self":[{"href":"https:\/\/www.schuetzenbruderschaft-allagen.de\/WP_Schuetzen\/wp-json\/wp\/v2\/pages\/1003","targetHints":{"allow":["GET"]}}],"collection":[{"href":"https:\/\/www.schuetzenbruderschaft-allagen.de\/WP_Schuetzen\/wp-json\/wp\/v2\/pages"}],"about":[{"href":"https:\/\/www.schuetzenbruderschaft-allagen.de\/WP_Schuetzen\/wp-json\/wp\/v2\/types\/page"}],"author":[{"embeddable":true,"href":"https:\/\/www.schuetzenbruderschaft-allagen.de\/WP_Schuetzen\/wp-json\/wp\/v2\/users\/1"}],"replies":[{"embeddable":true,"href":"https:\/\/www.schuetzenbruderschaft-allagen.de\/WP_Schuetzen\/wp-json\/wp\/v2\/comments?post=1003"}],"version-history":[{"count":10,"href":"https:\/\/www.schuetzenbruderschaft-allagen.de\/WP_Schuetzen\/wp-json\/wp\/v2\/pages\/1003\/revisions"}],"predecessor-version":[{"id":8989,"href":"https:\/\/www.schuetzenbruderschaft-allagen.de\/WP_Schuetzen\/wp-json\/wp\/v2\/pages\/1003\/revisions\/8989"}],"wp:attachment":[{"href":"https:\/\/www.schuetzenbruderschaft-allagen.de\/WP_Schuetzen\/wp-json\/wp\/v2\/media?parent=1003"}],"curies":[{"name":"wp","href":"https:\/\/api.w.org\/{rel}","templated":true}]}}