{"id":1495,"date":"2015-04-10T22:15:59","date_gmt":"2015-04-10T20:15:59","guid":{"rendered":"http:\/\/www.schuetzenbruderschaft-allagen.de\/WP_Schuetzen\/?page_id=1495"},"modified":"2021-04-13T15:16:46","modified_gmt":"2021-04-13T13:16:46","slug":"vorstandshistorie-der-suedkompanie","status":"publish","type":"page","link":"https:\/\/www.schuetzenbruderschaft-allagen.de\/WP_Schuetzen\/vorstandshistorie-der-suedkompanie\/","title":{"rendered":"Vorstandshistorie der S\u00fcdkompanie"},"content":{"rendered":"<table style=\"width: 100%; height: 2400px;\" width=\"314\">\n<tbody>\n<tr style=\"height: 32px;\">\n<td style=\"height: 32px;\" colspan=\"2\" width=\"314\"><strong>Die Mitglieder des Vorstands der S\u00fcdkompanie seit der Gr\u00fcndung 1976<br \/>\n<\/strong><\/td>\n<\/tr>\n<tr style=\"height: 32px;\">\n<td style=\"height: 32px;\"><\/td>\n<td style=\"height: 32px;\"><\/td>\n<\/tr>\n<tr style=\"height: 32px;\">\n<td style=\"height: 32px;\"><strong>Kompanief\u00fchrer:<\/strong><\/td>\n<td style=\"height: 32px;\"><\/td>\n<\/tr>\n<tr style=\"height: 32px;\">\n<td style=\"height: 32px;\">Dieter Becksch\u00e4fer<\/td>\n<td style=\"height: 32px;\">1976 &#8211; 1985<\/td>\n<\/tr>\n<tr style=\"height: 32px;\">\n<td style=\"height: 32px;\">Rainer Kleeschulte<\/td>\n<td style=\"height: 32px;\">1986 &#8211; 1991<\/td>\n<\/tr>\n<tr style=\"height: 32px;\">\n<td style=\"height: 32px;\">Wolfgang Rusche<\/td>\n<td style=\"height: 32px;\">1991 &#8211; 1995<\/td>\n<\/tr>\n<tr style=\"height: 32px;\">\n<td style=\"height: 32px;\">Winfried Risse<\/td>\n<td style=\"height: 32px;\">1995 &#8211; 2002<\/td>\n<\/tr>\n<tr style=\"height: 32px;\">\n<td style=\"height: 32px;\">Rudolf Wick<\/td>\n<td style=\"height: 32px;\">2002 &#8211; 2006<\/td>\n<\/tr>\n<tr style=\"height: 32px;\">\n<td style=\"height: 32px;\">Alfons Roderfeld<\/td>\n<td style=\"height: 32px;\">2006 &#8211; 2014<\/td>\n<\/tr>\n<tr style=\"height: 32px;\">\n<td style=\"height: 32px;\">Tobias Piekarz<\/td>\n<td style=\"height: 32px;\">2014 &#8211; 2018<\/td>\n<\/tr>\n<tr style=\"height: 32px;\">\n<td style=\"height: 32px;\">Michael Wirth<\/td>\n<td style=\"height: 32px;\">seit 2019<\/td>\n<\/tr>\n<tr style=\"height: 32px;\">\n<td style=\"height: 32px;\"><\/td>\n<td style=\"height: 32px;\"><\/td>\n<\/tr>\n<tr style=\"height: 32px;\">\n<td style=\"height: 32px;\"><strong>Zugf\u00fchrer:<\/strong><\/td>\n<td style=\"height: 32px;\"><\/td>\n<\/tr>\n<tr style=\"height: 32px;\">\n<td style=\"height: 32px;\"><\/td>\n<td style=\"height: 32px;\"><\/td>\n<\/tr>\n<tr style=\"height: 32px;\">\n<td style=\"height: 32px;\">Josef Struchholz<\/td>\n<td style=\"height: 32px;\">1976 &#8211; 1977<\/td>\n<\/tr>\n<tr style=\"height: 32px;\">\n<td style=\"height: 32px;\">Rainer Kleeschulte<\/td>\n<td style=\"height: 32px;\">1978 &#8211; 1985<\/td>\n<\/tr>\n<tr style=\"height: 32px;\">\n<td style=\"height: 32px;\">Peter Osterhoff<\/td>\n<td style=\"height: 32px;\">1986 &#8211; 1987<\/td>\n<\/tr>\n<tr style=\"height: 32px;\">\n<td style=\"height: 32px;\">Wolfgang Rusche<\/td>\n<td style=\"height: 32px;\">1988 &#8211; 1990<\/td>\n<\/tr>\n<tr style=\"height: 32px;\">\n<td style=\"height: 32px;\">Herbert Lenze<\/td>\n<td style=\"height: 32px;\">1991 &#8211; 2000<\/td>\n<\/tr>\n<tr style=\"height: 32px;\">\n<td style=\"height: 32px;\">Rudolf Wick<\/td>\n<td style=\"height: 32px;\">2001<\/td>\n<\/tr>\n<tr style=\"height: 32px;\">\n<td style=\"height: 32px;\">Alfons Roderfeld<\/td>\n<td style=\"height: 32px;\">2002 &#8211; 2005<\/td>\n<\/tr>\n<tr style=\"height: 32px;\">\n<td style=\"height: 32px;\">Tobias Piekarz<\/td>\n<td style=\"height: 32px;\">2006 &#8211; 2014<\/td>\n<\/tr>\n<tr style=\"height: 32px;\">\n<td style=\"height: 32px;\">Gregor N\u00fcbel<\/td>\n<td style=\"height: 32px;\">seit 2015<\/td>\n<\/tr>\n<tr style=\"height: 32px;\">\n<td style=\"height: 32px;\"><\/td>\n<td style=\"height: 32px;\"><\/td>\n<\/tr>\n<tr style=\"height: 32px;\">\n<td style=\"height: 32px;\"><strong>F\u00e4hnrich:<\/strong><\/td>\n<td style=\"height: 32px;\"><\/td>\n<\/tr>\n<tr style=\"height: 32px;\">\n<td style=\"height: 32px;\"><\/td>\n<td style=\"height: 32px;\"><\/td>\n<\/tr>\n<tr style=\"height: 32px;\">\n<td style=\"height: 32px;\">Heribert Wagener<\/td>\n<td style=\"height: 32px;\">1976 &#8211; 1977<\/td>\n<\/tr>\n<tr style=\"height: 32px;\">\n<td style=\"height: 32px;\">Egbert Adrians<\/td>\n<td style=\"height: 32px;\">1978 &#8211; 1979<\/td>\n<\/tr>\n<tr style=\"height: 32px;\">\n<td style=\"height: 32px;\">Franz Gosselke<\/td>\n<td style=\"height: 32px;\">1980 &#8211; 1981<\/td>\n<\/tr>\n<tr style=\"height: 32px;\">\n<td style=\"height: 32px;\">Martin N\u00fcbel<\/td>\n<td style=\"height: 32px;\">1982 &#8211; 1985<\/td>\n<\/tr>\n<tr style=\"height: 32px;\">\n<td style=\"height: 32px;\">Michael Gosmann<\/td>\n<td style=\"height: 32px;\">1986 &#8211; 1989<\/td>\n<\/tr>\n<tr style=\"height: 32px;\">\n<td style=\"height: 32px;\">Franz-Rainer Sch\u00f6ne<\/td>\n<td style=\"height: 32px;\">1990 &#8211; 1997<\/td>\n<\/tr>\n<tr style=\"height: 32px;\">\n<td style=\"height: 32px;\">Alfons Roderfeld<\/td>\n<td style=\"height: 32px;\">1998 &#8211; 2001<\/td>\n<\/tr>\n<tr style=\"height: 32px;\">\n<td style=\"height: 32px;\">Tobias Piekarz<\/td>\n<td style=\"height: 32px;\">2002 &#8211; 2005<\/td>\n<\/tr>\n<tr style=\"height: 32px;\">\n<td style=\"height: 32px;\">Martin Kellerhoff<\/td>\n<td style=\"height: 32px;\">2006 &#8211; 2012<\/td>\n<\/tr>\n<tr style=\"height: 32px;\">\n<td style=\"height: 32px;\">Manuel Wolff<\/td>\n<td style=\"height: 32px;\">2013 &#8211; 2014<\/td>\n<\/tr>\n<tr style=\"height: 32px;\">\n<td style=\"height: 32px;\">Michael Wirth<\/td>\n<td style=\"height: 32px;\">2015 &#8211; 2018<\/td>\n<\/tr>\n<tr style=\"height: 32px;\">\n<td style=\"height: 32px;\">Miklas Wagener<\/td>\n<td style=\"height: 32px;\">seit 2019<\/td>\n<\/tr>\n<tr style=\"height: 32px;\">\n<td style=\"height: 32px;\"><\/td>\n<td style=\"height: 32px;\"><\/td>\n<\/tr>\n<tr style=\"height: 32px;\">\n<td style=\"height: 32px;\"><strong>Fahnenoffizier:<\/strong><\/td>\n<td style=\"height: 32px;\"><\/td>\n<\/tr>\n<tr style=\"height: 32px;\">\n<td style=\"height: 32px;\">Herbert Lenze<\/td>\n<td style=\"height: 32px;\">1976 &#8211; 1991<\/td>\n<\/tr>\n<tr style=\"height: 32px;\">\n<td style=\"height: 32px;\">Alfons M\u00fcnstermann<\/td>\n<td style=\"height: 32px;\">1976 &#8211; 1978<\/td>\n<\/tr>\n<tr style=\"height: 32px;\">\n<td style=\"height: 32px;\">Willi Risse<\/td>\n<td style=\"height: 32px;\">\u00a01978 &#8211; 1986<\/td>\n<\/tr>\n<tr style=\"height: 32px;\">\n<td style=\"height: 32px;\">Gino del Guidice<\/td>\n<td style=\"height: 32px;\">\u00a01986 &#8211; 1995<\/td>\n<\/tr>\n<tr style=\"height: 32px;\">\n<td style=\"height: 32px;\">Michael Gosmann<\/td>\n<td style=\"height: 32px;\">\u00a01995 &#8211; 1998<\/td>\n<\/tr>\n<tr style=\"height: 32px;\">\n<td style=\"height: 32px;\">Franz-Rainer Sch\u00f6ne<\/td>\n<td style=\"height: 32px;\">\u00a01998 &#8211; 2002<\/td>\n<\/tr>\n<tr style=\"height: 32px;\">\n<td style=\"height: 32px;\">G\u00fcnter Tschech<\/td>\n<td style=\"height: 32px;\">1991 &#8211; 2003<\/td>\n<\/tr>\n<tr style=\"height: 32px;\">\n<td style=\"height: 32px;\">J\u00fcrgen Wolff<\/td>\n<td style=\"height: 32px;\">2002 &#8211; 2017<\/td>\n<\/tr>\n<tr style=\"height: 32px;\">\n<td style=\"height: 32px;\">Martin Schulte<\/td>\n<td style=\"height: 32px;\">2003 &#8211; 2015<\/td>\n<\/tr>\n<tr style=\"height: 32px;\">\n<td style=\"height: 32px;\">Bernd Struchholz<\/td>\n<td style=\"height: 32px;\">seit 2018<\/td>\n<\/tr>\n<tr style=\"height: 32px;\">\n<td style=\"height: 32px;\">Frank Ahring<\/td>\n<td style=\"height: 32px;\">seit 2016<\/td>\n<\/tr>\n<tr style=\"height: 32px;\">\n<td style=\"height: 32px;\"><\/td>\n<td style=\"height: 32px;\"><\/td>\n<\/tr>\n<tr style=\"height: 32px;\">\n<td style=\"height: 32px;\"><strong>Ersatzoffizier:<\/strong><\/td>\n<td style=\"height: 32px;\"><\/td>\n<\/tr>\n<tr style=\"height: 32px;\">\n<td style=\"height: 32px;\">Horst Korte<\/td>\n<td style=\"height: 32px;\">1978 &#8211; 1981<\/td>\n<\/tr>\n<tr style=\"height: 32px;\">\n<td style=\"height: 32px;\">Peter Osterhoff<\/td>\n<td style=\"height: 32px;\">1982 &#8211; 1985<\/td>\n<\/tr>\n<tr style=\"height: 32px;\">\n<td style=\"height: 32px;\">Wolfgang Rusche<\/td>\n<td style=\"height: 32px;\">1986 &#8211; 1987<\/td>\n<\/tr>\n<tr style=\"height: 32px;\">\n<td style=\"height: 32px;\">Winfried Risse<\/td>\n<td style=\"height: 32px;\">\u00a01988 &#8211; 1994<\/td>\n<\/tr>\n<tr style=\"height: 32px;\">\n<td style=\"height: 32px;\">Gino del Guidice<\/td>\n<td style=\"height: 32px;\">\u00a01995 &#8211; 1995<\/td>\n<\/tr>\n<tr style=\"height: 32px;\">\n<td style=\"height: 32px;\">Rudolf Wick<\/td>\n<td style=\"height: 32px;\">\u00a01996 &#8211; 2000<\/td>\n<\/tr>\n<tr style=\"height: 32px;\">\n<td style=\"height: 32px;\">J\u00fcrgen Wolff<\/td>\n<td style=\"height: 32px;\">\u00a02001<\/td>\n<\/tr>\n<tr style=\"height: 32px;\">\n<td style=\"height: 32px;\">Martin Schulte<\/td>\n<td style=\"height: 32px;\">2002 &#8211; 2002<\/td>\n<\/tr>\n<tr style=\"height: 32px;\">\n<td style=\"height: 32px;\">Martin Wagener<\/td>\n<td style=\"height: 32px;\">2003 &#8211; 2006<\/td>\n<\/tr>\n<tr style=\"height: 32px;\">\n<td style=\"height: 32px;\">Gregor N\u00fcbel<\/td>\n<td style=\"height: 32px;\">2007 &#8211; 2013<\/td>\n<\/tr>\n<tr style=\"height: 32px;\">\n<td style=\"height: 32px;\">Daniel Salzmann<\/td>\n<td style=\"height: 32px;\">seit 2014<\/td>\n<\/tr>\n<tr style=\"height: 32px;\">\n<td style=\"height: 32px;\"><\/td>\n<td style=\"height: 32px;\"><\/td>\n<\/tr>\n<tr style=\"height: 32px;\">\n<td style=\"height: 32px;\"><\/td>\n<td style=\"height: 32px;\"><\/td>\n<\/tr>\n<tr style=\"height: 32px;\">\n<td style=\"height: 32px;\"><strong>Jugendoffizier:<\/strong><\/td>\n<td style=\"height: 32px;\"><\/td>\n<\/tr>\n<tr style=\"height: 32px;\">\n<td style=\"height: 32px;\">Manuel Wolff<\/td>\n<td style=\"height: 32px;\">2012 &#8211; 2013<\/td>\n<\/tr>\n<tr style=\"height: 32px;\">\n<td style=\"height: 32px;\">Miklas Wagener<\/td>\n<td style=\"height: 32px;\">2014 &#8211; 2018<\/td>\n<\/tr>\n<tr style=\"height: 32px;\">\n<td style=\"height: 32px;\">vakant<\/td>\n<td style=\"height: 32px;\">seit 2019<\/td>\n<\/tr>\n<tr style=\"height: 32px;\">\n<td style=\"height: 32px;\"><\/td>\n<td style=\"height: 32px;\"><\/td>\n<\/tr>\n<tr style=\"height: 32px;\">\n<td style=\"height: 32px;\"><\/td>\n<td style=\"height: 32px;\"><\/td>\n<\/tr>\n<tr style=\"height: 32px;\">\n<td style=\"height: 32px;\"><\/td>\n<td style=\"height: 32px;\"><\/td>\n<\/tr>\n<tr style=\"height: 32px;\">\n<td style=\"height: 32px;\"><\/td>\n<td style=\"height: 32px;\"><\/td>\n<\/tr>\n<tr style=\"height: 32px;\">\n<td style=\"height: 32px;\"><\/td>\n<td style=\"height: 32px;\"><\/td>\n<\/tr>\n<\/tbody>\n<\/table>\n","protected":false},"excerpt":{"rendered":"<p>Die Mitglieder des Vorstands der S\u00fcdkompanie seit der Gr\u00fcndung 1976 Kompanief\u00fchrer: Dieter Becksch\u00e4fer 1976 &#8211; 1985 Rainer Kleeschulte 1986 &#8211; 1991 Wolfgang Rusche 1991 &#8211; 1995 Winfried Risse 1995 &#8211; 2002 Rudolf Wick 2002 &#8211; 2006 Alfons Roderfeld 2006 &#8211; 2014 Tobias Piekarz 2014 &#8211; 2018 Michael Wirth seit 2019 Zugf\u00fchrer: Josef Struchholz 1976 &#8211; &hellip; <a href=\"https:\/\/www.schuetzenbruderschaft-allagen.de\/WP_Schuetzen\/vorstandshistorie-der-suedkompanie\/\" class=\"more-link\"><span class=\"screen-reader-text\">Vorstandshistorie der S\u00fcdkompanie<\/span> weiterlesen <span class=\"meta-nav\">&rarr;<\/span><\/a><\/p>\n","protected":false},"author":1,"featured_media":0,"parent":0,"menu_order":0,"comment_status":"closed","ping_status":"open","template":"","meta":{"footnotes":""},"class_list":["post-1495","page","type-page","status-publish","hentry"],"yoast_head":"<!-- This site is optimized with the Yoast SEO plugin v26.9 - https:\/\/yoast.com\/product\/yoast-seo-wordpress\/ -->\n<title>Vorstandshistorie der S\u00fcdkompanie - einfach gut...seit 1823.<\/title>\n<meta name=\"robots\" content=\"index, follow, max-snippet:-1, max-image-preview:large, max-video-preview:-1\" \/>\n<link rel=\"canonical\" href=\"https:\/\/www.schuetzenbruderschaft-allagen.de\/WP_Schuetzen\/vorstandshistorie-der-suedkompanie\/\" \/>\n<meta property=\"og:locale\" content=\"de_DE\" \/>\n<meta property=\"og:type\" content=\"article\" \/>\n<meta property=\"og:title\" content=\"Vorstandshistorie der S\u00fcdkompanie - einfach gut...seit 1823.\" \/>\n<meta property=\"og:description\" content=\"Die Mitglieder des Vorstands der S\u00fcdkompanie seit der Gr\u00fcndung 1976 Kompanief\u00fchrer: Dieter Becksch\u00e4fer 1976 &#8211; 1985 Rainer Kleeschulte 1986 &#8211; 1991 Wolfgang Rusche 1991 &#8211; 1995 Winfried Risse 1995 &#8211; 2002 Rudolf Wick 2002 &#8211; 2006 Alfons Roderfeld 2006 &#8211; 2014 Tobias Piekarz 2014 &#8211; 2018 Michael Wirth seit 2019 Zugf\u00fchrer: Josef Struchholz 1976 &#8211; &hellip; Vorstandshistorie der S\u00fcdkompanie weiterlesen &rarr;\" \/>\n<meta property=\"og:url\" content=\"https:\/\/www.schuetzenbruderschaft-allagen.de\/WP_Schuetzen\/vorstandshistorie-der-suedkompanie\/\" \/>\n<meta property=\"og:site_name\" content=\"einfach gut...seit 1823.\" \/>\n<meta property=\"article:publisher\" content=\"https:\/\/www.facebook.com\/profile.php?id=100064817075577\" \/>\n<meta property=\"article:modified_time\" content=\"2021-04-13T13:16:46+00:00\" \/>\n<meta name=\"twitter:card\" content=\"summary_large_image\" \/>\n<meta name=\"twitter:label1\" content=\"Gesch\u00e4tzte Lesezeit\" \/>\n\t<meta name=\"twitter:data1\" content=\"1\u00a0Minute\" \/>\n<script type=\"application\/ld+json\" class=\"yoast-schema-graph\">{\"@context\":\"https:\/\/schema.org\",\"@graph\":[{\"@type\":\"WebPage\",\"@id\":\"https:\/\/www.schuetzenbruderschaft-allagen.de\/WP_Schuetzen\/vorstandshistorie-der-suedkompanie\/\",\"url\":\"https:\/\/www.schuetzenbruderschaft-allagen.de\/WP_Schuetzen\/vorstandshistorie-der-suedkompanie\/\",\"name\":\"Vorstandshistorie der S\u00fcdkompanie - einfach gut...seit 1823.\",\"isPartOf\":{\"@id\":\"https:\/\/www.schuetzenbruderschaft-allagen.de\/WP_Schuetzen\/#website\"},\"datePublished\":\"2015-04-10T20:15:59+00:00\",\"dateModified\":\"2021-04-13T13:16:46+00:00\",\"breadcrumb\":{\"@id\":\"https:\/\/www.schuetzenbruderschaft-allagen.de\/WP_Schuetzen\/vorstandshistorie-der-suedkompanie\/#breadcrumb\"},\"inLanguage\":\"de\",\"potentialAction\":[{\"@type\":\"ReadAction\",\"target\":[\"https:\/\/www.schuetzenbruderschaft-allagen.de\/WP_Schuetzen\/vorstandshistorie-der-suedkompanie\/\"]}]},{\"@type\":\"BreadcrumbList\",\"@id\":\"https:\/\/www.schuetzenbruderschaft-allagen.de\/WP_Schuetzen\/vorstandshistorie-der-suedkompanie\/#breadcrumb\",\"itemListElement\":[{\"@type\":\"ListItem\",\"position\":1,\"name\":\"Home\",\"item\":\"https:\/\/www.schuetzenbruderschaft-allagen.de\/WP_Schuetzen\/\"},{\"@type\":\"ListItem\",\"position\":2,\"name\":\"Vorstandshistorie der S\u00fcdkompanie\"}]},{\"@type\":\"WebSite\",\"@id\":\"https:\/\/www.schuetzenbruderschaft-allagen.de\/WP_Schuetzen\/#website\",\"url\":\"https:\/\/www.schuetzenbruderschaft-allagen.de\/WP_Schuetzen\/\",\"name\":\"Sch\u00fctzenbruderschaft Allagen - Einfach gut...seit 1823.\",\"description\":\"St. Sebastianus Sch\u00fctzenbruderschaft 1823 Allagen e.V.\",\"publisher\":{\"@id\":\"https:\/\/www.schuetzenbruderschaft-allagen.de\/WP_Schuetzen\/#organization\"},\"potentialAction\":[{\"@type\":\"SearchAction\",\"target\":{\"@type\":\"EntryPoint\",\"urlTemplate\":\"https:\/\/www.schuetzenbruderschaft-allagen.de\/WP_Schuetzen\/?s={search_term_string}\"},\"query-input\":{\"@type\":\"PropertyValueSpecification\",\"valueRequired\":true,\"valueName\":\"search_term_string\"}}],\"inLanguage\":\"de\"},{\"@type\":\"Organization\",\"@id\":\"https:\/\/www.schuetzenbruderschaft-allagen.de\/WP_Schuetzen\/#organization\",\"name\":\"St. Sebastianus Sch\u00fctzenbruderschaft 1823 Allagen e.V.\",\"url\":\"https:\/\/www.schuetzenbruderschaft-allagen.de\/WP_Schuetzen\/\",\"logo\":{\"@type\":\"ImageObject\",\"inLanguage\":\"de\",\"@id\":\"https:\/\/www.schuetzenbruderschaft-allagen.de\/WP_Schuetzen\/#\/schema\/logo\/image\/\",\"url\":\"https:\/\/www.schuetzenbruderschaft-allagen.de\/wp-content\/uploads\/Logo_neu_Farbe.jpg\",\"contentUrl\":\"https:\/\/www.schuetzenbruderschaft-allagen.de\/wp-content\/uploads\/Logo_neu_Farbe.jpg\",\"width\":827,\"height\":1004,\"caption\":\"St. Sebastianus Sch\u00fctzenbruderschaft 1823 Allagen e.V.\"},\"image\":{\"@id\":\"https:\/\/www.schuetzenbruderschaft-allagen.de\/WP_Schuetzen\/#\/schema\/logo\/image\/\"},\"sameAs\":[\"https:\/\/www.facebook.com\/profile.php?id=100064817075577\"]}]}<\/script>\n<!-- \/ Yoast SEO plugin. -->","yoast_head_json":{"title":"Vorstandshistorie der S\u00fcdkompanie - einfach gut...seit 1823.","robots":{"index":"index","follow":"follow","max-snippet":"max-snippet:-1","max-image-preview":"max-image-preview:large","max-video-preview":"max-video-preview:-1"},"canonical":"https:\/\/www.schuetzenbruderschaft-allagen.de\/WP_Schuetzen\/vorstandshistorie-der-suedkompanie\/","og_locale":"de_DE","og_type":"article","og_title":"Vorstandshistorie der S\u00fcdkompanie - einfach gut...seit 1823.","og_description":"Die Mitglieder des Vorstands der S\u00fcdkompanie seit der Gr\u00fcndung 1976 Kompanief\u00fchrer: Dieter Becksch\u00e4fer 1976 &#8211; 1985 Rainer Kleeschulte 1986 &#8211; 1991 Wolfgang Rusche 1991 &#8211; 1995 Winfried Risse 1995 &#8211; 2002 Rudolf Wick 2002 &#8211; 2006 Alfons Roderfeld 2006 &#8211; 2014 Tobias Piekarz 2014 &#8211; 2018 Michael Wirth seit 2019 Zugf\u00fchrer: Josef Struchholz 1976 &#8211; &hellip; Vorstandshistorie der S\u00fcdkompanie weiterlesen &rarr;","og_url":"https:\/\/www.schuetzenbruderschaft-allagen.de\/WP_Schuetzen\/vorstandshistorie-der-suedkompanie\/","og_site_name":"einfach gut...seit 1823.","article_publisher":"https:\/\/www.facebook.com\/profile.php?id=100064817075577","article_modified_time":"2021-04-13T13:16:46+00:00","twitter_card":"summary_large_image","twitter_misc":{"Gesch\u00e4tzte Lesezeit":"1\u00a0Minute"},"schema":{"@context":"https:\/\/schema.org","@graph":[{"@type":"WebPage","@id":"https:\/\/www.schuetzenbruderschaft-allagen.de\/WP_Schuetzen\/vorstandshistorie-der-suedkompanie\/","url":"https:\/\/www.schuetzenbruderschaft-allagen.de\/WP_Schuetzen\/vorstandshistorie-der-suedkompanie\/","name":"Vorstandshistorie der S\u00fcdkompanie - einfach gut...seit 1823.","isPartOf":{"@id":"https:\/\/www.schuetzenbruderschaft-allagen.de\/WP_Schuetzen\/#website"},"datePublished":"2015-04-10T20:15:59+00:00","dateModified":"2021-04-13T13:16:46+00:00","breadcrumb":{"@id":"https:\/\/www.schuetzenbruderschaft-allagen.de\/WP_Schuetzen\/vorstandshistorie-der-suedkompanie\/#breadcrumb"},"inLanguage":"de","potentialAction":[{"@type":"ReadAction","target":["https:\/\/www.schuetzenbruderschaft-allagen.de\/WP_Schuetzen\/vorstandshistorie-der-suedkompanie\/"]}]},{"@type":"BreadcrumbList","@id":"https:\/\/www.schuetzenbruderschaft-allagen.de\/WP_Schuetzen\/vorstandshistorie-der-suedkompanie\/#breadcrumb","itemListElement":[{"@type":"ListItem","position":1,"name":"Home","item":"https:\/\/www.schuetzenbruderschaft-allagen.de\/WP_Schuetzen\/"},{"@type":"ListItem","position":2,"name":"Vorstandshistorie der S\u00fcdkompanie"}]},{"@type":"WebSite","@id":"https:\/\/www.schuetzenbruderschaft-allagen.de\/WP_Schuetzen\/#website","url":"https:\/\/www.schuetzenbruderschaft-allagen.de\/WP_Schuetzen\/","name":"Sch\u00fctzenbruderschaft Allagen - Einfach gut...seit 1823.","description":"St. Sebastianus Sch\u00fctzenbruderschaft 1823 Allagen e.V.","publisher":{"@id":"https:\/\/www.schuetzenbruderschaft-allagen.de\/WP_Schuetzen\/#organization"},"potentialAction":[{"@type":"SearchAction","target":{"@type":"EntryPoint","urlTemplate":"https:\/\/www.schuetzenbruderschaft-allagen.de\/WP_Schuetzen\/?s={search_term_string}"},"query-input":{"@type":"PropertyValueSpecification","valueRequired":true,"valueName":"search_term_string"}}],"inLanguage":"de"},{"@type":"Organization","@id":"https:\/\/www.schuetzenbruderschaft-allagen.de\/WP_Schuetzen\/#organization","name":"St. Sebastianus Sch\u00fctzenbruderschaft 1823 Allagen e.V.","url":"https:\/\/www.schuetzenbruderschaft-allagen.de\/WP_Schuetzen\/","logo":{"@type":"ImageObject","inLanguage":"de","@id":"https:\/\/www.schuetzenbruderschaft-allagen.de\/WP_Schuetzen\/#\/schema\/logo\/image\/","url":"https:\/\/www.schuetzenbruderschaft-allagen.de\/wp-content\/uploads\/Logo_neu_Farbe.jpg","contentUrl":"https:\/\/www.schuetzenbruderschaft-allagen.de\/wp-content\/uploads\/Logo_neu_Farbe.jpg","width":827,"height":1004,"caption":"St. Sebastianus Sch\u00fctzenbruderschaft 1823 Allagen e.V."},"image":{"@id":"https:\/\/www.schuetzenbruderschaft-allagen.de\/WP_Schuetzen\/#\/schema\/logo\/image\/"},"sameAs":["https:\/\/www.facebook.com\/profile.php?id=100064817075577"]}]}},"jetpack_sharing_enabled":true,"_links":{"self":[{"href":"https:\/\/www.schuetzenbruderschaft-allagen.de\/WP_Schuetzen\/wp-json\/wp\/v2\/pages\/1495","targetHints":{"allow":["GET"]}}],"collection":[{"href":"https:\/\/www.schuetzenbruderschaft-allagen.de\/WP_Schuetzen\/wp-json\/wp\/v2\/pages"}],"about":[{"href":"https:\/\/www.schuetzenbruderschaft-allagen.de\/WP_Schuetzen\/wp-json\/wp\/v2\/types\/page"}],"author":[{"embeddable":true,"href":"https:\/\/www.schuetzenbruderschaft-allagen.de\/WP_Schuetzen\/wp-json\/wp\/v2\/users\/1"}],"replies":[{"embeddable":true,"href":"https:\/\/www.schuetzenbruderschaft-allagen.de\/WP_Schuetzen\/wp-json\/wp\/v2\/comments?post=1495"}],"version-history":[{"count":4,"href":"https:\/\/www.schuetzenbruderschaft-allagen.de\/WP_Schuetzen\/wp-json\/wp\/v2\/pages\/1495\/revisions"}],"predecessor-version":[{"id":4976,"href":"https:\/\/www.schuetzenbruderschaft-allagen.de\/WP_Schuetzen\/wp-json\/wp\/v2\/pages\/1495\/revisions\/4976"}],"wp:attachment":[{"href":"https:\/\/www.schuetzenbruderschaft-allagen.de\/WP_Schuetzen\/wp-json\/wp\/v2\/media?parent=1495"}],"curies":[{"name":"wp","href":"https:\/\/api.w.org\/{rel}","templated":true}]}}