{"id":2299,"date":"2015-06-10T16:21:20","date_gmt":"2015-06-10T14:21:20","guid":{"rendered":"http:\/\/www.schuetzenbruderschaft-allagen.de\/WP_Schuetzen\/?page_id=2299"},"modified":"2021-04-12T20:34:01","modified_gmt":"2021-04-12T18:34:01","slug":"majestaeten","status":"publish","type":"page","link":"https:\/\/www.schuetzenbruderschaft-allagen.de\/WP_Schuetzen\/majestaeten\/","title":{"rendered":"Majest\u00e4ten"},"content":{"rendered":"<p>Was w\u00e4re ein Sch\u00fctzenfest ohne K\u00f6nigspaar? Auf diesen majest\u00e4tischen Seiten zeigen wir Ihnen viele Bilder und Informationen rund um unser amtierendes K\u00f6nigspaar und unsere ehemaligen K\u00f6nigspaare:<\/p>\n<p><a href=\"https:\/\/www.schuetzenbruderschaft-allagen.de\/WP_Schuetzen\/koenigsgalerie\/\">K\u00f6nigsgalerie<\/a><\/p>\n<p><a href=\"https:\/\/www.schuetzenbruderschaft-allagen.de\/WP_Schuetzen\/koenigsorden\/\">K\u00f6nigsorden<\/a><\/p>\n<p><a href=\"https:\/\/www.schuetzenbruderschaft-allagen.de\/WP_Schuetzen\/koeniginnen-schmuckanhaenger\/\">K\u00f6niginnen-Schmuck<\/a><\/p>\n","protected":false},"excerpt":{"rendered":"<p>Was w\u00e4re ein Sch\u00fctzenfest ohne K\u00f6nigspaar? Auf diesen majest\u00e4tischen Seiten zeigen wir Ihnen viele Bilder und Informationen rund um unser amtierendes K\u00f6nigspaar und unsere ehemaligen K\u00f6nigspaare: K\u00f6nigsgalerie K\u00f6nigsorden K\u00f6niginnen-Schmuck<\/p>\n","protected":false},"author":1,"featured_media":0,"parent":0,"menu_order":0,"comment_status":"closed","ping_status":"open","template":"","meta":{"footnotes":""},"class_list":["post-2299","page","type-page","status-publish","hentry"],"yoast_head":"<!-- This site is optimized with the Yoast SEO plugin v27.5 - https:\/\/yoast.com\/product\/yoast-seo-wordpress\/ -->\n<title>Majest\u00e4ten - einfach gut...seit 1823.<\/title>\n<meta name=\"robots\" content=\"index, follow, max-snippet:-1, max-image-preview:large, max-video-preview:-1\" \/>\n<link rel=\"canonical\" href=\"https:\/\/www.schuetzenbruderschaft-allagen.de\/WP_Schuetzen\/majestaeten\/\" \/>\n<meta property=\"og:locale\" content=\"de_DE\" \/>\n<meta property=\"og:type\" content=\"article\" \/>\n<meta property=\"og:title\" content=\"Majest\u00e4ten - einfach gut...seit 1823.\" \/>\n<meta property=\"og:description\" content=\"Was w\u00e4re ein Sch\u00fctzenfest ohne K\u00f6nigspaar? Auf diesen majest\u00e4tischen Seiten zeigen wir Ihnen viele Bilder und Informationen rund um unser amtierendes K\u00f6nigspaar und unsere ehemaligen K\u00f6nigspaare: K\u00f6nigsgalerie K\u00f6nigsorden K\u00f6niginnen-Schmuck\" \/>\n<meta property=\"og:url\" content=\"https:\/\/www.schuetzenbruderschaft-allagen.de\/WP_Schuetzen\/majestaeten\/\" \/>\n<meta property=\"og:site_name\" content=\"einfach gut...seit 1823.\" \/>\n<meta property=\"article:publisher\" content=\"https:\/\/www.facebook.com\/profile.php?id=100064817075577\" \/>\n<meta property=\"article:modified_time\" content=\"2021-04-12T18:34:01+00:00\" \/>\n<meta name=\"twitter:card\" content=\"summary_large_image\" \/>\n<meta name=\"twitter:label1\" content=\"Gesch\u00e4tzte Lesezeit\" \/>\n\t<meta name=\"twitter:data1\" content=\"1\u00a0Minute\" \/>\n<script type=\"application\/ld+json\" class=\"yoast-schema-graph\">{\"@context\":\"https:\\\/\\\/schema.org\",\"@graph\":[{\"@type\":\"WebPage\",\"@id\":\"https:\\\/\\\/www.schuetzenbruderschaft-allagen.de\\\/WP_Schuetzen\\\/majestaeten\\\/\",\"url\":\"https:\\\/\\\/www.schuetzenbruderschaft-allagen.de\\\/WP_Schuetzen\\\/majestaeten\\\/\",\"name\":\"Majest\u00e4ten - einfach gut...seit 1823.\",\"isPartOf\":{\"@id\":\"https:\\\/\\\/www.schuetzenbruderschaft-allagen.de\\\/WP_Schuetzen\\\/#website\"},\"datePublished\":\"2015-06-10T14:21:20+00:00\",\"dateModified\":\"2021-04-12T18:34:01+00:00\",\"breadcrumb\":{\"@id\":\"https:\\\/\\\/www.schuetzenbruderschaft-allagen.de\\\/WP_Schuetzen\\\/majestaeten\\\/#breadcrumb\"},\"inLanguage\":\"de\",\"potentialAction\":[{\"@type\":\"ReadAction\",\"target\":[\"https:\\\/\\\/www.schuetzenbruderschaft-allagen.de\\\/WP_Schuetzen\\\/majestaeten\\\/\"]}]},{\"@type\":\"BreadcrumbList\",\"@id\":\"https:\\\/\\\/www.schuetzenbruderschaft-allagen.de\\\/WP_Schuetzen\\\/majestaeten\\\/#breadcrumb\",\"itemListElement\":[{\"@type\":\"ListItem\",\"position\":1,\"name\":\"Home\",\"item\":\"https:\\\/\\\/www.schuetzenbruderschaft-allagen.de\\\/WP_Schuetzen\\\/\"},{\"@type\":\"ListItem\",\"position\":2,\"name\":\"Majest\u00e4ten\"}]},{\"@type\":\"WebSite\",\"@id\":\"https:\\\/\\\/www.schuetzenbruderschaft-allagen.de\\\/WP_Schuetzen\\\/#website\",\"url\":\"https:\\\/\\\/www.schuetzenbruderschaft-allagen.de\\\/WP_Schuetzen\\\/\",\"name\":\"Sch\u00fctzenbruderschaft Allagen - Einfach gut...seit 1823.\",\"description\":\"St. Sebastianus Sch\u00fctzenbruderschaft 1823 Allagen e.V.\",\"publisher\":{\"@id\":\"https:\\\/\\\/www.schuetzenbruderschaft-allagen.de\\\/WP_Schuetzen\\\/#organization\"},\"potentialAction\":[{\"@type\":\"SearchAction\",\"target\":{\"@type\":\"EntryPoint\",\"urlTemplate\":\"https:\\\/\\\/www.schuetzenbruderschaft-allagen.de\\\/WP_Schuetzen\\\/?s={search_term_string}\"},\"query-input\":{\"@type\":\"PropertyValueSpecification\",\"valueRequired\":true,\"valueName\":\"search_term_string\"}}],\"inLanguage\":\"de\"},{\"@type\":\"Organization\",\"@id\":\"https:\\\/\\\/www.schuetzenbruderschaft-allagen.de\\\/WP_Schuetzen\\\/#organization\",\"name\":\"St. Sebastianus Sch\u00fctzenbruderschaft 1823 Allagen e.V.\",\"url\":\"https:\\\/\\\/www.schuetzenbruderschaft-allagen.de\\\/WP_Schuetzen\\\/\",\"logo\":{\"@type\":\"ImageObject\",\"inLanguage\":\"de\",\"@id\":\"https:\\\/\\\/www.schuetzenbruderschaft-allagen.de\\\/WP_Schuetzen\\\/#\\\/schema\\\/logo\\\/image\\\/\",\"url\":\"https:\\\/\\\/www.schuetzenbruderschaft-allagen.de\\\/wp-content\\\/uploads\\\/Logo_neu_Farbe.jpg\",\"contentUrl\":\"https:\\\/\\\/www.schuetzenbruderschaft-allagen.de\\\/wp-content\\\/uploads\\\/Logo_neu_Farbe.jpg\",\"width\":827,\"height\":1004,\"caption\":\"St. Sebastianus Sch\u00fctzenbruderschaft 1823 Allagen e.V.\"},\"image\":{\"@id\":\"https:\\\/\\\/www.schuetzenbruderschaft-allagen.de\\\/WP_Schuetzen\\\/#\\\/schema\\\/logo\\\/image\\\/\"},\"sameAs\":[\"https:\\\/\\\/www.facebook.com\\\/profile.php?id=100064817075577\"]}]}<\/script>\n<!-- \/ Yoast SEO plugin. -->","yoast_head_json":{"title":"Majest\u00e4ten - einfach gut...seit 1823.","robots":{"index":"index","follow":"follow","max-snippet":"max-snippet:-1","max-image-preview":"max-image-preview:large","max-video-preview":"max-video-preview:-1"},"canonical":"https:\/\/www.schuetzenbruderschaft-allagen.de\/WP_Schuetzen\/majestaeten\/","og_locale":"de_DE","og_type":"article","og_title":"Majest\u00e4ten - einfach gut...seit 1823.","og_description":"Was w\u00e4re ein Sch\u00fctzenfest ohne K\u00f6nigspaar? Auf diesen majest\u00e4tischen Seiten zeigen wir Ihnen viele Bilder und Informationen rund um unser amtierendes K\u00f6nigspaar und unsere ehemaligen K\u00f6nigspaare: K\u00f6nigsgalerie K\u00f6nigsorden K\u00f6niginnen-Schmuck","og_url":"https:\/\/www.schuetzenbruderschaft-allagen.de\/WP_Schuetzen\/majestaeten\/","og_site_name":"einfach gut...seit 1823.","article_publisher":"https:\/\/www.facebook.com\/profile.php?id=100064817075577","article_modified_time":"2021-04-12T18:34:01+00:00","twitter_card":"summary_large_image","twitter_misc":{"Gesch\u00e4tzte Lesezeit":"1\u00a0Minute"},"schema":{"@context":"https:\/\/schema.org","@graph":[{"@type":"WebPage","@id":"https:\/\/www.schuetzenbruderschaft-allagen.de\/WP_Schuetzen\/majestaeten\/","url":"https:\/\/www.schuetzenbruderschaft-allagen.de\/WP_Schuetzen\/majestaeten\/","name":"Majest\u00e4ten - einfach gut...seit 1823.","isPartOf":{"@id":"https:\/\/www.schuetzenbruderschaft-allagen.de\/WP_Schuetzen\/#website"},"datePublished":"2015-06-10T14:21:20+00:00","dateModified":"2021-04-12T18:34:01+00:00","breadcrumb":{"@id":"https:\/\/www.schuetzenbruderschaft-allagen.de\/WP_Schuetzen\/majestaeten\/#breadcrumb"},"inLanguage":"de","potentialAction":[{"@type":"ReadAction","target":["https:\/\/www.schuetzenbruderschaft-allagen.de\/WP_Schuetzen\/majestaeten\/"]}]},{"@type":"BreadcrumbList","@id":"https:\/\/www.schuetzenbruderschaft-allagen.de\/WP_Schuetzen\/majestaeten\/#breadcrumb","itemListElement":[{"@type":"ListItem","position":1,"name":"Home","item":"https:\/\/www.schuetzenbruderschaft-allagen.de\/WP_Schuetzen\/"},{"@type":"ListItem","position":2,"name":"Majest\u00e4ten"}]},{"@type":"WebSite","@id":"https:\/\/www.schuetzenbruderschaft-allagen.de\/WP_Schuetzen\/#website","url":"https:\/\/www.schuetzenbruderschaft-allagen.de\/WP_Schuetzen\/","name":"Sch\u00fctzenbruderschaft Allagen - Einfach gut...seit 1823.","description":"St. Sebastianus Sch\u00fctzenbruderschaft 1823 Allagen e.V.","publisher":{"@id":"https:\/\/www.schuetzenbruderschaft-allagen.de\/WP_Schuetzen\/#organization"},"potentialAction":[{"@type":"SearchAction","target":{"@type":"EntryPoint","urlTemplate":"https:\/\/www.schuetzenbruderschaft-allagen.de\/WP_Schuetzen\/?s={search_term_string}"},"query-input":{"@type":"PropertyValueSpecification","valueRequired":true,"valueName":"search_term_string"}}],"inLanguage":"de"},{"@type":"Organization","@id":"https:\/\/www.schuetzenbruderschaft-allagen.de\/WP_Schuetzen\/#organization","name":"St. Sebastianus Sch\u00fctzenbruderschaft 1823 Allagen e.V.","url":"https:\/\/www.schuetzenbruderschaft-allagen.de\/WP_Schuetzen\/","logo":{"@type":"ImageObject","inLanguage":"de","@id":"https:\/\/www.schuetzenbruderschaft-allagen.de\/WP_Schuetzen\/#\/schema\/logo\/image\/","url":"https:\/\/www.schuetzenbruderschaft-allagen.de\/wp-content\/uploads\/Logo_neu_Farbe.jpg","contentUrl":"https:\/\/www.schuetzenbruderschaft-allagen.de\/wp-content\/uploads\/Logo_neu_Farbe.jpg","width":827,"height":1004,"caption":"St. Sebastianus Sch\u00fctzenbruderschaft 1823 Allagen e.V."},"image":{"@id":"https:\/\/www.schuetzenbruderschaft-allagen.de\/WP_Schuetzen\/#\/schema\/logo\/image\/"},"sameAs":["https:\/\/www.facebook.com\/profile.php?id=100064817075577"]}]}},"jetpack_sharing_enabled":true,"_links":{"self":[{"href":"https:\/\/www.schuetzenbruderschaft-allagen.de\/WP_Schuetzen\/wp-json\/wp\/v2\/pages\/2299","targetHints":{"allow":["GET"]}}],"collection":[{"href":"https:\/\/www.schuetzenbruderschaft-allagen.de\/WP_Schuetzen\/wp-json\/wp\/v2\/pages"}],"about":[{"href":"https:\/\/www.schuetzenbruderschaft-allagen.de\/WP_Schuetzen\/wp-json\/wp\/v2\/types\/page"}],"author":[{"embeddable":true,"href":"https:\/\/www.schuetzenbruderschaft-allagen.de\/WP_Schuetzen\/wp-json\/wp\/v2\/users\/1"}],"replies":[{"embeddable":true,"href":"https:\/\/www.schuetzenbruderschaft-allagen.de\/WP_Schuetzen\/wp-json\/wp\/v2\/comments?post=2299"}],"version-history":[{"count":7,"href":"https:\/\/www.schuetzenbruderschaft-allagen.de\/WP_Schuetzen\/wp-json\/wp\/v2\/pages\/2299\/revisions"}],"predecessor-version":[{"id":4891,"href":"https:\/\/www.schuetzenbruderschaft-allagen.de\/WP_Schuetzen\/wp-json\/wp\/v2\/pages\/2299\/revisions\/4891"}],"wp:attachment":[{"href":"https:\/\/www.schuetzenbruderschaft-allagen.de\/WP_Schuetzen\/wp-json\/wp\/v2\/media?parent=2299"}],"curies":[{"name":"wp","href":"https:\/\/api.w.org\/{rel}","templated":true}]}}