{"id":3909,"date":"2018-01-30T17:52:41","date_gmt":"2018-01-30T16:52:41","guid":{"rendered":"http:\/\/www.schuetzenbruderschaft-allagen.de\/WP_Schuetzen\/?page_id=3909"},"modified":"2023-12-01T13:21:20","modified_gmt":"2023-12-01T12:21:20","slug":"ferienlager","status":"publish","type":"page","link":"https:\/\/www.schuetzenbruderschaft-allagen.de\/WP_Schuetzen\/ferienlager\/","title":{"rendered":"Ferienlager"},"content":{"rendered":"<h3>Ferienlager in Allagen<\/h3>\n<p>Ihr sucht eine Unterkunft f\u00fcr Ihr Ferienlager im Sauerland in NRW? Dann kommt gerne zu uns ins M\u00f6hnetal, dem Tor zum Sauerland. Unsere M\u00f6hnetalhalle ist bestens f\u00fcr Ferienlager geeignet!<\/p>\n<p><a href=\"https:\/\/www.schuetzenbruderschaft-allagen.de\/wp-content\/uploads\/Moehnetalhalle_2.jpg\" rel=\"lightbox[3909]\"><img fetchpriority=\"high\" decoding=\"async\" class=\"alignnone wp-image-3558 size-large\" src=\"https:\/\/www.schuetzenbruderschaft-allagen.de\/wp-content\/uploads\/Moehnetalhalle_2-1024x740.jpg\" alt=\"\" width=\"474\" height=\"343\" srcset=\"https:\/\/www.schuetzenbruderschaft-allagen.de\/wp-content\/uploads\/Moehnetalhalle_2-1024x740.jpg 1024w, https:\/\/www.schuetzenbruderschaft-allagen.de\/wp-content\/uploads\/Moehnetalhalle_2-150x108.jpg 150w, https:\/\/www.schuetzenbruderschaft-allagen.de\/wp-content\/uploads\/Moehnetalhalle_2-300x217.jpg 300w, https:\/\/www.schuetzenbruderschaft-allagen.de\/wp-content\/uploads\/Moehnetalhalle_2-768x555.jpg 768w, https:\/\/www.schuetzenbruderschaft-allagen.de\/wp-content\/uploads\/Moehnetalhalle_2.jpg 1063w\" sizes=\"(max-width: 474px) 100vw, 474px\" \/><\/a><\/p>\n<p>Zwischen Soest und Warstein, also direkt am Rande des Sauerlands liegt unsere sch\u00f6ne Ortschaft Allagen. N\u00f6rdlich die Felder der Soester B\u00f6rde, s\u00fcdlich der Naturpark Arnsberger Wald. Und um uns herum viele Ausflugsziele und Sehensw\u00fcrdigkeiten:<\/p>\n<ul>\n<li><a href=\"http:\/\/www.moehnesee.de\/touristikstart\/\">Der M\u00f6hnesee<\/a> (knapp 6 km entfernt, auch zu Fu\u00df \u00fcber Wanderwege erreichbar)<\/li>\n<li><a href=\"http:\/\/wildpark-voellinghausen.de\/\">Wildpark V\u00f6llinghausen<\/a> (am M\u00f6hnesee, ca. 7km entfernt)<\/li>\n<li><a href=\"http:\/\/bilsteintal.de\/\">Das Bilsteintal<\/a> zwischen Warstein und Hirschberg mit Wildpark und Tropfsteinh\u00f6hle (ca. 13 km entfernt)<\/li>\n<li><a href=\"https:\/\/fortfun.de\/\">Freizeitpark Fort Fun Abenteuerland<\/a> (ca. 40 km entfernt)<\/li>\n<li>Die <a href=\"http:\/\/www.wms-soest.de\/tourismus\/tourist-information\/\">Hansestadt Soest<\/a> mit ihrer wundersch\u00f6nen Altstadt (ca. 16 km entfernt)<\/li>\n<li>und nicht zu vergessen: den <a href=\"http:\/\/www.naturpark-arnsberger-wald.de\/startseite\/\">Naturpark Arnsberger Wald<\/a> direkt vor der Haust\u00fcr&#8230;<\/li>\n<\/ul>\n<p>und vieles, vieles mehr! Sehensw\u00fcrdigkeiten im Stadtgebiet Warstein sind hier auf der <a href=\"http:\/\/www.warstein.de\/tourismus\/ausflugsziele.html\">Homepage der Stadt Warstein<\/a> zu finden.<\/p>\n<p>Bereits seit Jahrzehnten wird unsere Sch\u00fctzenhalle mit immer gr\u00f6\u00dfer werdenden Beliebtheit f\u00fcr Ferienlager aus nah und fern genutzt.<br \/>\nDie wichtigsten Informationen im \u00dcberblick:<\/p>\n<p><strong>Die M\u00f6hnetalhalle:<\/strong><\/p>\n<ul>\n<li>Ein gro\u00dfer Hallenraum, auf Wunsch durch Trennwand teilbar<\/li>\n<li>gro\u00dfe B\u00fchne mit ger\u00e4umigem Nebenraum<\/li>\n<li>je ein gro\u00dfer und ein kleiner Thekenbereich (ideal f\u00fcr &#8222;Kofferecken&#8220;)<\/li>\n<li>Garderobenraum mit Ausgabetheke<\/li>\n<li>moderne, gro\u00dfz\u00fcgige K\u00fcche mit Industrie-Sp\u00fclmaschine, vielen Koch-, Brat- und Frittierm\u00f6glichkeiten, je ein gro\u00dfer und ein kleiner K\u00fchlraum, K\u00fchltruhe, Dunstabzug&#8230;<\/li>\n<li>Speisesaal direkt neben der K\u00fcche (mit Durchreiche)<\/li>\n<li>Sanit\u00e4re Anlagen im hinteren Hallenbereich (mit Duschraum) und im Kellergeschoss<\/li>\n<li>gro\u00dfz\u00fcgiger Platz (gepflastert) vor und neben der Sch\u00fctzenhalle<\/li>\n<\/ul>\n<p><a href=\"https:\/\/www.schuetzenbruderschaft-allagen.de\/WP_Schuetzen\/moehnetalhalle\/\">Hier findet ihr Fotos und einen virtuellen Rundgang durch unsere Sch\u00fctzenhalle, <\/a>sowie die Grundrisse f\u00fcr das <a href=\"https:\/\/www.schuetzenbruderschaft-allagen.de\/wp-content\/uploads\/Erdgeschoss_2023.jpg\" rel=\"lightbox[3909]\">Erdgeschoss<\/a> und das <a href=\"https:\/\/www.schuetzenbruderschaft-allagen.de\/wp-content\/uploads\/Untergeschoss_2023.jpg\" rel=\"lightbox[3909]\">Untergeschoss<\/a>.<\/p>\n<p><strong>Einkaufsm\u00f6glichkeiten:<\/strong><\/p>\n<p>Die wichtigsten Einkaufsm\u00f6glichkeiten f\u00fcr Ferienlager findet Ihr in unserem Nachbarort Sichtigvor, ca. 2,5 km von unserer Sch\u00fctzenhalle entfernt. Dort findet Ihr z.B.:<\/p>\n<ul>\n<li>Aldi,<\/li>\n<li>Lidl,<\/li>\n<li>Rewe &#8211; Ihr Kaufpark mit Getr\u00e4nkemarkt<\/li>\n<li>M\u00fcller Drogeriemarkt<\/li>\n<li>Geldautomaten, Gastronomien, Schnellimbisse und vieles mehr.<\/li>\n<\/ul>\n<p><strong>Kosten:<\/strong><\/p>\n<p>Wir vermieten unsere M\u00f6hnetalhalle an Ferienlager f\u00fcr z.Zt. 2,00 \u20ac pro Person und Tag, mindestens jedoch 100,00 \u20ac pro Tag.<\/p>\n<p>Die M\u00fcllentsorgung erfolgt \u00fcber den Mieter. Wir helfen nat\u00fcrlich\u00a0 gerne bei der Bestellung eines M\u00fcllcontainers weiter.<\/p>\n<p>Sollten Sie weitere Fragen oder Interesse an unserer Sch\u00fctzenhalle haben, freuen wir uns auf Ihre Anfrage bei unserem Schriftf\u00fchrer Burkhard Keseberg unter:<br \/>\nschriftfuehrer@schuetzen-allagen.de<br \/>\n0151 251 146 64<\/p>\n<p>Bitte beachten Sie, dass wir j\u00e4hrlich an dem Wochenende des 2. Sonntags im Juli unser gro\u00dfes Sch\u00fctzenfest feiern und daher jeweils ein Woche zuvor und danach die Sch\u00fctzenhalle nicht vermieten k\u00f6nnen.<br \/>\nEin Zeltplatz in direkter N\u00e4he zur Halle steht leider nicht zur Verf\u00fcgung.<\/p>\n","protected":false},"excerpt":{"rendered":"<p>Ferienlager in Allagen Ihr sucht eine Unterkunft f\u00fcr Ihr Ferienlager im Sauerland in NRW? Dann kommt gerne zu uns ins M\u00f6hnetal, dem Tor zum Sauerland. Unsere M\u00f6hnetalhalle ist bestens f\u00fcr Ferienlager geeignet! Zwischen Soest und Warstein, also direkt am Rande des Sauerlands liegt unsere sch\u00f6ne Ortschaft Allagen. N\u00f6rdlich die Felder der Soester B\u00f6rde, s\u00fcdlich der &hellip; <a href=\"https:\/\/www.schuetzenbruderschaft-allagen.de\/WP_Schuetzen\/ferienlager\/\" class=\"more-link\"><span class=\"screen-reader-text\">Ferienlager<\/span> weiterlesen <span class=\"meta-nav\">&rarr;<\/span><\/a><\/p>\n","protected":false},"author":1,"featured_media":0,"parent":0,"menu_order":0,"comment_status":"closed","ping_status":"closed","template":"","meta":{"footnotes":""},"class_list":["post-3909","page","type-page","status-publish","hentry"],"yoast_head":"<!-- This site is optimized with the Yoast SEO plugin v26.9 - https:\/\/yoast.com\/product\/yoast-seo-wordpress\/ -->\n<title>Ferienlager - einfach gut...seit 1823.<\/title>\n<meta name=\"robots\" content=\"index, follow, max-snippet:-1, max-image-preview:large, max-video-preview:-1\" \/>\n<link rel=\"canonical\" href=\"https:\/\/www.schuetzenbruderschaft-allagen.de\/WP_Schuetzen\/ferienlager\/\" \/>\n<meta property=\"og:locale\" content=\"de_DE\" \/>\n<meta property=\"og:type\" content=\"article\" \/>\n<meta property=\"og:title\" content=\"Ferienlager - einfach gut...seit 1823.\" \/>\n<meta property=\"og:description\" content=\"Ferienlager in Allagen Ihr sucht eine Unterkunft f\u00fcr Ihr Ferienlager im Sauerland in NRW? Dann kommt gerne zu uns ins M\u00f6hnetal, dem Tor zum Sauerland. Unsere M\u00f6hnetalhalle ist bestens f\u00fcr Ferienlager geeignet! Zwischen Soest und Warstein, also direkt am Rande des Sauerlands liegt unsere sch\u00f6ne Ortschaft Allagen. N\u00f6rdlich die Felder der Soester B\u00f6rde, s\u00fcdlich der &hellip; Ferienlager weiterlesen &rarr;\" \/>\n<meta property=\"og:url\" content=\"https:\/\/www.schuetzenbruderschaft-allagen.de\/WP_Schuetzen\/ferienlager\/\" \/>\n<meta property=\"og:site_name\" content=\"einfach gut...seit 1823.\" \/>\n<meta property=\"article:publisher\" content=\"https:\/\/www.facebook.com\/profile.php?id=100064817075577\" \/>\n<meta property=\"article:modified_time\" content=\"2023-12-01T12:21:20+00:00\" \/>\n<meta property=\"og:image\" content=\"https:\/\/www.schuetzenbruderschaft-allagen.de\/wp-content\/uploads\/Moehnetalhalle_2-1024x740.jpg\" \/>\n<meta name=\"twitter:card\" content=\"summary_large_image\" \/>\n<meta name=\"twitter:label1\" content=\"Gesch\u00e4tzte Lesezeit\" \/>\n\t<meta name=\"twitter:data1\" content=\"3\u00a0Minuten\" \/>\n<script type=\"application\/ld+json\" class=\"yoast-schema-graph\">{\"@context\":\"https:\/\/schema.org\",\"@graph\":[{\"@type\":\"WebPage\",\"@id\":\"https:\/\/www.schuetzenbruderschaft-allagen.de\/WP_Schuetzen\/ferienlager\/\",\"url\":\"https:\/\/www.schuetzenbruderschaft-allagen.de\/WP_Schuetzen\/ferienlager\/\",\"name\":\"Ferienlager - einfach gut...seit 1823.\",\"isPartOf\":{\"@id\":\"https:\/\/www.schuetzenbruderschaft-allagen.de\/WP_Schuetzen\/#website\"},\"primaryImageOfPage\":{\"@id\":\"https:\/\/www.schuetzenbruderschaft-allagen.de\/WP_Schuetzen\/ferienlager\/#primaryimage\"},\"image\":{\"@id\":\"https:\/\/www.schuetzenbruderschaft-allagen.de\/WP_Schuetzen\/ferienlager\/#primaryimage\"},\"thumbnailUrl\":\"https:\/\/www.schuetzenbruderschaft-allagen.de\/wp-content\/uploads\/Moehnetalhalle_2-1024x740.jpg\",\"datePublished\":\"2018-01-30T16:52:41+00:00\",\"dateModified\":\"2023-12-01T12:21:20+00:00\",\"breadcrumb\":{\"@id\":\"https:\/\/www.schuetzenbruderschaft-allagen.de\/WP_Schuetzen\/ferienlager\/#breadcrumb\"},\"inLanguage\":\"de\",\"potentialAction\":[{\"@type\":\"ReadAction\",\"target\":[\"https:\/\/www.schuetzenbruderschaft-allagen.de\/WP_Schuetzen\/ferienlager\/\"]}]},{\"@type\":\"ImageObject\",\"inLanguage\":\"de\",\"@id\":\"https:\/\/www.schuetzenbruderschaft-allagen.de\/WP_Schuetzen\/ferienlager\/#primaryimage\",\"url\":\"https:\/\/www.schuetzenbruderschaft-allagen.de\/wp-content\/uploads\/Moehnetalhalle_2-1024x740.jpg\",\"contentUrl\":\"https:\/\/www.schuetzenbruderschaft-allagen.de\/wp-content\/uploads\/Moehnetalhalle_2-1024x740.jpg\"},{\"@type\":\"BreadcrumbList\",\"@id\":\"https:\/\/www.schuetzenbruderschaft-allagen.de\/WP_Schuetzen\/ferienlager\/#breadcrumb\",\"itemListElement\":[{\"@type\":\"ListItem\",\"position\":1,\"name\":\"Home\",\"item\":\"https:\/\/www.schuetzenbruderschaft-allagen.de\/WP_Schuetzen\/\"},{\"@type\":\"ListItem\",\"position\":2,\"name\":\"Ferienlager\"}]},{\"@type\":\"WebSite\",\"@id\":\"https:\/\/www.schuetzenbruderschaft-allagen.de\/WP_Schuetzen\/#website\",\"url\":\"https:\/\/www.schuetzenbruderschaft-allagen.de\/WP_Schuetzen\/\",\"name\":\"Sch\u00fctzenbruderschaft Allagen - Einfach gut...seit 1823.\",\"description\":\"St. Sebastianus Sch\u00fctzenbruderschaft 1823 Allagen e.V.\",\"publisher\":{\"@id\":\"https:\/\/www.schuetzenbruderschaft-allagen.de\/WP_Schuetzen\/#organization\"},\"potentialAction\":[{\"@type\":\"SearchAction\",\"target\":{\"@type\":\"EntryPoint\",\"urlTemplate\":\"https:\/\/www.schuetzenbruderschaft-allagen.de\/WP_Schuetzen\/?s={search_term_string}\"},\"query-input\":{\"@type\":\"PropertyValueSpecification\",\"valueRequired\":true,\"valueName\":\"search_term_string\"}}],\"inLanguage\":\"de\"},{\"@type\":\"Organization\",\"@id\":\"https:\/\/www.schuetzenbruderschaft-allagen.de\/WP_Schuetzen\/#organization\",\"name\":\"St. Sebastianus Sch\u00fctzenbruderschaft 1823 Allagen e.V.\",\"url\":\"https:\/\/www.schuetzenbruderschaft-allagen.de\/WP_Schuetzen\/\",\"logo\":{\"@type\":\"ImageObject\",\"inLanguage\":\"de\",\"@id\":\"https:\/\/www.schuetzenbruderschaft-allagen.de\/WP_Schuetzen\/#\/schema\/logo\/image\/\",\"url\":\"https:\/\/www.schuetzenbruderschaft-allagen.de\/wp-content\/uploads\/Logo_neu_Farbe.jpg\",\"contentUrl\":\"https:\/\/www.schuetzenbruderschaft-allagen.de\/wp-content\/uploads\/Logo_neu_Farbe.jpg\",\"width\":827,\"height\":1004,\"caption\":\"St. Sebastianus Sch\u00fctzenbruderschaft 1823 Allagen e.V.\"},\"image\":{\"@id\":\"https:\/\/www.schuetzenbruderschaft-allagen.de\/WP_Schuetzen\/#\/schema\/logo\/image\/\"},\"sameAs\":[\"https:\/\/www.facebook.com\/profile.php?id=100064817075577\"]}]}<\/script>\n<!-- \/ Yoast SEO plugin. -->","yoast_head_json":{"title":"Ferienlager - einfach gut...seit 1823.","robots":{"index":"index","follow":"follow","max-snippet":"max-snippet:-1","max-image-preview":"max-image-preview:large","max-video-preview":"max-video-preview:-1"},"canonical":"https:\/\/www.schuetzenbruderschaft-allagen.de\/WP_Schuetzen\/ferienlager\/","og_locale":"de_DE","og_type":"article","og_title":"Ferienlager - einfach gut...seit 1823.","og_description":"Ferienlager in Allagen Ihr sucht eine Unterkunft f\u00fcr Ihr Ferienlager im Sauerland in NRW? Dann kommt gerne zu uns ins M\u00f6hnetal, dem Tor zum Sauerland. Unsere M\u00f6hnetalhalle ist bestens f\u00fcr Ferienlager geeignet! Zwischen Soest und Warstein, also direkt am Rande des Sauerlands liegt unsere sch\u00f6ne Ortschaft Allagen. N\u00f6rdlich die Felder der Soester B\u00f6rde, s\u00fcdlich der &hellip; Ferienlager weiterlesen &rarr;","og_url":"https:\/\/www.schuetzenbruderschaft-allagen.de\/WP_Schuetzen\/ferienlager\/","og_site_name":"einfach gut...seit 1823.","article_publisher":"https:\/\/www.facebook.com\/profile.php?id=100064817075577","article_modified_time":"2023-12-01T12:21:20+00:00","og_image":[{"url":"https:\/\/www.schuetzenbruderschaft-allagen.de\/wp-content\/uploads\/Moehnetalhalle_2-1024x740.jpg","type":"","width":"","height":""}],"twitter_card":"summary_large_image","twitter_misc":{"Gesch\u00e4tzte Lesezeit":"3\u00a0Minuten"},"schema":{"@context":"https:\/\/schema.org","@graph":[{"@type":"WebPage","@id":"https:\/\/www.schuetzenbruderschaft-allagen.de\/WP_Schuetzen\/ferienlager\/","url":"https:\/\/www.schuetzenbruderschaft-allagen.de\/WP_Schuetzen\/ferienlager\/","name":"Ferienlager - einfach gut...seit 1823.","isPartOf":{"@id":"https:\/\/www.schuetzenbruderschaft-allagen.de\/WP_Schuetzen\/#website"},"primaryImageOfPage":{"@id":"https:\/\/www.schuetzenbruderschaft-allagen.de\/WP_Schuetzen\/ferienlager\/#primaryimage"},"image":{"@id":"https:\/\/www.schuetzenbruderschaft-allagen.de\/WP_Schuetzen\/ferienlager\/#primaryimage"},"thumbnailUrl":"https:\/\/www.schuetzenbruderschaft-allagen.de\/wp-content\/uploads\/Moehnetalhalle_2-1024x740.jpg","datePublished":"2018-01-30T16:52:41+00:00","dateModified":"2023-12-01T12:21:20+00:00","breadcrumb":{"@id":"https:\/\/www.schuetzenbruderschaft-allagen.de\/WP_Schuetzen\/ferienlager\/#breadcrumb"},"inLanguage":"de","potentialAction":[{"@type":"ReadAction","target":["https:\/\/www.schuetzenbruderschaft-allagen.de\/WP_Schuetzen\/ferienlager\/"]}]},{"@type":"ImageObject","inLanguage":"de","@id":"https:\/\/www.schuetzenbruderschaft-allagen.de\/WP_Schuetzen\/ferienlager\/#primaryimage","url":"https:\/\/www.schuetzenbruderschaft-allagen.de\/wp-content\/uploads\/Moehnetalhalle_2-1024x740.jpg","contentUrl":"https:\/\/www.schuetzenbruderschaft-allagen.de\/wp-content\/uploads\/Moehnetalhalle_2-1024x740.jpg"},{"@type":"BreadcrumbList","@id":"https:\/\/www.schuetzenbruderschaft-allagen.de\/WP_Schuetzen\/ferienlager\/#breadcrumb","itemListElement":[{"@type":"ListItem","position":1,"name":"Home","item":"https:\/\/www.schuetzenbruderschaft-allagen.de\/WP_Schuetzen\/"},{"@type":"ListItem","position":2,"name":"Ferienlager"}]},{"@type":"WebSite","@id":"https:\/\/www.schuetzenbruderschaft-allagen.de\/WP_Schuetzen\/#website","url":"https:\/\/www.schuetzenbruderschaft-allagen.de\/WP_Schuetzen\/","name":"Sch\u00fctzenbruderschaft Allagen - Einfach gut...seit 1823.","description":"St. Sebastianus Sch\u00fctzenbruderschaft 1823 Allagen e.V.","publisher":{"@id":"https:\/\/www.schuetzenbruderschaft-allagen.de\/WP_Schuetzen\/#organization"},"potentialAction":[{"@type":"SearchAction","target":{"@type":"EntryPoint","urlTemplate":"https:\/\/www.schuetzenbruderschaft-allagen.de\/WP_Schuetzen\/?s={search_term_string}"},"query-input":{"@type":"PropertyValueSpecification","valueRequired":true,"valueName":"search_term_string"}}],"inLanguage":"de"},{"@type":"Organization","@id":"https:\/\/www.schuetzenbruderschaft-allagen.de\/WP_Schuetzen\/#organization","name":"St. Sebastianus Sch\u00fctzenbruderschaft 1823 Allagen e.V.","url":"https:\/\/www.schuetzenbruderschaft-allagen.de\/WP_Schuetzen\/","logo":{"@type":"ImageObject","inLanguage":"de","@id":"https:\/\/www.schuetzenbruderschaft-allagen.de\/WP_Schuetzen\/#\/schema\/logo\/image\/","url":"https:\/\/www.schuetzenbruderschaft-allagen.de\/wp-content\/uploads\/Logo_neu_Farbe.jpg","contentUrl":"https:\/\/www.schuetzenbruderschaft-allagen.de\/wp-content\/uploads\/Logo_neu_Farbe.jpg","width":827,"height":1004,"caption":"St. Sebastianus Sch\u00fctzenbruderschaft 1823 Allagen e.V."},"image":{"@id":"https:\/\/www.schuetzenbruderschaft-allagen.de\/WP_Schuetzen\/#\/schema\/logo\/image\/"},"sameAs":["https:\/\/www.facebook.com\/profile.php?id=100064817075577"]}]}},"jetpack_sharing_enabled":true,"_links":{"self":[{"href":"https:\/\/www.schuetzenbruderschaft-allagen.de\/WP_Schuetzen\/wp-json\/wp\/v2\/pages\/3909","targetHints":{"allow":["GET"]}}],"collection":[{"href":"https:\/\/www.schuetzenbruderschaft-allagen.de\/WP_Schuetzen\/wp-json\/wp\/v2\/pages"}],"about":[{"href":"https:\/\/www.schuetzenbruderschaft-allagen.de\/WP_Schuetzen\/wp-json\/wp\/v2\/types\/page"}],"author":[{"embeddable":true,"href":"https:\/\/www.schuetzenbruderschaft-allagen.de\/WP_Schuetzen\/wp-json\/wp\/v2\/users\/1"}],"replies":[{"embeddable":true,"href":"https:\/\/www.schuetzenbruderschaft-allagen.de\/WP_Schuetzen\/wp-json\/wp\/v2\/comments?post=3909"}],"version-history":[{"count":9,"href":"https:\/\/www.schuetzenbruderschaft-allagen.de\/WP_Schuetzen\/wp-json\/wp\/v2\/pages\/3909\/revisions"}],"predecessor-version":[{"id":7297,"href":"https:\/\/www.schuetzenbruderschaft-allagen.de\/WP_Schuetzen\/wp-json\/wp\/v2\/pages\/3909\/revisions\/7297"}],"wp:attachment":[{"href":"https:\/\/www.schuetzenbruderschaft-allagen.de\/WP_Schuetzen\/wp-json\/wp\/v2\/media?parent=3909"}],"curies":[{"name":"wp","href":"https:\/\/api.w.org\/{rel}","templated":true}]}}