{"id":4032,"date":"2018-02-22T09:01:18","date_gmt":"2018-02-22T08:01:18","guid":{"rendered":"http:\/\/www.schuetzenbruderschaft-allagen.de\/WP_Schuetzen\/?page_id=4032"},"modified":"2018-02-22T09:01:18","modified_gmt":"2018-02-22T08:01:18","slug":"rundgang-vorderer-hallenteil","status":"publish","type":"page","link":"https:\/\/www.schuetzenbruderschaft-allagen.de\/WP_Schuetzen\/rundgang-vorderer-hallenteil\/","title":{"rendered":"Rundgang &#8211; Vorderer Hallenteil"},"content":{"rendered":"<p>Der vordere Teil unserer Sch\u00fctzenhalle. Die beiden Teile der M\u00f6hnetalhalle k\u00f6nnen durch eine Trennwand voneinander geteilt, oder nat\u00fcrlich auch als ein gro\u00dfer Raum genutzt werden.<\/p>\n<p><a href=\"https:\/\/www.schuetzenbruderschaft-allagen.de\/wp-content\/uploads\/Grundriss_Halle_vorne_2.jpg\" rel=\"lightbox[4032]\"><img fetchpriority=\"high\" decoding=\"async\" class=\"aligncenter size-full wp-image-3659\" src=\"https:\/\/www.schuetzenbruderschaft-allagen.de\/wp-content\/uploads\/Grundriss_Halle_vorne_2.jpg\" alt=\"\" width=\"1181\" height=\"670\" srcset=\"https:\/\/www.schuetzenbruderschaft-allagen.de\/wp-content\/uploads\/Grundriss_Halle_vorne_2.jpg 1181w, https:\/\/www.schuetzenbruderschaft-allagen.de\/wp-content\/uploads\/Grundriss_Halle_vorne_2-150x85.jpg 150w, https:\/\/www.schuetzenbruderschaft-allagen.de\/wp-content\/uploads\/Grundriss_Halle_vorne_2-300x170.jpg 300w, https:\/\/www.schuetzenbruderschaft-allagen.de\/wp-content\/uploads\/Grundriss_Halle_vorne_2-768x436.jpg 768w, https:\/\/www.schuetzenbruderschaft-allagen.de\/wp-content\/uploads\/Grundriss_Halle_vorne_2-1024x581.jpg 1024w\" sizes=\"(max-width: 1181px) 100vw, 1181px\" \/><\/a><div id='container3635_4032' style='width:640px; height:480px; position: relative;'>Dieser Inhalt ben\u00f6tigt HTML5\/CSS3, WebGL, oder Adobe Flash Player Version 9 oder h\u00f6her.<\/div><script type='text\/javascript' src='\/wp-content\/uploads\/Moehnetalhalle_vorne_1\/pano2vr_player.js'><\/script><script type='text\/javascript' src='\/wp-content\/uploads\/Moehnetalhalle_vorne_1\/skin.js'><\/script><script type='text\/javascript'>if (ggHasHtml5Css3D() || ggHasWebGL()) {if  (typeof Moehnetalhalle_vorne_1_pano2vrPlayer != 'undefined') pano3635_4032=new Moehnetalhalle_vorne_1_pano2vrPlayer('container3635_4032');else pano3635_4032=new pano2vrPlayer('container3635_4032');if  (typeof Moehnetalhalle_vorne_1_pano2vrSkin != 'undefined') skin3635_4032=new Moehnetalhalle_vorne_1_pano2vrSkin(pano3635_4032, '\/wp-content\/uploads\/Moehnetalhalle_vorne_1\/\/');else skin3635_4032=new pano2vrSkin(pano3635_4032, '\/wp-content\/uploads\/Moehnetalhalle_vorne_1\/\/');window.addEventListener('load', function() {pano3635_4032.readConfigUrlAsync('\/wp-content\/uploads\/Moehnetalhalle_vorne_1\/pano.xml');});} else if (swfobject.hasFlashPlayerVersion('10.0.0')) {var flashvars = {};var params = {};function ggXmlReady() { initMap3635_4032();  };flashvars.externalinterface='1';params.quality = 'high';params.bgcolor = '#ffffff';params.allowscriptaccess = 'sameDomain';params.allowfullscreen = 'true';var attributes = {};attributes.id = 'pano3635_4032';attributes.name = 'pano3635_4032';attributes.align = 'middle';flashvars.panoxml= '\/wp-content\/uploads\/Moehnetalhalle_vorne_1\/pano.xml';flashvars.skinxml= '\/wp-content\/uploads\/Moehnetalhalle_vorne_1\/skin.xml';params.base='\/wp-content\/uploads\/Moehnetalhalle_vorne_1\/';swfobject.embedSWF('\/wp-content\/uploads\/Moehnetalhalle_vorne_1\/\/pano2vr_player.swf', 'container3635_4032','640px', '480px','10.0.0', '',flashvars, params, attributes);}<\/script><noscript><p><b>Bitte aktivieren Sie Javascript!<\/b><\/p><\/noscript><br><\/p>\n<p><a href=\"https:\/\/www.schuetzenbruderschaft-allagen.de\/wp-content\/uploads\/Grundriss_Halle_vorne_3.jpg\" rel=\"lightbox[4032]\"><img decoding=\"async\" class=\"aligncenter size-full wp-image-3660\" src=\"https:\/\/www.schuetzenbruderschaft-allagen.de\/wp-content\/uploads\/Grundriss_Halle_vorne_3.jpg\" alt=\"\" width=\"1181\" height=\"670\" srcset=\"https:\/\/www.schuetzenbruderschaft-allagen.de\/wp-content\/uploads\/Grundriss_Halle_vorne_3.jpg 1181w, https:\/\/www.schuetzenbruderschaft-allagen.de\/wp-content\/uploads\/Grundriss_Halle_vorne_3-150x85.jpg 150w, https:\/\/www.schuetzenbruderschaft-allagen.de\/wp-content\/uploads\/Grundriss_Halle_vorne_3-300x170.jpg 300w, https:\/\/www.schuetzenbruderschaft-allagen.de\/wp-content\/uploads\/Grundriss_Halle_vorne_3-768x436.jpg 768w, https:\/\/www.schuetzenbruderschaft-allagen.de\/wp-content\/uploads\/Grundriss_Halle_vorne_3-1024x581.jpg 1024w\" sizes=\"(max-width: 1181px) 100vw, 1181px\" \/><\/a><div id='container3637_4032' style='width:640px; height:480px; position: relative;'>Dieser Inhalt ben\u00f6tigt HTML5\/CSS3, WebGL, oder Adobe Flash Player Version 9 oder h\u00f6her.<\/div><script type='text\/javascript' src='\/wp-content\/uploads\/Moehnetalhalle_vorne_Buehne_1\/pano2vr_player.js'><\/script><script type='text\/javascript' src='\/wp-content\/uploads\/Moehnetalhalle_vorne_Buehne_1\/skin.js'><\/script><script type='text\/javascript'>if (ggHasHtml5Css3D() || ggHasWebGL()) {if  (typeof Moehnetalhalle_vorne_Buehne_1_pano2vrPlayer != 'undefined') pano3637_4032=new Moehnetalhalle_vorne_Buehne_1_pano2vrPlayer('container3637_4032');else pano3637_4032=new pano2vrPlayer('container3637_4032');if  (typeof Moehnetalhalle_vorne_Buehne_1_pano2vrSkin != 'undefined') skin3637_4032=new Moehnetalhalle_vorne_Buehne_1_pano2vrSkin(pano3637_4032, '\/wp-content\/uploads\/Moehnetalhalle_vorne_Buehne_1\/\/');else skin3637_4032=new pano2vrSkin(pano3637_4032, '\/wp-content\/uploads\/Moehnetalhalle_vorne_Buehne_1\/\/');window.addEventListener('load', function() {pano3637_4032.readConfigUrlAsync('\/wp-content\/uploads\/Moehnetalhalle_vorne_Buehne_1\/pano.xml');});} else if (swfobject.hasFlashPlayerVersion('10.0.0')) {var flashvars = {};var params = {};function ggXmlReady() { initMap3637_4032();  };flashvars.externalinterface='1';params.quality = 'high';params.bgcolor = '#ffffff';params.allowscriptaccess = 'sameDomain';params.allowfullscreen = 'true';var attributes = {};attributes.id = 'pano3637_4032';attributes.name = 'pano3637_4032';attributes.align = 'middle';flashvars.panoxml= '\/wp-content\/uploads\/Moehnetalhalle_vorne_Buehne_1\/pano.xml';flashvars.skinxml= '\/wp-content\/uploads\/Moehnetalhalle_vorne_Buehne_1\/skin.xml';params.base='\/wp-content\/uploads\/Moehnetalhalle_vorne_Buehne_1\/';swfobject.embedSWF('\/wp-content\/uploads\/Moehnetalhalle_vorne_Buehne_1\/\/pano2vr_player.swf', 'container3637_4032','640px', '480px','10.0.0', '',flashvars, params, attributes);}<\/script><noscript><p><b>Bitte aktivieren Sie Javascript!<\/b><\/p><\/noscript><br><\/p>\n<p><a href=\"https:\/\/www.schuetzenbruderschaft-allagen.de\/wp-content\/uploads\/Grundriss_Halle_vorne_1.jpg\" rel=\"lightbox[4032]\"><img decoding=\"async\" class=\"aligncenter size-full wp-image-3658\" src=\"https:\/\/www.schuetzenbruderschaft-allagen.de\/wp-content\/uploads\/Grundriss_Halle_vorne_1.jpg\" alt=\"\" width=\"1181\" height=\"670\" srcset=\"https:\/\/www.schuetzenbruderschaft-allagen.de\/wp-content\/uploads\/Grundriss_Halle_vorne_1.jpg 1181w, https:\/\/www.schuetzenbruderschaft-allagen.de\/wp-content\/uploads\/Grundriss_Halle_vorne_1-150x85.jpg 150w, https:\/\/www.schuetzenbruderschaft-allagen.de\/wp-content\/uploads\/Grundriss_Halle_vorne_1-300x170.jpg 300w, https:\/\/www.schuetzenbruderschaft-allagen.de\/wp-content\/uploads\/Grundriss_Halle_vorne_1-768x436.jpg 768w, https:\/\/www.schuetzenbruderschaft-allagen.de\/wp-content\/uploads\/Grundriss_Halle_vorne_1-1024x581.jpg 1024w\" sizes=\"(max-width: 1181px) 100vw, 1181px\" \/><\/a><div id='container3632_4032' style='width:640px; height:480px; position: relative;'>Dieser Inhalt ben\u00f6tigt HTML5\/CSS3, WebGL, oder Adobe Flash Player Version 9 oder h\u00f6her.<\/div><script type='text\/javascript' src='\/wp-content\/uploads\/Moehnetalhalle_Theke_vorne_1\/pano2vr_player.js'><\/script><script type='text\/javascript' src='\/wp-content\/uploads\/Moehnetalhalle_Theke_vorne_1\/skin.js'><\/script><script type='text\/javascript'>if (ggHasHtml5Css3D() || ggHasWebGL()) {if  (typeof Moehnetalhalle_Theke_vorne_1_pano2vrPlayer != 'undefined') pano3632_4032=new Moehnetalhalle_Theke_vorne_1_pano2vrPlayer('container3632_4032');else pano3632_4032=new pano2vrPlayer('container3632_4032');if  (typeof Moehnetalhalle_Theke_vorne_1_pano2vrSkin != 'undefined') skin3632_4032=new Moehnetalhalle_Theke_vorne_1_pano2vrSkin(pano3632_4032, '\/wp-content\/uploads\/Moehnetalhalle_Theke_vorne_1\/\/');else skin3632_4032=new pano2vrSkin(pano3632_4032, '\/wp-content\/uploads\/Moehnetalhalle_Theke_vorne_1\/\/');window.addEventListener('load', function() {pano3632_4032.readConfigUrlAsync('\/wp-content\/uploads\/Moehnetalhalle_Theke_vorne_1\/pano.xml');});} else if (swfobject.hasFlashPlayerVersion('10.0.0')) {var flashvars = {};var params = {};function ggXmlReady() { initMap3632_4032();  };flashvars.externalinterface='1';params.quality = 'high';params.bgcolor = '#ffffff';params.allowscriptaccess = 'sameDomain';params.allowfullscreen = 'true';var attributes = {};attributes.id = 'pano3632_4032';attributes.name = 'pano3632_4032';attributes.align = 'middle';flashvars.panoxml= '\/wp-content\/uploads\/Moehnetalhalle_Theke_vorne_1\/pano.xml';flashvars.skinxml= '\/wp-content\/uploads\/Moehnetalhalle_Theke_vorne_1\/skin.xml';params.base='\/wp-content\/uploads\/Moehnetalhalle_Theke_vorne_1\/';swfobject.embedSWF('\/wp-content\/uploads\/Moehnetalhalle_Theke_vorne_1\/\/pano2vr_player.swf', 'container3632_4032','640px', '480px','10.0.0', '',flashvars, params, attributes);}<\/script><noscript><p><b>Bitte aktivieren Sie Javascript!<\/b><\/p><\/noscript><br><\/p>\n","protected":false},"excerpt":{"rendered":"<p>Der vordere Teil unserer Sch\u00fctzenhalle. Die beiden Teile der M\u00f6hnetalhalle k\u00f6nnen durch eine Trennwand voneinander geteilt, oder nat\u00fcrlich auch als ein gro\u00dfer Raum genutzt werden.<\/p>\n","protected":false},"author":1,"featured_media":0,"parent":0,"menu_order":0,"comment_status":"closed","ping_status":"closed","template":"","meta":{"footnotes":""},"class_list":["post-4032","page","type-page","status-publish","hentry"],"yoast_head":"<!-- This site is optimized with the Yoast SEO plugin v27.5 - https:\/\/yoast.com\/product\/yoast-seo-wordpress\/ -->\n<title>Rundgang - Vorderer Hallenteil - einfach gut...seit 1823.<\/title>\n<meta name=\"robots\" content=\"index, follow, max-snippet:-1, max-image-preview:large, max-video-preview:-1\" \/>\n<link rel=\"canonical\" href=\"https:\/\/www.schuetzenbruderschaft-allagen.de\/WP_Schuetzen\/rundgang-vorderer-hallenteil\/\" \/>\n<meta property=\"og:locale\" content=\"de_DE\" \/>\n<meta property=\"og:type\" content=\"article\" \/>\n<meta property=\"og:title\" content=\"Rundgang - Vorderer Hallenteil - einfach gut...seit 1823.\" \/>\n<meta property=\"og:description\" content=\"Der vordere Teil unserer Sch\u00fctzenhalle. Die beiden Teile der M\u00f6hnetalhalle k\u00f6nnen durch eine Trennwand voneinander geteilt, oder nat\u00fcrlich auch als ein gro\u00dfer Raum genutzt werden.\" \/>\n<meta property=\"og:url\" content=\"https:\/\/www.schuetzenbruderschaft-allagen.de\/WP_Schuetzen\/rundgang-vorderer-hallenteil\/\" \/>\n<meta property=\"og:site_name\" content=\"einfach gut...seit 1823.\" \/>\n<meta property=\"article:publisher\" content=\"https:\/\/www.facebook.com\/profile.php?id=100064817075577\" \/>\n<meta property=\"og:image\" content=\"https:\/\/www.schuetzenbruderschaft-allagen.de\/wp-content\/uploads\/Grundriss_Halle_vorne_2.jpg\" \/>\n<meta name=\"twitter:card\" content=\"summary_large_image\" \/>\n<script type=\"application\/ld+json\" class=\"yoast-schema-graph\">{\"@context\":\"https:\\\/\\\/schema.org\",\"@graph\":[{\"@type\":\"WebPage\",\"@id\":\"https:\\\/\\\/www.schuetzenbruderschaft-allagen.de\\\/WP_Schuetzen\\\/rundgang-vorderer-hallenteil\\\/\",\"url\":\"https:\\\/\\\/www.schuetzenbruderschaft-allagen.de\\\/WP_Schuetzen\\\/rundgang-vorderer-hallenteil\\\/\",\"name\":\"Rundgang - Vorderer Hallenteil - einfach gut...seit 1823.\",\"isPartOf\":{\"@id\":\"https:\\\/\\\/www.schuetzenbruderschaft-allagen.de\\\/WP_Schuetzen\\\/#website\"},\"primaryImageOfPage\":{\"@id\":\"https:\\\/\\\/www.schuetzenbruderschaft-allagen.de\\\/WP_Schuetzen\\\/rundgang-vorderer-hallenteil\\\/#primaryimage\"},\"image\":{\"@id\":\"https:\\\/\\\/www.schuetzenbruderschaft-allagen.de\\\/WP_Schuetzen\\\/rundgang-vorderer-hallenteil\\\/#primaryimage\"},\"thumbnailUrl\":\"https:\\\/\\\/www.schuetzenbruderschaft-allagen.de\\\/wp-content\\\/uploads\\\/Grundriss_Halle_vorne_2.jpg\",\"datePublished\":\"2018-02-22T08:01:18+00:00\",\"breadcrumb\":{\"@id\":\"https:\\\/\\\/www.schuetzenbruderschaft-allagen.de\\\/WP_Schuetzen\\\/rundgang-vorderer-hallenteil\\\/#breadcrumb\"},\"inLanguage\":\"de\",\"potentialAction\":[{\"@type\":\"ReadAction\",\"target\":[\"https:\\\/\\\/www.schuetzenbruderschaft-allagen.de\\\/WP_Schuetzen\\\/rundgang-vorderer-hallenteil\\\/\"]}]},{\"@type\":\"ImageObject\",\"inLanguage\":\"de\",\"@id\":\"https:\\\/\\\/www.schuetzenbruderschaft-allagen.de\\\/WP_Schuetzen\\\/rundgang-vorderer-hallenteil\\\/#primaryimage\",\"url\":\"https:\\\/\\\/www.schuetzenbruderschaft-allagen.de\\\/wp-content\\\/uploads\\\/Grundriss_Halle_vorne_2.jpg\",\"contentUrl\":\"https:\\\/\\\/www.schuetzenbruderschaft-allagen.de\\\/wp-content\\\/uploads\\\/Grundriss_Halle_vorne_2.jpg\"},{\"@type\":\"BreadcrumbList\",\"@id\":\"https:\\\/\\\/www.schuetzenbruderschaft-allagen.de\\\/WP_Schuetzen\\\/rundgang-vorderer-hallenteil\\\/#breadcrumb\",\"itemListElement\":[{\"@type\":\"ListItem\",\"position\":1,\"name\":\"Home\",\"item\":\"https:\\\/\\\/www.schuetzenbruderschaft-allagen.de\\\/WP_Schuetzen\\\/\"},{\"@type\":\"ListItem\",\"position\":2,\"name\":\"Rundgang &#8211; Vorderer Hallenteil\"}]},{\"@type\":\"WebSite\",\"@id\":\"https:\\\/\\\/www.schuetzenbruderschaft-allagen.de\\\/WP_Schuetzen\\\/#website\",\"url\":\"https:\\\/\\\/www.schuetzenbruderschaft-allagen.de\\\/WP_Schuetzen\\\/\",\"name\":\"Sch\u00fctzenbruderschaft Allagen - Einfach gut...seit 1823.\",\"description\":\"St. Sebastianus Sch\u00fctzenbruderschaft 1823 Allagen e.V.\",\"publisher\":{\"@id\":\"https:\\\/\\\/www.schuetzenbruderschaft-allagen.de\\\/WP_Schuetzen\\\/#organization\"},\"potentialAction\":[{\"@type\":\"SearchAction\",\"target\":{\"@type\":\"EntryPoint\",\"urlTemplate\":\"https:\\\/\\\/www.schuetzenbruderschaft-allagen.de\\\/WP_Schuetzen\\\/?s={search_term_string}\"},\"query-input\":{\"@type\":\"PropertyValueSpecification\",\"valueRequired\":true,\"valueName\":\"search_term_string\"}}],\"inLanguage\":\"de\"},{\"@type\":\"Organization\",\"@id\":\"https:\\\/\\\/www.schuetzenbruderschaft-allagen.de\\\/WP_Schuetzen\\\/#organization\",\"name\":\"St. Sebastianus Sch\u00fctzenbruderschaft 1823 Allagen e.V.\",\"url\":\"https:\\\/\\\/www.schuetzenbruderschaft-allagen.de\\\/WP_Schuetzen\\\/\",\"logo\":{\"@type\":\"ImageObject\",\"inLanguage\":\"de\",\"@id\":\"https:\\\/\\\/www.schuetzenbruderschaft-allagen.de\\\/WP_Schuetzen\\\/#\\\/schema\\\/logo\\\/image\\\/\",\"url\":\"https:\\\/\\\/www.schuetzenbruderschaft-allagen.de\\\/wp-content\\\/uploads\\\/Logo_neu_Farbe.jpg\",\"contentUrl\":\"https:\\\/\\\/www.schuetzenbruderschaft-allagen.de\\\/wp-content\\\/uploads\\\/Logo_neu_Farbe.jpg\",\"width\":827,\"height\":1004,\"caption\":\"St. Sebastianus Sch\u00fctzenbruderschaft 1823 Allagen e.V.\"},\"image\":{\"@id\":\"https:\\\/\\\/www.schuetzenbruderschaft-allagen.de\\\/WP_Schuetzen\\\/#\\\/schema\\\/logo\\\/image\\\/\"},\"sameAs\":[\"https:\\\/\\\/www.facebook.com\\\/profile.php?id=100064817075577\"]}]}<\/script>\n<!-- \/ Yoast SEO plugin. -->","yoast_head_json":{"title":"Rundgang - Vorderer Hallenteil - einfach gut...seit 1823.","robots":{"index":"index","follow":"follow","max-snippet":"max-snippet:-1","max-image-preview":"max-image-preview:large","max-video-preview":"max-video-preview:-1"},"canonical":"https:\/\/www.schuetzenbruderschaft-allagen.de\/WP_Schuetzen\/rundgang-vorderer-hallenteil\/","og_locale":"de_DE","og_type":"article","og_title":"Rundgang - Vorderer Hallenteil - einfach gut...seit 1823.","og_description":"Der vordere Teil unserer Sch\u00fctzenhalle. Die beiden Teile der M\u00f6hnetalhalle k\u00f6nnen durch eine Trennwand voneinander geteilt, oder nat\u00fcrlich auch als ein gro\u00dfer Raum genutzt werden.","og_url":"https:\/\/www.schuetzenbruderschaft-allagen.de\/WP_Schuetzen\/rundgang-vorderer-hallenteil\/","og_site_name":"einfach gut...seit 1823.","article_publisher":"https:\/\/www.facebook.com\/profile.php?id=100064817075577","og_image":[{"url":"https:\/\/www.schuetzenbruderschaft-allagen.de\/wp-content\/uploads\/Grundriss_Halle_vorne_2.jpg","type":"","width":"","height":""}],"twitter_card":"summary_large_image","schema":{"@context":"https:\/\/schema.org","@graph":[{"@type":"WebPage","@id":"https:\/\/www.schuetzenbruderschaft-allagen.de\/WP_Schuetzen\/rundgang-vorderer-hallenteil\/","url":"https:\/\/www.schuetzenbruderschaft-allagen.de\/WP_Schuetzen\/rundgang-vorderer-hallenteil\/","name":"Rundgang - Vorderer Hallenteil - einfach gut...seit 1823.","isPartOf":{"@id":"https:\/\/www.schuetzenbruderschaft-allagen.de\/WP_Schuetzen\/#website"},"primaryImageOfPage":{"@id":"https:\/\/www.schuetzenbruderschaft-allagen.de\/WP_Schuetzen\/rundgang-vorderer-hallenteil\/#primaryimage"},"image":{"@id":"https:\/\/www.schuetzenbruderschaft-allagen.de\/WP_Schuetzen\/rundgang-vorderer-hallenteil\/#primaryimage"},"thumbnailUrl":"https:\/\/www.schuetzenbruderschaft-allagen.de\/wp-content\/uploads\/Grundriss_Halle_vorne_2.jpg","datePublished":"2018-02-22T08:01:18+00:00","breadcrumb":{"@id":"https:\/\/www.schuetzenbruderschaft-allagen.de\/WP_Schuetzen\/rundgang-vorderer-hallenteil\/#breadcrumb"},"inLanguage":"de","potentialAction":[{"@type":"ReadAction","target":["https:\/\/www.schuetzenbruderschaft-allagen.de\/WP_Schuetzen\/rundgang-vorderer-hallenteil\/"]}]},{"@type":"ImageObject","inLanguage":"de","@id":"https:\/\/www.schuetzenbruderschaft-allagen.de\/WP_Schuetzen\/rundgang-vorderer-hallenteil\/#primaryimage","url":"https:\/\/www.schuetzenbruderschaft-allagen.de\/wp-content\/uploads\/Grundriss_Halle_vorne_2.jpg","contentUrl":"https:\/\/www.schuetzenbruderschaft-allagen.de\/wp-content\/uploads\/Grundriss_Halle_vorne_2.jpg"},{"@type":"BreadcrumbList","@id":"https:\/\/www.schuetzenbruderschaft-allagen.de\/WP_Schuetzen\/rundgang-vorderer-hallenteil\/#breadcrumb","itemListElement":[{"@type":"ListItem","position":1,"name":"Home","item":"https:\/\/www.schuetzenbruderschaft-allagen.de\/WP_Schuetzen\/"},{"@type":"ListItem","position":2,"name":"Rundgang &#8211; Vorderer Hallenteil"}]},{"@type":"WebSite","@id":"https:\/\/www.schuetzenbruderschaft-allagen.de\/WP_Schuetzen\/#website","url":"https:\/\/www.schuetzenbruderschaft-allagen.de\/WP_Schuetzen\/","name":"Sch\u00fctzenbruderschaft Allagen - Einfach gut...seit 1823.","description":"St. Sebastianus Sch\u00fctzenbruderschaft 1823 Allagen e.V.","publisher":{"@id":"https:\/\/www.schuetzenbruderschaft-allagen.de\/WP_Schuetzen\/#organization"},"potentialAction":[{"@type":"SearchAction","target":{"@type":"EntryPoint","urlTemplate":"https:\/\/www.schuetzenbruderschaft-allagen.de\/WP_Schuetzen\/?s={search_term_string}"},"query-input":{"@type":"PropertyValueSpecification","valueRequired":true,"valueName":"search_term_string"}}],"inLanguage":"de"},{"@type":"Organization","@id":"https:\/\/www.schuetzenbruderschaft-allagen.de\/WP_Schuetzen\/#organization","name":"St. Sebastianus Sch\u00fctzenbruderschaft 1823 Allagen e.V.","url":"https:\/\/www.schuetzenbruderschaft-allagen.de\/WP_Schuetzen\/","logo":{"@type":"ImageObject","inLanguage":"de","@id":"https:\/\/www.schuetzenbruderschaft-allagen.de\/WP_Schuetzen\/#\/schema\/logo\/image\/","url":"https:\/\/www.schuetzenbruderschaft-allagen.de\/wp-content\/uploads\/Logo_neu_Farbe.jpg","contentUrl":"https:\/\/www.schuetzenbruderschaft-allagen.de\/wp-content\/uploads\/Logo_neu_Farbe.jpg","width":827,"height":1004,"caption":"St. Sebastianus Sch\u00fctzenbruderschaft 1823 Allagen e.V."},"image":{"@id":"https:\/\/www.schuetzenbruderschaft-allagen.de\/WP_Schuetzen\/#\/schema\/logo\/image\/"},"sameAs":["https:\/\/www.facebook.com\/profile.php?id=100064817075577"]}]}},"jetpack_sharing_enabled":true,"_links":{"self":[{"href":"https:\/\/www.schuetzenbruderschaft-allagen.de\/WP_Schuetzen\/wp-json\/wp\/v2\/pages\/4032","targetHints":{"allow":["GET"]}}],"collection":[{"href":"https:\/\/www.schuetzenbruderschaft-allagen.de\/WP_Schuetzen\/wp-json\/wp\/v2\/pages"}],"about":[{"href":"https:\/\/www.schuetzenbruderschaft-allagen.de\/WP_Schuetzen\/wp-json\/wp\/v2\/types\/page"}],"author":[{"embeddable":true,"href":"https:\/\/www.schuetzenbruderschaft-allagen.de\/WP_Schuetzen\/wp-json\/wp\/v2\/users\/1"}],"replies":[{"embeddable":true,"href":"https:\/\/www.schuetzenbruderschaft-allagen.de\/WP_Schuetzen\/wp-json\/wp\/v2\/comments?post=4032"}],"version-history":[{"count":1,"href":"https:\/\/www.schuetzenbruderschaft-allagen.de\/WP_Schuetzen\/wp-json\/wp\/v2\/pages\/4032\/revisions"}],"predecessor-version":[{"id":4034,"href":"https:\/\/www.schuetzenbruderschaft-allagen.de\/WP_Schuetzen\/wp-json\/wp\/v2\/pages\/4032\/revisions\/4034"}],"wp:attachment":[{"href":"https:\/\/www.schuetzenbruderschaft-allagen.de\/WP_Schuetzen\/wp-json\/wp\/v2\/media?parent=4032"}],"curies":[{"name":"wp","href":"https:\/\/api.w.org\/{rel}","templated":true}]}}