{"id":4038,"date":"2018-02-22T09:09:05","date_gmt":"2018-02-22T08:09:05","guid":{"rendered":"http:\/\/www.schuetzenbruderschaft-allagen.de\/WP_Schuetzen\/?page_id=4038"},"modified":"2018-02-22T09:09:05","modified_gmt":"2018-02-22T08:09:05","slug":"rundgang-treppenhaus-vorderer-hallenteil","status":"publish","type":"page","link":"https:\/\/www.schuetzenbruderschaft-allagen.de\/WP_Schuetzen\/rundgang-treppenhaus-vorderer-hallenteil\/","title":{"rendered":"Rundgang &#8211; Treppenhaus vorderer Hallenteil"},"content":{"rendered":"<p>Das Treppenhaus f\u00fchrt vom vorderen Teil der Sch\u00fctzenhalle in den Keller zu den Toiletten, dem Ratskeller und der K\u00fcche.<\/p>\n<p>Treppenhaus rechts:<\/p>\n<p><a href=\"https:\/\/www.schuetzenbruderschaft-allagen.de\/wp-content\/uploads\/Grundriss_Halle_Treppenhaus_rechts.jpg\" rel=\"lightbox[4038]\"><img fetchpriority=\"high\" decoding=\"async\" class=\"aligncenter size-full wp-image-3657\" src=\"https:\/\/www.schuetzenbruderschaft-allagen.de\/wp-content\/uploads\/Grundriss_Halle_Treppenhaus_rechts.jpg\" alt=\"\" width=\"1181\" height=\"1336\" srcset=\"https:\/\/www.schuetzenbruderschaft-allagen.de\/wp-content\/uploads\/Grundriss_Halle_Treppenhaus_rechts.jpg 1181w, https:\/\/www.schuetzenbruderschaft-allagen.de\/wp-content\/uploads\/Grundriss_Halle_Treppenhaus_rechts-150x170.jpg 150w, https:\/\/www.schuetzenbruderschaft-allagen.de\/wp-content\/uploads\/Grundriss_Halle_Treppenhaus_rechts-265x300.jpg 265w, https:\/\/www.schuetzenbruderschaft-allagen.de\/wp-content\/uploads\/Grundriss_Halle_Treppenhaus_rechts-768x869.jpg 768w, https:\/\/www.schuetzenbruderschaft-allagen.de\/wp-content\/uploads\/Grundriss_Halle_Treppenhaus_rechts-905x1024.jpg 905w\" sizes=\"(max-width: 1181px) 100vw, 1181px\" \/><\/a><div id='container3634_4038' style='width:640px; height:480px; position: relative;'>Dieser Inhalt ben\u00f6tigt HTML5\/CSS3, WebGL, oder Adobe Flash Player Version 9 oder h\u00f6her.<\/div><script type='text\/javascript' src='\/wp-content\/uploads\/Moehnetalhalle_Treppenhaus_re\/pano2vr_player.js'><\/script><script type='text\/javascript' src='\/wp-content\/uploads\/Moehnetalhalle_Treppenhaus_re\/skin.js'><\/script><script type='text\/javascript'>if (ggHasHtml5Css3D() || ggHasWebGL()) {if  (typeof Moehnetalhalle_Treppenhaus_re_pano2vrPlayer != 'undefined') pano3634_4038=new Moehnetalhalle_Treppenhaus_re_pano2vrPlayer('container3634_4038');else pano3634_4038=new pano2vrPlayer('container3634_4038');if  (typeof Moehnetalhalle_Treppenhaus_re_pano2vrSkin != 'undefined') skin3634_4038=new Moehnetalhalle_Treppenhaus_re_pano2vrSkin(pano3634_4038, '\/wp-content\/uploads\/Moehnetalhalle_Treppenhaus_re\/\/');else skin3634_4038=new pano2vrSkin(pano3634_4038, '\/wp-content\/uploads\/Moehnetalhalle_Treppenhaus_re\/\/');window.addEventListener('load', function() {pano3634_4038.readConfigUrlAsync('\/wp-content\/uploads\/Moehnetalhalle_Treppenhaus_re\/pano.xml');});} else if (swfobject.hasFlashPlayerVersion('10.0.0')) {var flashvars = {};var params = {};function ggXmlReady() { initMap3634_4038();  };flashvars.externalinterface='1';params.quality = 'high';params.bgcolor = '#ffffff';params.allowscriptaccess = 'sameDomain';params.allowfullscreen = 'true';var attributes = {};attributes.id = 'pano3634_4038';attributes.name = 'pano3634_4038';attributes.align = 'middle';flashvars.panoxml= '\/wp-content\/uploads\/Moehnetalhalle_Treppenhaus_re\/pano.xml';flashvars.skinxml= '\/wp-content\/uploads\/Moehnetalhalle_Treppenhaus_re\/skin.xml';params.base='\/wp-content\/uploads\/Moehnetalhalle_Treppenhaus_re\/';swfobject.embedSWF('\/wp-content\/uploads\/Moehnetalhalle_Treppenhaus_re\/\/pano2vr_player.swf', 'container3634_4038','640px', '480px','10.0.0', '',flashvars, params, attributes);}<\/script><noscript><p><b>Bitte aktivieren Sie Javascript!<\/b><\/p><\/noscript><br><\/p>\n<p>Treppenhaus links:<\/p>\n<p><a href=\"https:\/\/www.schuetzenbruderschaft-allagen.de\/wp-content\/uploads\/Grundriss_Halle_Treppenhaus_links.jpg\" rel=\"lightbox[4038]\"><img decoding=\"async\" class=\"aligncenter size-full wp-image-3656\" src=\"https:\/\/www.schuetzenbruderschaft-allagen.de\/wp-content\/uploads\/Grundriss_Halle_Treppenhaus_links.jpg\" alt=\"\" width=\"1181\" height=\"1336\" srcset=\"https:\/\/www.schuetzenbruderschaft-allagen.de\/wp-content\/uploads\/Grundriss_Halle_Treppenhaus_links.jpg 1181w, https:\/\/www.schuetzenbruderschaft-allagen.de\/wp-content\/uploads\/Grundriss_Halle_Treppenhaus_links-150x170.jpg 150w, https:\/\/www.schuetzenbruderschaft-allagen.de\/wp-content\/uploads\/Grundriss_Halle_Treppenhaus_links-265x300.jpg 265w, https:\/\/www.schuetzenbruderschaft-allagen.de\/wp-content\/uploads\/Grundriss_Halle_Treppenhaus_links-768x869.jpg 768w, https:\/\/www.schuetzenbruderschaft-allagen.de\/wp-content\/uploads\/Grundriss_Halle_Treppenhaus_links-905x1024.jpg 905w\" sizes=\"(max-width: 1181px) 100vw, 1181px\" \/><\/a><div id='container3633_4038' style='width:640px; height:480px; position: relative;'>Dieser Inhalt ben\u00f6tigt HTML5\/CSS3, WebGL, oder Adobe Flash Player Version 9 oder h\u00f6her.<\/div><script type='text\/javascript' src='\/wp-content\/uploads\/Moehnetalhalle_Treppenhaus_li\/pano2vr_player.js'><\/script><script type='text\/javascript' src='\/wp-content\/uploads\/Moehnetalhalle_Treppenhaus_li\/skin.js'><\/script><script type='text\/javascript'>if (ggHasHtml5Css3D() || ggHasWebGL()) {if  (typeof Moehnetalhalle_Treppenhaus_li_pano2vrPlayer != 'undefined') pano3633_4038=new Moehnetalhalle_Treppenhaus_li_pano2vrPlayer('container3633_4038');else pano3633_4038=new pano2vrPlayer('container3633_4038');if  (typeof Moehnetalhalle_Treppenhaus_li_pano2vrSkin != 'undefined') skin3633_4038=new Moehnetalhalle_Treppenhaus_li_pano2vrSkin(pano3633_4038, '\/wp-content\/uploads\/Moehnetalhalle_Treppenhaus_li\/\/');else skin3633_4038=new pano2vrSkin(pano3633_4038, '\/wp-content\/uploads\/Moehnetalhalle_Treppenhaus_li\/\/');window.addEventListener('load', function() {pano3633_4038.readConfigUrlAsync('\/wp-content\/uploads\/Moehnetalhalle_Treppenhaus_li\/pano.xml');});} else if (swfobject.hasFlashPlayerVersion('10.0.0')) {var flashvars = {};var params = {};function ggXmlReady() { initMap3633_4038();  };flashvars.externalinterface='1';params.quality = 'high';params.bgcolor = '#ffffff';params.allowscriptaccess = 'sameDomain';params.allowfullscreen = 'true';var attributes = {};attributes.id = 'pano3633_4038';attributes.name = 'pano3633_4038';attributes.align = 'middle';flashvars.panoxml= '\/wp-content\/uploads\/Moehnetalhalle_Treppenhaus_li\/pano.xml';flashvars.skinxml= '\/wp-content\/uploads\/Moehnetalhalle_Treppenhaus_li\/skin.xml';params.base='\/wp-content\/uploads\/Moehnetalhalle_Treppenhaus_li\/';swfobject.embedSWF('\/wp-content\/uploads\/Moehnetalhalle_Treppenhaus_li\/\/pano2vr_player.swf', 'container3633_4038','640px', '480px','10.0.0', '',flashvars, params, attributes);}<\/script><noscript><p><b>Bitte aktivieren Sie Javascript!<\/b><\/p><\/noscript><br><\/p>\n","protected":false},"excerpt":{"rendered":"<p>Das Treppenhaus f\u00fchrt vom vorderen Teil der Sch\u00fctzenhalle in den Keller zu den Toiletten, dem Ratskeller und der K\u00fcche. Treppenhaus rechts: Treppenhaus links:<\/p>\n","protected":false},"author":1,"featured_media":0,"parent":0,"menu_order":0,"comment_status":"closed","ping_status":"closed","template":"","meta":{"footnotes":""},"class_list":["post-4038","page","type-page","status-publish","hentry"],"yoast_head":"<!-- This site is optimized with the Yoast SEO plugin v26.9 - https:\/\/yoast.com\/product\/yoast-seo-wordpress\/ -->\n<title>Rundgang - Treppenhaus vorderer Hallenteil - einfach gut...seit 1823.<\/title>\n<meta name=\"robots\" content=\"index, follow, max-snippet:-1, max-image-preview:large, max-video-preview:-1\" \/>\n<link rel=\"canonical\" href=\"https:\/\/www.schuetzenbruderschaft-allagen.de\/WP_Schuetzen\/rundgang-treppenhaus-vorderer-hallenteil\/\" \/>\n<meta property=\"og:locale\" content=\"de_DE\" \/>\n<meta property=\"og:type\" content=\"article\" \/>\n<meta property=\"og:title\" content=\"Rundgang - Treppenhaus vorderer Hallenteil - einfach gut...seit 1823.\" \/>\n<meta property=\"og:description\" content=\"Das Treppenhaus f\u00fchrt vom vorderen Teil der Sch\u00fctzenhalle in den Keller zu den Toiletten, dem Ratskeller und der K\u00fcche. Treppenhaus rechts: Treppenhaus links:\" \/>\n<meta property=\"og:url\" content=\"https:\/\/www.schuetzenbruderschaft-allagen.de\/WP_Schuetzen\/rundgang-treppenhaus-vorderer-hallenteil\/\" \/>\n<meta property=\"og:site_name\" content=\"einfach gut...seit 1823.\" \/>\n<meta property=\"article:publisher\" content=\"https:\/\/www.facebook.com\/profile.php?id=100064817075577\" \/>\n<meta property=\"og:image\" content=\"https:\/\/www.schuetzenbruderschaft-allagen.de\/wp-content\/uploads\/Grundriss_Halle_Treppenhaus_rechts.jpg\" \/>\n<meta name=\"twitter:card\" content=\"summary_large_image\" \/>\n<script type=\"application\/ld+json\" class=\"yoast-schema-graph\">{\"@context\":\"https:\/\/schema.org\",\"@graph\":[{\"@type\":\"WebPage\",\"@id\":\"https:\/\/www.schuetzenbruderschaft-allagen.de\/WP_Schuetzen\/rundgang-treppenhaus-vorderer-hallenteil\/\",\"url\":\"https:\/\/www.schuetzenbruderschaft-allagen.de\/WP_Schuetzen\/rundgang-treppenhaus-vorderer-hallenteil\/\",\"name\":\"Rundgang - Treppenhaus vorderer Hallenteil - einfach gut...seit 1823.\",\"isPartOf\":{\"@id\":\"https:\/\/www.schuetzenbruderschaft-allagen.de\/WP_Schuetzen\/#website\"},\"primaryImageOfPage\":{\"@id\":\"https:\/\/www.schuetzenbruderschaft-allagen.de\/WP_Schuetzen\/rundgang-treppenhaus-vorderer-hallenteil\/#primaryimage\"},\"image\":{\"@id\":\"https:\/\/www.schuetzenbruderschaft-allagen.de\/WP_Schuetzen\/rundgang-treppenhaus-vorderer-hallenteil\/#primaryimage\"},\"thumbnailUrl\":\"https:\/\/www.schuetzenbruderschaft-allagen.de\/wp-content\/uploads\/Grundriss_Halle_Treppenhaus_rechts.jpg\",\"datePublished\":\"2018-02-22T08:09:05+00:00\",\"breadcrumb\":{\"@id\":\"https:\/\/www.schuetzenbruderschaft-allagen.de\/WP_Schuetzen\/rundgang-treppenhaus-vorderer-hallenteil\/#breadcrumb\"},\"inLanguage\":\"de\",\"potentialAction\":[{\"@type\":\"ReadAction\",\"target\":[\"https:\/\/www.schuetzenbruderschaft-allagen.de\/WP_Schuetzen\/rundgang-treppenhaus-vorderer-hallenteil\/\"]}]},{\"@type\":\"ImageObject\",\"inLanguage\":\"de\",\"@id\":\"https:\/\/www.schuetzenbruderschaft-allagen.de\/WP_Schuetzen\/rundgang-treppenhaus-vorderer-hallenteil\/#primaryimage\",\"url\":\"https:\/\/www.schuetzenbruderschaft-allagen.de\/wp-content\/uploads\/Grundriss_Halle_Treppenhaus_rechts.jpg\",\"contentUrl\":\"https:\/\/www.schuetzenbruderschaft-allagen.de\/wp-content\/uploads\/Grundriss_Halle_Treppenhaus_rechts.jpg\"},{\"@type\":\"BreadcrumbList\",\"@id\":\"https:\/\/www.schuetzenbruderschaft-allagen.de\/WP_Schuetzen\/rundgang-treppenhaus-vorderer-hallenteil\/#breadcrumb\",\"itemListElement\":[{\"@type\":\"ListItem\",\"position\":1,\"name\":\"Home\",\"item\":\"https:\/\/www.schuetzenbruderschaft-allagen.de\/WP_Schuetzen\/\"},{\"@type\":\"ListItem\",\"position\":2,\"name\":\"Rundgang &#8211; Treppenhaus vorderer Hallenteil\"}]},{\"@type\":\"WebSite\",\"@id\":\"https:\/\/www.schuetzenbruderschaft-allagen.de\/WP_Schuetzen\/#website\",\"url\":\"https:\/\/www.schuetzenbruderschaft-allagen.de\/WP_Schuetzen\/\",\"name\":\"Sch\u00fctzenbruderschaft Allagen - Einfach gut...seit 1823.\",\"description\":\"St. Sebastianus Sch\u00fctzenbruderschaft 1823 Allagen e.V.\",\"publisher\":{\"@id\":\"https:\/\/www.schuetzenbruderschaft-allagen.de\/WP_Schuetzen\/#organization\"},\"potentialAction\":[{\"@type\":\"SearchAction\",\"target\":{\"@type\":\"EntryPoint\",\"urlTemplate\":\"https:\/\/www.schuetzenbruderschaft-allagen.de\/WP_Schuetzen\/?s={search_term_string}\"},\"query-input\":{\"@type\":\"PropertyValueSpecification\",\"valueRequired\":true,\"valueName\":\"search_term_string\"}}],\"inLanguage\":\"de\"},{\"@type\":\"Organization\",\"@id\":\"https:\/\/www.schuetzenbruderschaft-allagen.de\/WP_Schuetzen\/#organization\",\"name\":\"St. Sebastianus Sch\u00fctzenbruderschaft 1823 Allagen e.V.\",\"url\":\"https:\/\/www.schuetzenbruderschaft-allagen.de\/WP_Schuetzen\/\",\"logo\":{\"@type\":\"ImageObject\",\"inLanguage\":\"de\",\"@id\":\"https:\/\/www.schuetzenbruderschaft-allagen.de\/WP_Schuetzen\/#\/schema\/logo\/image\/\",\"url\":\"https:\/\/www.schuetzenbruderschaft-allagen.de\/wp-content\/uploads\/Logo_neu_Farbe.jpg\",\"contentUrl\":\"https:\/\/www.schuetzenbruderschaft-allagen.de\/wp-content\/uploads\/Logo_neu_Farbe.jpg\",\"width\":827,\"height\":1004,\"caption\":\"St. Sebastianus Sch\u00fctzenbruderschaft 1823 Allagen e.V.\"},\"image\":{\"@id\":\"https:\/\/www.schuetzenbruderschaft-allagen.de\/WP_Schuetzen\/#\/schema\/logo\/image\/\"},\"sameAs\":[\"https:\/\/www.facebook.com\/profile.php?id=100064817075577\"]}]}<\/script>\n<!-- \/ Yoast SEO plugin. -->","yoast_head_json":{"title":"Rundgang - Treppenhaus vorderer Hallenteil - einfach gut...seit 1823.","robots":{"index":"index","follow":"follow","max-snippet":"max-snippet:-1","max-image-preview":"max-image-preview:large","max-video-preview":"max-video-preview:-1"},"canonical":"https:\/\/www.schuetzenbruderschaft-allagen.de\/WP_Schuetzen\/rundgang-treppenhaus-vorderer-hallenteil\/","og_locale":"de_DE","og_type":"article","og_title":"Rundgang - Treppenhaus vorderer Hallenteil - einfach gut...seit 1823.","og_description":"Das Treppenhaus f\u00fchrt vom vorderen Teil der Sch\u00fctzenhalle in den Keller zu den Toiletten, dem Ratskeller und der K\u00fcche. Treppenhaus rechts: Treppenhaus links:","og_url":"https:\/\/www.schuetzenbruderschaft-allagen.de\/WP_Schuetzen\/rundgang-treppenhaus-vorderer-hallenteil\/","og_site_name":"einfach gut...seit 1823.","article_publisher":"https:\/\/www.facebook.com\/profile.php?id=100064817075577","og_image":[{"url":"https:\/\/www.schuetzenbruderschaft-allagen.de\/wp-content\/uploads\/Grundriss_Halle_Treppenhaus_rechts.jpg","type":"","width":"","height":""}],"twitter_card":"summary_large_image","schema":{"@context":"https:\/\/schema.org","@graph":[{"@type":"WebPage","@id":"https:\/\/www.schuetzenbruderschaft-allagen.de\/WP_Schuetzen\/rundgang-treppenhaus-vorderer-hallenteil\/","url":"https:\/\/www.schuetzenbruderschaft-allagen.de\/WP_Schuetzen\/rundgang-treppenhaus-vorderer-hallenteil\/","name":"Rundgang - Treppenhaus vorderer Hallenteil - einfach gut...seit 1823.","isPartOf":{"@id":"https:\/\/www.schuetzenbruderschaft-allagen.de\/WP_Schuetzen\/#website"},"primaryImageOfPage":{"@id":"https:\/\/www.schuetzenbruderschaft-allagen.de\/WP_Schuetzen\/rundgang-treppenhaus-vorderer-hallenteil\/#primaryimage"},"image":{"@id":"https:\/\/www.schuetzenbruderschaft-allagen.de\/WP_Schuetzen\/rundgang-treppenhaus-vorderer-hallenteil\/#primaryimage"},"thumbnailUrl":"https:\/\/www.schuetzenbruderschaft-allagen.de\/wp-content\/uploads\/Grundriss_Halle_Treppenhaus_rechts.jpg","datePublished":"2018-02-22T08:09:05+00:00","breadcrumb":{"@id":"https:\/\/www.schuetzenbruderschaft-allagen.de\/WP_Schuetzen\/rundgang-treppenhaus-vorderer-hallenteil\/#breadcrumb"},"inLanguage":"de","potentialAction":[{"@type":"ReadAction","target":["https:\/\/www.schuetzenbruderschaft-allagen.de\/WP_Schuetzen\/rundgang-treppenhaus-vorderer-hallenteil\/"]}]},{"@type":"ImageObject","inLanguage":"de","@id":"https:\/\/www.schuetzenbruderschaft-allagen.de\/WP_Schuetzen\/rundgang-treppenhaus-vorderer-hallenteil\/#primaryimage","url":"https:\/\/www.schuetzenbruderschaft-allagen.de\/wp-content\/uploads\/Grundriss_Halle_Treppenhaus_rechts.jpg","contentUrl":"https:\/\/www.schuetzenbruderschaft-allagen.de\/wp-content\/uploads\/Grundriss_Halle_Treppenhaus_rechts.jpg"},{"@type":"BreadcrumbList","@id":"https:\/\/www.schuetzenbruderschaft-allagen.de\/WP_Schuetzen\/rundgang-treppenhaus-vorderer-hallenteil\/#breadcrumb","itemListElement":[{"@type":"ListItem","position":1,"name":"Home","item":"https:\/\/www.schuetzenbruderschaft-allagen.de\/WP_Schuetzen\/"},{"@type":"ListItem","position":2,"name":"Rundgang &#8211; Treppenhaus vorderer Hallenteil"}]},{"@type":"WebSite","@id":"https:\/\/www.schuetzenbruderschaft-allagen.de\/WP_Schuetzen\/#website","url":"https:\/\/www.schuetzenbruderschaft-allagen.de\/WP_Schuetzen\/","name":"Sch\u00fctzenbruderschaft Allagen - Einfach gut...seit 1823.","description":"St. Sebastianus Sch\u00fctzenbruderschaft 1823 Allagen e.V.","publisher":{"@id":"https:\/\/www.schuetzenbruderschaft-allagen.de\/WP_Schuetzen\/#organization"},"potentialAction":[{"@type":"SearchAction","target":{"@type":"EntryPoint","urlTemplate":"https:\/\/www.schuetzenbruderschaft-allagen.de\/WP_Schuetzen\/?s={search_term_string}"},"query-input":{"@type":"PropertyValueSpecification","valueRequired":true,"valueName":"search_term_string"}}],"inLanguage":"de"},{"@type":"Organization","@id":"https:\/\/www.schuetzenbruderschaft-allagen.de\/WP_Schuetzen\/#organization","name":"St. Sebastianus Sch\u00fctzenbruderschaft 1823 Allagen e.V.","url":"https:\/\/www.schuetzenbruderschaft-allagen.de\/WP_Schuetzen\/","logo":{"@type":"ImageObject","inLanguage":"de","@id":"https:\/\/www.schuetzenbruderschaft-allagen.de\/WP_Schuetzen\/#\/schema\/logo\/image\/","url":"https:\/\/www.schuetzenbruderschaft-allagen.de\/wp-content\/uploads\/Logo_neu_Farbe.jpg","contentUrl":"https:\/\/www.schuetzenbruderschaft-allagen.de\/wp-content\/uploads\/Logo_neu_Farbe.jpg","width":827,"height":1004,"caption":"St. Sebastianus Sch\u00fctzenbruderschaft 1823 Allagen e.V."},"image":{"@id":"https:\/\/www.schuetzenbruderschaft-allagen.de\/WP_Schuetzen\/#\/schema\/logo\/image\/"},"sameAs":["https:\/\/www.facebook.com\/profile.php?id=100064817075577"]}]}},"jetpack_sharing_enabled":true,"_links":{"self":[{"href":"https:\/\/www.schuetzenbruderschaft-allagen.de\/WP_Schuetzen\/wp-json\/wp\/v2\/pages\/4038","targetHints":{"allow":["GET"]}}],"collection":[{"href":"https:\/\/www.schuetzenbruderschaft-allagen.de\/WP_Schuetzen\/wp-json\/wp\/v2\/pages"}],"about":[{"href":"https:\/\/www.schuetzenbruderschaft-allagen.de\/WP_Schuetzen\/wp-json\/wp\/v2\/types\/page"}],"author":[{"embeddable":true,"href":"https:\/\/www.schuetzenbruderschaft-allagen.de\/WP_Schuetzen\/wp-json\/wp\/v2\/users\/1"}],"replies":[{"embeddable":true,"href":"https:\/\/www.schuetzenbruderschaft-allagen.de\/WP_Schuetzen\/wp-json\/wp\/v2\/comments?post=4038"}],"version-history":[{"count":1,"href":"https:\/\/www.schuetzenbruderschaft-allagen.de\/WP_Schuetzen\/wp-json\/wp\/v2\/pages\/4038\/revisions"}],"predecessor-version":[{"id":4040,"href":"https:\/\/www.schuetzenbruderschaft-allagen.de\/WP_Schuetzen\/wp-json\/wp\/v2\/pages\/4038\/revisions\/4040"}],"wp:attachment":[{"href":"https:\/\/www.schuetzenbruderschaft-allagen.de\/WP_Schuetzen\/wp-json\/wp\/v2\/media?parent=4038"}],"curies":[{"name":"wp","href":"https:\/\/api.w.org\/{rel}","templated":true}]}}