{"id":4982,"date":"2021-04-14T09:28:56","date_gmt":"2021-04-14T07:28:56","guid":{"rendered":"https:\/\/www.schuetzenbruderschaft-allagen.de\/WP_Schuetzen\/?page_id=4982"},"modified":"2023-04-24T11:11:52","modified_gmt":"2023-04-24T09:11:52","slug":"vorstand-geschaeftsfuehrend-ab-1945","status":"publish","type":"page","link":"https:\/\/www.schuetzenbruderschaft-allagen.de\/WP_Schuetzen\/vorstand-geschaeftsfuehrend-ab-1945\/","title":{"rendered":"Gesch\u00e4ftsf\u00fchrender Vorstand ab 1862"},"content":{"rendered":"\n<p>Diese Auflistung enth\u00e4lt ausschlie\u00dflich Personalien, die wir anhand der Protokolle belegen k\u00f6nnen. Im Laufe der Jahre ver\u00e4nderte sich die Zusammensetzung unseres Sch\u00fctzenvorstands mehrmals. Schriftlich \u00fcberliefert sind die Vorst\u00e4nde ab dem Jahr 1862:<\/p>\n<p><br \/><strong>Vorsitzender<\/strong> <br \/>fr\u00fcher auch: <br \/>Vorstand (bis 1864) <br \/>Richtmann (1864 &#8211; 1888)<br \/>Vorstand (1888 -1893)<br \/>Pr\u00e4ses oder Vorstand, auch Richtmann (1893 &#8211;\u00a0 1905)<br \/>Vorsitzender (auch weiterhin Pr\u00e4ses, Richtmann oder Vorstand) (1905 &#8211; 1921)<br \/>Vorsitzender (1922 &#8211; 1933)<br \/>Vereinsf\u00fchrer (1933 &#8211; 1945), <br \/>1. Vorsitzender (ab 1947)<br \/>Seit 1955 ist der 1. Vorsitzende auch Oberst.)<\/p>\n<p>1862 &#8211; 1865\u00a0 \u00a0 \u00a0Theodor Ferber<br \/>1865 &#8211; 1866\u00a0 \u00a0 \u00a0Adolf Risse<br \/>1866 &#8211; 1869\u00a0 \u00a0 \u00a0Franz Gerke<br \/>1869 &#8211; 1871\u00a0 \u00a0 \u00a0Heinrich Gosmann<br \/>1871 &#8211; 1889\u00a0 \u00a0 \u00a0nicht \u00fcberliefert<br \/>1889 &#8211; 1893\u00a0 \u00a0 \u00a0Theodor Schulte<br \/>1893 &#8211; 1896\u00a0 \u00a0 \u00a0Franz Sch\u00e4fer<br \/>1897 &#8211; 1908\u00a0 \u00a0 \u00a0Wilhelm Kellerhoff<br \/>1908 &#8211; 1919\u00a0 \u00a0 \u00a0Heinrich Gosmann<br \/>1919 &#8211; 1922\u00a0 \u00a0 \u00a0Anton Rebein<br \/>1922 &#8211; 1924\u00a0 \u00a0 \u00a0Matthias Hense<br \/>1924 &#8211; 1926\u00a0 \u00a0 \u00a0Theodor Gosmann<br \/>1926 &#8211; 1934\u00a0 \u00a0 \u00a0Theodor Pelzer<br \/>1934 &#8211; 1938\u00a0 \u00a0 \u00a0Josef Risse<br \/>1938 &#8211; 1947\u00a0 \u00a0 \u00a0Ferdinand Gerke<br \/>1947 &#8211; 1957\u00a0 \u00a0 \u00a0Ferdinand Struchholz<br \/>1957 &#8211; 1965\u00a0 \u00a0 \u00a0Anton Hillebrand<br \/>1965 &#8211; 1978\u00a0 \u00a0 \u00a0Franz Sch\u00fcth<br \/>1978 &#8211; 1985\u00a0 \u00a0 \u00a0Franz Fromme<br \/>1985 &#8211; 1994\u00a0 \u00a0 \u00a0Gregor Schulte<br \/>1994 &#8211; 2006\u00a0 \u00a0 \u00a0Dieter Becksch\u00e4fer<br \/>2006 &#8211; 2019\u00a0 \u00a0 \u00a0Walter Risse<br \/>seit 2019\u00a0 \u00a0 \u00a0 \u00a0 \u00a0 \u00a0 Hubertus Struchholz<\/p>\n<p>\u00a0<\/p>\n<p><strong>2. Vorsitzender<\/strong> <br \/>fr\u00fcher auch <br \/>Stellvertreter (bis 1921) <br \/>2. Vorsitzender (1921 &#8211; 1934)<br \/>stellv. Vereinsf\u00fchrer und Hauptmann (1934 &#8211; 1947)<br \/>2. Vorsitzender und Hauptmann (1947 &#8211; 1976)<br \/>Seit 1976 ist der 2. Vorsitzende auch Major.<\/p>\n<p><br \/>1869 &#8211; 1871\u00a0 \u00a0 \u00a0Adolf Risse<br \/>1871 &#8211; 1889\u00a0 \u00a0 \u00a0Nicht \u00fcberliefert<br \/>1889 &#8211; 1893\u00a0 \u00a0 \u00a0Caspar R\u00f6ttcker<br \/>1893 &#8211; 1905\u00a0 \u00a0 \u00a0Joseph M\u00fcller (Westendorf)<br \/>1905 &#8211; 1919\u00a0 \u00a0 \u00a0Ferdinand Gerke<br \/>1919 &#8211; 1923\u00a0 \u00a0 \u00a0Caspar P\u00fcster<br \/>1923 &#8211; 1926\u00a0 \u00a0 \u00a0Heinrich Risse<br \/>1926 &#8211; 1926\u00a0 \u00a0 \u00a0Franz Tacke<br \/>1926 &#8211; 1932\u00a0 \u00a0 \u00a0Josef Hense<br \/>1932 &#8211; 1934\u00a0 \u00a0 \u00a0Wilhelm Arens<br \/>1934 &#8211; 1939\u00a0 \u00a0 \u00a0Ferdinand Struchholz<br \/>1939 &#8211; 1947\u00a0 \u00a0 \u00a0Josef Risse<br \/>1947 &#8211; 1953\u00a0 \u00a0 \u00a0Franz M\u00fcnstermann<br \/>1953 &#8211; 1955\u00a0 \u00a0 \u00a0Adolf Klenter<br \/>1955 &#8211; 1963\u00a0 \u00a0 \u00a0Josef Wiggeshoff<br \/>1963 &#8211; 1975\u00a0 \u00a0 \u00a0Theodor Weber<br \/>1975 &#8211; 1978\u00a0 \u00a0 \u00a0Franz Fromme<br \/>1978 &#8211; 1985\u00a0 \u00a0 \u00a0Gregor Schulte<br \/>1985 &#8211; 1994\u00a0 \u00a0 \u00a0Dieter Becksch\u00e4fer<br \/>1994 &#8211; 2004\u00a0 \u00a0 \u00a0Wolfgang Rusche<br \/>2004 &#8211; 2006\u00a0 \u00a0 \u00a0Walter Risse<br \/>2006 &#8211; 2016\u00a0 \u00a0 \u00a0Martin Wagener<br \/>2016 &#8211; 2020\u00a0 \u00a0 \u00a0Frank Wolter<br \/>2020 &#8211; 2023\u00a0 \u00a0 \u00a0Tobias Piekarz<br \/>seit 2023\u00a0 \u00a0 \u00a0 \u00a0 \u00a0 \u00a0 Michael Wirth<\/p>\n<p>\u00a0<\/p>\n<p><strong>Rendant<\/strong> <br \/>fr\u00fcher auch <br \/>Rechnungsf\u00fchrer (1868)<br \/>Rendant (1868 &#8211; 1934)<br \/>Kassenf\u00fchrer (1934 &#8211; 1947)<br \/>1. und 2. Kassierer (1947 &#8211; 1957)<br \/>Kassierer (1957 &#8211; 1961)<br \/>seit 1961 Rendant<\/p>\n<p>1868 &#8211; 1871\u00a0 \u00a0 \u00a0Ferdinand Ferber<br \/>1871 &#8211; 1889\u00a0 \u00a0 \u00a0Nicht \u00fcberliefert<br \/>1889 &#8211; 1893\u00a0 \u00a0 \u00a0Franz Gerke sen.<br \/>1893 &#8211; 1902\u00a0 \u00a0 \u00a0Philipp Linnhoff<br \/>1902 &#8211; 1913\u00a0 \u00a0 \u00a0Josef Schulte<br \/>1913 &#8211; 1916\u00a0 \u00a0 \u00a0Franz Michel<br \/>1916 &#8211; 1919\u00a0 \u00a0 \u00a0Josef Schulte<br \/>1919 &#8211; 1922\u00a0 \u00a0 \u00a0Wilhelm Rusche<br \/>1922 &#8211; 1926\u00a0 \u00a0 \u00a0Caspar Gosmann<br \/>1926 &#8211; 1939\u00a0 \u00a0 \u00a0Kaspar N\u00fcbel<br \/>1939 &#8211; 1947\u00a0 \u00a0 \u00a0Josef K\u00fchle<br \/>1947 &#8211; 1950\u00a0 \u00a0 \u00a0Franz Gosmann<br \/>1950 &#8211; 1953\u00a0 \u00a0 \u00a0Rudolf M\u00fcller<br \/>1953 &#8211; 1977\u00a0 \u00a0 \u00a0Franz Schmidt<br \/>1977 &#8211; 1985\u00a0 \u00a0 \u00a0Ferdinand Linnhoff<br \/>1985 &#8211; 1996\u00a0 \u00a0 \u00a0Franz Schr\u00f6der<br \/>1996 &#8211; 2013\u00a0 \u00a0 \u00a0Hans-J\u00fcrgen Severin<br \/>2013 &#8211; 2022\u00a0 \u00a0 \u00a0Martin Kellerhoff<br \/>seit 2022\u00a0 \u00a0 \u00a0 \u00a0 \u00a0 \u00a0Daniel Salzmann<\/p>\n<p>\u00a0<\/p>\n<p><strong>Schriftf\u00fchrer:<br \/><\/strong>(Das Amt des Schriftf\u00fchrers wird 1934 erstmalig erw\u00e4hnt)<br \/><br \/>1934 &#8211; 1939\u00a0 \u00a0 \u00a0Wilhelm Arens<br \/>1939 &#8211; 1947\u00a0 \u00a0 \u00a0Josef P\u00fcster<br \/>1947 &#8211; 1948\u00a0 \u00a0 \u00a0Franz K\u00f6hler<br \/>1948 &#8211; 1959\u00a0 \u00a0 \u00a0Franz Trost<br \/>1959 &#8211; 1971\u00a0 \u00a0 \u00a0Franz Severin<br \/>1971 &#8211; 1989\u00a0 \u00a0 \u00a0Wilhelm Struchholz<br \/>1989 &#8211; 2003\u00a0 \u00a0 \u00a0Hans-Dieter M\u00fcnstermann<br \/>2003 &#8211; 2015\u00a0 \u00a0 \u00a0Berthold Risse<br \/>2015 &#8211; 2019\u00a0 \u00a0 \u00a0Hubertus Struchholz<br \/>seit 2019\u00a0 \u00a0 \u00a0 \u00a0 \u00a0 \u00a0Burkhard Keseberg<\/p>\n<p>\u00a0<\/p>\n<p><strong>Adjutant:<br \/><\/strong>fr\u00fcher auch: Sch\u00fctzendiener<br \/>(Das Amt des Sch\u00fctzendieners wird 1888 erstmalig erw\u00e4hnt. Seit dem Jahr 2020 geh\u00f6rt der Adjutant dem gesch\u00e4ftsf\u00fchrenden Vorstand an.)<\/p>\n<p>1888 &#8211; 1889\u00a0 \u00a0 \u00a0Nicht \u00fcberliefert<br \/>1890 &#8211; 1890\u00a0 \u00a0 \u00a0Josef Luig (verstarb kurz nach seiner Wahl)<br \/>1890 &#8211; 1896\u00a0 \u00a0 \u00a0Wienold Linnhoff<br \/>1896 &#8211; 1899\u00a0 \u00a0 \u00a0T. Schulte<br \/>1899 &#8211; 1902\u00a0 \u00a0 \u00a0Josef Ahle<br \/>1902 &#8211; 1903\u00a0 \u00a0 \u00a0Wilhelm Schulte<br \/>1903 &#8211; 1904\u00a0 \u00a0 \u00a0Fritz Gosmann<br \/>1904 &#8211; 1908\u00a0 \u00a0 \u00a0Franz Tacke<br \/>1908 &#8211; 1909\u00a0 \u00a0 \u00a0Fritz Luig<br \/>1909 &#8211; 1911\u00a0 \u00a0 \u00a0Franz M\u00fcller (Anh\u00f6he)<br \/>1911 &#8211; 1914\u00a0 \u00a0 \u00a0Wilhelm Schulte (gen. G\u00e4rtner)<br \/>1914 &#8211; 1914\u00a0 \u00a0 \u00a0Franz Schulte (wurde zum Kriegsdienst einberufen)<br \/>1914 &#8211; 1919\u00a0 \u00a0 \u00a0Caspar Kellerhoff sen.<br \/>1919 &#8211; 1923\u00a0 \u00a0 \u00a0Wilhelm Schulte (gen. G\u00e4rtner)<br \/>1923 &#8211; 1924\u00a0 \u00a0 \u00a0Theodor Pelzer<br \/>1924 &#8211; 1928\u00a0 \u00a0 \u00a0Franz M\u00fcller (Anh\u00f6he)<br \/>1928 &#8211; 1930\u00a0 \u00a0 \u00a0Theodor Risse<br \/>1930 &#8211; 1934\u00a0 \u00a0 \u00a0Ferdinand K\u00f6hler<br \/>1934 &#8211; 1947\u00a0 \u00a0 \u00a0nicht \u00fcberliefert*<br \/>1947 &#8211; 1971\u00a0 \u00a0 \u00a0Heinrich Peck<br \/>1971 &#8211; 1975\u00a0 \u00a0 \u00a0Bernhard Luig<br \/>1975 &#8211; 1979\u00a0 \u00a0 \u00a0Josef Risse<br \/>1979 &#8211; 1991\u00a0 \u00a0 \u00a0G\u00fcnter Kemper<br \/>1991 &#8211; 1995\u00a0 \u00a0 \u00a0Donat Korf<br \/>1995 &#8211; 2007\u00a0 \u00a0 \u00a0Heinz Wagener<br \/>2007 &#8211; 2016\u00a0 \u00a0 \u00a0Andreas Filthaut<br \/>seit 2016\u00a0 \u00a0 \u00a0 \u00a0 \u00a0 \u00a0Markus Buchheister<\/p>\n<p>*In den Jahren 1934 &#8211; 1947 wird das Amt des &#8222;Sch\u00fctzendieners&#8220; nicht in den Protokollen erw\u00e4hnt. Es ist davon auszugehen, dass das Amt in diesen Jahren nicht existierte.<\/p>\n","protected":false},"excerpt":{"rendered":"<p>Diese Auflistung enth\u00e4lt ausschlie\u00dflich Personalien, die wir anhand der Protokolle belegen k\u00f6nnen. Im Laufe der Jahre ver\u00e4nderte sich die Zusammensetzung unseres Sch\u00fctzenvorstands mehrmals. Schriftlich \u00fcberliefert sind die Vorst\u00e4nde ab dem Jahr 1862: Vorsitzender fr\u00fcher auch: Vorstand (bis 1864) Richtmann (1864 &#8211; 1888)Vorstand (1888 -1893)Pr\u00e4ses oder Vorstand, auch Richtmann (1893 &#8211;\u00a0 1905)Vorsitzender (auch weiterhin Pr\u00e4ses, Richtmann &hellip; <a href=\"https:\/\/www.schuetzenbruderschaft-allagen.de\/WP_Schuetzen\/vorstand-geschaeftsfuehrend-ab-1945\/\" class=\"more-link\"><span class=\"screen-reader-text\">Gesch\u00e4ftsf\u00fchrender Vorstand ab 1862<\/span> weiterlesen <span class=\"meta-nav\">&rarr;<\/span><\/a><\/p>\n","protected":false},"author":1,"featured_media":0,"parent":0,"menu_order":0,"comment_status":"closed","ping_status":"closed","template":"","meta":{"footnotes":""},"class_list":["post-4982","page","type-page","status-publish","hentry"],"yoast_head":"<!-- This site is optimized with the Yoast SEO plugin v26.9 - https:\/\/yoast.com\/product\/yoast-seo-wordpress\/ -->\n<title>Gesch\u00e4ftsf\u00fchrender Vorstand ab 1862 - einfach gut...seit 1823.<\/title>\n<meta name=\"robots\" content=\"index, follow, max-snippet:-1, max-image-preview:large, max-video-preview:-1\" \/>\n<link rel=\"canonical\" href=\"https:\/\/www.schuetzenbruderschaft-allagen.de\/WP_Schuetzen\/vorstand-geschaeftsfuehrend-ab-1945\/\" \/>\n<meta property=\"og:locale\" content=\"de_DE\" \/>\n<meta property=\"og:type\" content=\"article\" \/>\n<meta property=\"og:title\" content=\"Gesch\u00e4ftsf\u00fchrender Vorstand ab 1862 - einfach gut...seit 1823.\" \/>\n<meta property=\"og:description\" content=\"Diese Auflistung enth\u00e4lt ausschlie\u00dflich Personalien, die wir anhand der Protokolle belegen k\u00f6nnen. Im Laufe der Jahre ver\u00e4nderte sich die Zusammensetzung unseres Sch\u00fctzenvorstands mehrmals. Schriftlich \u00fcberliefert sind die Vorst\u00e4nde ab dem Jahr 1862: Vorsitzender fr\u00fcher auch: Vorstand (bis 1864) Richtmann (1864 &#8211; 1888)Vorstand (1888 -1893)Pr\u00e4ses oder Vorstand, auch Richtmann (1893 &#8211;\u00a0 1905)Vorsitzender (auch weiterhin Pr\u00e4ses, Richtmann &hellip; Gesch\u00e4ftsf\u00fchrender Vorstand ab 1862 weiterlesen &rarr;\" \/>\n<meta property=\"og:url\" content=\"https:\/\/www.schuetzenbruderschaft-allagen.de\/WP_Schuetzen\/vorstand-geschaeftsfuehrend-ab-1945\/\" \/>\n<meta property=\"og:site_name\" content=\"einfach gut...seit 1823.\" \/>\n<meta property=\"article:publisher\" content=\"https:\/\/www.facebook.com\/profile.php?id=100064817075577\" \/>\n<meta property=\"article:modified_time\" content=\"2023-04-24T09:11:52+00:00\" \/>\n<meta name=\"twitter:card\" content=\"summary_large_image\" \/>\n<meta name=\"twitter:label1\" content=\"Gesch\u00e4tzte Lesezeit\" \/>\n\t<meta name=\"twitter:data1\" content=\"4\u00a0Minuten\" \/>\n<script type=\"application\/ld+json\" class=\"yoast-schema-graph\">{\"@context\":\"https:\/\/schema.org\",\"@graph\":[{\"@type\":\"WebPage\",\"@id\":\"https:\/\/www.schuetzenbruderschaft-allagen.de\/WP_Schuetzen\/vorstand-geschaeftsfuehrend-ab-1945\/\",\"url\":\"https:\/\/www.schuetzenbruderschaft-allagen.de\/WP_Schuetzen\/vorstand-geschaeftsfuehrend-ab-1945\/\",\"name\":\"Gesch\u00e4ftsf\u00fchrender Vorstand ab 1862 - einfach gut...seit 1823.\",\"isPartOf\":{\"@id\":\"https:\/\/www.schuetzenbruderschaft-allagen.de\/WP_Schuetzen\/#website\"},\"datePublished\":\"2021-04-14T07:28:56+00:00\",\"dateModified\":\"2023-04-24T09:11:52+00:00\",\"breadcrumb\":{\"@id\":\"https:\/\/www.schuetzenbruderschaft-allagen.de\/WP_Schuetzen\/vorstand-geschaeftsfuehrend-ab-1945\/#breadcrumb\"},\"inLanguage\":\"de\",\"potentialAction\":[{\"@type\":\"ReadAction\",\"target\":[\"https:\/\/www.schuetzenbruderschaft-allagen.de\/WP_Schuetzen\/vorstand-geschaeftsfuehrend-ab-1945\/\"]}]},{\"@type\":\"BreadcrumbList\",\"@id\":\"https:\/\/www.schuetzenbruderschaft-allagen.de\/WP_Schuetzen\/vorstand-geschaeftsfuehrend-ab-1945\/#breadcrumb\",\"itemListElement\":[{\"@type\":\"ListItem\",\"position\":1,\"name\":\"Home\",\"item\":\"https:\/\/www.schuetzenbruderschaft-allagen.de\/WP_Schuetzen\/\"},{\"@type\":\"ListItem\",\"position\":2,\"name\":\"Gesch\u00e4ftsf\u00fchrender Vorstand ab 1862\"}]},{\"@type\":\"WebSite\",\"@id\":\"https:\/\/www.schuetzenbruderschaft-allagen.de\/WP_Schuetzen\/#website\",\"url\":\"https:\/\/www.schuetzenbruderschaft-allagen.de\/WP_Schuetzen\/\",\"name\":\"Sch\u00fctzenbruderschaft Allagen - Einfach gut...seit 1823.\",\"description\":\"St. Sebastianus Sch\u00fctzenbruderschaft 1823 Allagen e.V.\",\"publisher\":{\"@id\":\"https:\/\/www.schuetzenbruderschaft-allagen.de\/WP_Schuetzen\/#organization\"},\"potentialAction\":[{\"@type\":\"SearchAction\",\"target\":{\"@type\":\"EntryPoint\",\"urlTemplate\":\"https:\/\/www.schuetzenbruderschaft-allagen.de\/WP_Schuetzen\/?s={search_term_string}\"},\"query-input\":{\"@type\":\"PropertyValueSpecification\",\"valueRequired\":true,\"valueName\":\"search_term_string\"}}],\"inLanguage\":\"de\"},{\"@type\":\"Organization\",\"@id\":\"https:\/\/www.schuetzenbruderschaft-allagen.de\/WP_Schuetzen\/#organization\",\"name\":\"St. Sebastianus Sch\u00fctzenbruderschaft 1823 Allagen e.V.\",\"url\":\"https:\/\/www.schuetzenbruderschaft-allagen.de\/WP_Schuetzen\/\",\"logo\":{\"@type\":\"ImageObject\",\"inLanguage\":\"de\",\"@id\":\"https:\/\/www.schuetzenbruderschaft-allagen.de\/WP_Schuetzen\/#\/schema\/logo\/image\/\",\"url\":\"https:\/\/www.schuetzenbruderschaft-allagen.de\/wp-content\/uploads\/Logo_neu_Farbe.jpg\",\"contentUrl\":\"https:\/\/www.schuetzenbruderschaft-allagen.de\/wp-content\/uploads\/Logo_neu_Farbe.jpg\",\"width\":827,\"height\":1004,\"caption\":\"St. Sebastianus Sch\u00fctzenbruderschaft 1823 Allagen e.V.\"},\"image\":{\"@id\":\"https:\/\/www.schuetzenbruderschaft-allagen.de\/WP_Schuetzen\/#\/schema\/logo\/image\/\"},\"sameAs\":[\"https:\/\/www.facebook.com\/profile.php?id=100064817075577\"]}]}<\/script>\n<!-- \/ Yoast SEO plugin. -->","yoast_head_json":{"title":"Gesch\u00e4ftsf\u00fchrender Vorstand ab 1862 - einfach gut...seit 1823.","robots":{"index":"index","follow":"follow","max-snippet":"max-snippet:-1","max-image-preview":"max-image-preview:large","max-video-preview":"max-video-preview:-1"},"canonical":"https:\/\/www.schuetzenbruderschaft-allagen.de\/WP_Schuetzen\/vorstand-geschaeftsfuehrend-ab-1945\/","og_locale":"de_DE","og_type":"article","og_title":"Gesch\u00e4ftsf\u00fchrender Vorstand ab 1862 - einfach gut...seit 1823.","og_description":"Diese Auflistung enth\u00e4lt ausschlie\u00dflich Personalien, die wir anhand der Protokolle belegen k\u00f6nnen. Im Laufe der Jahre ver\u00e4nderte sich die Zusammensetzung unseres Sch\u00fctzenvorstands mehrmals. Schriftlich \u00fcberliefert sind die Vorst\u00e4nde ab dem Jahr 1862: Vorsitzender fr\u00fcher auch: Vorstand (bis 1864) Richtmann (1864 &#8211; 1888)Vorstand (1888 -1893)Pr\u00e4ses oder Vorstand, auch Richtmann (1893 &#8211;\u00a0 1905)Vorsitzender (auch weiterhin Pr\u00e4ses, Richtmann &hellip; Gesch\u00e4ftsf\u00fchrender Vorstand ab 1862 weiterlesen &rarr;","og_url":"https:\/\/www.schuetzenbruderschaft-allagen.de\/WP_Schuetzen\/vorstand-geschaeftsfuehrend-ab-1945\/","og_site_name":"einfach gut...seit 1823.","article_publisher":"https:\/\/www.facebook.com\/profile.php?id=100064817075577","article_modified_time":"2023-04-24T09:11:52+00:00","twitter_card":"summary_large_image","twitter_misc":{"Gesch\u00e4tzte Lesezeit":"4\u00a0Minuten"},"schema":{"@context":"https:\/\/schema.org","@graph":[{"@type":"WebPage","@id":"https:\/\/www.schuetzenbruderschaft-allagen.de\/WP_Schuetzen\/vorstand-geschaeftsfuehrend-ab-1945\/","url":"https:\/\/www.schuetzenbruderschaft-allagen.de\/WP_Schuetzen\/vorstand-geschaeftsfuehrend-ab-1945\/","name":"Gesch\u00e4ftsf\u00fchrender Vorstand ab 1862 - einfach gut...seit 1823.","isPartOf":{"@id":"https:\/\/www.schuetzenbruderschaft-allagen.de\/WP_Schuetzen\/#website"},"datePublished":"2021-04-14T07:28:56+00:00","dateModified":"2023-04-24T09:11:52+00:00","breadcrumb":{"@id":"https:\/\/www.schuetzenbruderschaft-allagen.de\/WP_Schuetzen\/vorstand-geschaeftsfuehrend-ab-1945\/#breadcrumb"},"inLanguage":"de","potentialAction":[{"@type":"ReadAction","target":["https:\/\/www.schuetzenbruderschaft-allagen.de\/WP_Schuetzen\/vorstand-geschaeftsfuehrend-ab-1945\/"]}]},{"@type":"BreadcrumbList","@id":"https:\/\/www.schuetzenbruderschaft-allagen.de\/WP_Schuetzen\/vorstand-geschaeftsfuehrend-ab-1945\/#breadcrumb","itemListElement":[{"@type":"ListItem","position":1,"name":"Home","item":"https:\/\/www.schuetzenbruderschaft-allagen.de\/WP_Schuetzen\/"},{"@type":"ListItem","position":2,"name":"Gesch\u00e4ftsf\u00fchrender Vorstand ab 1862"}]},{"@type":"WebSite","@id":"https:\/\/www.schuetzenbruderschaft-allagen.de\/WP_Schuetzen\/#website","url":"https:\/\/www.schuetzenbruderschaft-allagen.de\/WP_Schuetzen\/","name":"Sch\u00fctzenbruderschaft Allagen - Einfach gut...seit 1823.","description":"St. Sebastianus Sch\u00fctzenbruderschaft 1823 Allagen e.V.","publisher":{"@id":"https:\/\/www.schuetzenbruderschaft-allagen.de\/WP_Schuetzen\/#organization"},"potentialAction":[{"@type":"SearchAction","target":{"@type":"EntryPoint","urlTemplate":"https:\/\/www.schuetzenbruderschaft-allagen.de\/WP_Schuetzen\/?s={search_term_string}"},"query-input":{"@type":"PropertyValueSpecification","valueRequired":true,"valueName":"search_term_string"}}],"inLanguage":"de"},{"@type":"Organization","@id":"https:\/\/www.schuetzenbruderschaft-allagen.de\/WP_Schuetzen\/#organization","name":"St. Sebastianus Sch\u00fctzenbruderschaft 1823 Allagen e.V.","url":"https:\/\/www.schuetzenbruderschaft-allagen.de\/WP_Schuetzen\/","logo":{"@type":"ImageObject","inLanguage":"de","@id":"https:\/\/www.schuetzenbruderschaft-allagen.de\/WP_Schuetzen\/#\/schema\/logo\/image\/","url":"https:\/\/www.schuetzenbruderschaft-allagen.de\/wp-content\/uploads\/Logo_neu_Farbe.jpg","contentUrl":"https:\/\/www.schuetzenbruderschaft-allagen.de\/wp-content\/uploads\/Logo_neu_Farbe.jpg","width":827,"height":1004,"caption":"St. Sebastianus Sch\u00fctzenbruderschaft 1823 Allagen e.V."},"image":{"@id":"https:\/\/www.schuetzenbruderschaft-allagen.de\/WP_Schuetzen\/#\/schema\/logo\/image\/"},"sameAs":["https:\/\/www.facebook.com\/profile.php?id=100064817075577"]}]}},"jetpack_sharing_enabled":true,"_links":{"self":[{"href":"https:\/\/www.schuetzenbruderschaft-allagen.de\/WP_Schuetzen\/wp-json\/wp\/v2\/pages\/4982","targetHints":{"allow":["GET"]}}],"collection":[{"href":"https:\/\/www.schuetzenbruderschaft-allagen.de\/WP_Schuetzen\/wp-json\/wp\/v2\/pages"}],"about":[{"href":"https:\/\/www.schuetzenbruderschaft-allagen.de\/WP_Schuetzen\/wp-json\/wp\/v2\/types\/page"}],"author":[{"embeddable":true,"href":"https:\/\/www.schuetzenbruderschaft-allagen.de\/WP_Schuetzen\/wp-json\/wp\/v2\/users\/1"}],"replies":[{"embeddable":true,"href":"https:\/\/www.schuetzenbruderschaft-allagen.de\/WP_Schuetzen\/wp-json\/wp\/v2\/comments?post=4982"}],"version-history":[{"count":9,"href":"https:\/\/www.schuetzenbruderschaft-allagen.de\/WP_Schuetzen\/wp-json\/wp\/v2\/pages\/4982\/revisions"}],"predecessor-version":[{"id":6259,"href":"https:\/\/www.schuetzenbruderschaft-allagen.de\/WP_Schuetzen\/wp-json\/wp\/v2\/pages\/4982\/revisions\/6259"}],"wp:attachment":[{"href":"https:\/\/www.schuetzenbruderschaft-allagen.de\/WP_Schuetzen\/wp-json\/wp\/v2\/media?parent=4982"}],"curies":[{"name":"wp","href":"https:\/\/api.w.org\/{rel}","templated":true}]}}