{"id":624,"date":"2015-01-22T17:25:36","date_gmt":"2015-01-22T16:25:36","guid":{"rendered":"http:\/\/www.schuetzenbruderschaft-allagen.de\/WP_Schuetzen\/?page_id=624"},"modified":"2021-04-12T22:29:07","modified_gmt":"2021-04-12T20:29:07","slug":"newsletter-infos","status":"publish","type":"page","link":"https:\/\/www.schuetzenbruderschaft-allagen.de\/WP_Schuetzen\/newsletter-infos\/","title":{"rendered":"Newsletter Anmeldung"},"content":{"rendered":"<p>Hier haben Sie die M\u00f6glichkeit, euch f\u00fcr unseren neuen Sch\u00fctzen-Newsletter anzumelden.<br \/>\nEr wird unregelm\u00e4\u00dfig erscheinen und ist vollgepackt mit allen Neuigkeiten rund um die St. Sebastianus Sch\u00fctzenbruderschaft 1823 Allagen e.V.<\/p>\n<p>Solltet Ihr Fragen, Anregungen oder auch Kritik zu unserem Newsletter loswerden wollen, schickt sie bitte einfach an <a href=\"mailto:news@schuetzenbruderschaft-allagen.de\">news@schuetzenbruderschaft-allagen.de<\/a><\/p>\n<p>Unser Newsletter ist nat\u00fcrlich vollkommen kostenlos und unverbindlich.<\/p>\r\n<p>Es werden keinerlei Daten an Dritte weitergegeben und diese Daten auch nicht f\u00fcr Marketingaktionen <br \/>zweckentfremdet. <br \/>Man erh\u00e4lt nach Absenden der Anmeldung eine E-Mail, die best\u00e4tigt werden muss. (gesetzlich vorgeschrieben!)<br \/>Anderenfalls kann man leider nicht f\u00fcr den Newsletter freigeschaltet werden.<\/p>\n","protected":false},"excerpt":{"rendered":"<p>Hier haben Sie die M\u00f6glichkeit, euch f\u00fcr unseren neuen Sch\u00fctzen-Newsletter anzumelden. Er wird unregelm\u00e4\u00dfig erscheinen und ist vollgepackt mit allen Neuigkeiten rund um die St. Sebastianus Sch\u00fctzenbruderschaft 1823 Allagen e.V. Solltet Ihr Fragen, Anregungen oder auch Kritik zu unserem Newsletter loswerden wollen, schickt sie bitte einfach an news@schuetzenbruderschaft-allagen.de<\/p>\n","protected":false},"author":1,"featured_media":0,"parent":0,"menu_order":0,"comment_status":"closed","ping_status":"open","template":"","meta":{"footnotes":""},"class_list":["post-624","page","type-page","status-publish","hentry"],"yoast_head":"<!-- This site is optimized with the Yoast SEO plugin v27.5 - https:\/\/yoast.com\/product\/yoast-seo-wordpress\/ -->\n<title>Newsletter Informationen<\/title>\n<meta name=\"robots\" content=\"index, follow, max-snippet:-1, max-image-preview:large, max-video-preview:-1\" \/>\n<link rel=\"canonical\" href=\"https:\/\/www.schuetzenbruderschaft-allagen.de\/WP_Schuetzen\/newsletter-infos\/\" \/>\n<meta property=\"og:locale\" content=\"de_DE\" \/>\n<meta property=\"og:type\" content=\"article\" \/>\n<meta property=\"og:title\" content=\"Newsletter Informationen\" \/>\n<meta property=\"og:description\" content=\"Hier haben Sie die M\u00f6glichkeit, euch f\u00fcr unseren neuen Sch\u00fctzen-Newsletter anzumelden. Er wird unregelm\u00e4\u00dfig erscheinen und ist vollgepackt mit allen Neuigkeiten rund um die St. Sebastianus Sch\u00fctzenbruderschaft 1823 Allagen e.V. Solltet Ihr Fragen, Anregungen oder auch Kritik zu unserem Newsletter loswerden wollen, schickt sie bitte einfach an news@schuetzenbruderschaft-allagen.de\" \/>\n<meta property=\"og:url\" content=\"https:\/\/www.schuetzenbruderschaft-allagen.de\/WP_Schuetzen\/newsletter-infos\/\" \/>\n<meta property=\"og:site_name\" content=\"einfach gut...seit 1823.\" \/>\n<meta property=\"article:publisher\" content=\"https:\/\/www.facebook.com\/profile.php?id=100064817075577\" \/>\n<meta property=\"article:modified_time\" content=\"2021-04-12T20:29:07+00:00\" \/>\n<meta name=\"twitter:card\" content=\"summary_large_image\" \/>\n<meta name=\"twitter:label1\" content=\"Gesch\u00e4tzte Lesezeit\" \/>\n\t<meta name=\"twitter:data1\" content=\"1\u00a0Minute\" \/>\n<script type=\"application\/ld+json\" class=\"yoast-schema-graph\">{\"@context\":\"https:\\\/\\\/schema.org\",\"@graph\":[{\"@type\":\"WebPage\",\"@id\":\"https:\\\/\\\/www.schuetzenbruderschaft-allagen.de\\\/WP_Schuetzen\\\/newsletter-infos\\\/\",\"url\":\"https:\\\/\\\/www.schuetzenbruderschaft-allagen.de\\\/WP_Schuetzen\\\/newsletter-infos\\\/\",\"name\":\"Newsletter Informationen\",\"isPartOf\":{\"@id\":\"https:\\\/\\\/www.schuetzenbruderschaft-allagen.de\\\/WP_Schuetzen\\\/#website\"},\"datePublished\":\"2015-01-22T16:25:36+00:00\",\"dateModified\":\"2021-04-12T20:29:07+00:00\",\"breadcrumb\":{\"@id\":\"https:\\\/\\\/www.schuetzenbruderschaft-allagen.de\\\/WP_Schuetzen\\\/newsletter-infos\\\/#breadcrumb\"},\"inLanguage\":\"de\",\"potentialAction\":[{\"@type\":\"ReadAction\",\"target\":[\"https:\\\/\\\/www.schuetzenbruderschaft-allagen.de\\\/WP_Schuetzen\\\/newsletter-infos\\\/\"]}]},{\"@type\":\"BreadcrumbList\",\"@id\":\"https:\\\/\\\/www.schuetzenbruderschaft-allagen.de\\\/WP_Schuetzen\\\/newsletter-infos\\\/#breadcrumb\",\"itemListElement\":[{\"@type\":\"ListItem\",\"position\":1,\"name\":\"Home\",\"item\":\"https:\\\/\\\/www.schuetzenbruderschaft-allagen.de\\\/WP_Schuetzen\\\/\"},{\"@type\":\"ListItem\",\"position\":2,\"name\":\"Newsletter Anmeldung\"}]},{\"@type\":\"WebSite\",\"@id\":\"https:\\\/\\\/www.schuetzenbruderschaft-allagen.de\\\/WP_Schuetzen\\\/#website\",\"url\":\"https:\\\/\\\/www.schuetzenbruderschaft-allagen.de\\\/WP_Schuetzen\\\/\",\"name\":\"Sch\u00fctzenbruderschaft Allagen - Einfach gut...seit 1823.\",\"description\":\"St. Sebastianus Sch\u00fctzenbruderschaft 1823 Allagen e.V.\",\"publisher\":{\"@id\":\"https:\\\/\\\/www.schuetzenbruderschaft-allagen.de\\\/WP_Schuetzen\\\/#organization\"},\"potentialAction\":[{\"@type\":\"SearchAction\",\"target\":{\"@type\":\"EntryPoint\",\"urlTemplate\":\"https:\\\/\\\/www.schuetzenbruderschaft-allagen.de\\\/WP_Schuetzen\\\/?s={search_term_string}\"},\"query-input\":{\"@type\":\"PropertyValueSpecification\",\"valueRequired\":true,\"valueName\":\"search_term_string\"}}],\"inLanguage\":\"de\"},{\"@type\":\"Organization\",\"@id\":\"https:\\\/\\\/www.schuetzenbruderschaft-allagen.de\\\/WP_Schuetzen\\\/#organization\",\"name\":\"St. Sebastianus Sch\u00fctzenbruderschaft 1823 Allagen e.V.\",\"url\":\"https:\\\/\\\/www.schuetzenbruderschaft-allagen.de\\\/WP_Schuetzen\\\/\",\"logo\":{\"@type\":\"ImageObject\",\"inLanguage\":\"de\",\"@id\":\"https:\\\/\\\/www.schuetzenbruderschaft-allagen.de\\\/WP_Schuetzen\\\/#\\\/schema\\\/logo\\\/image\\\/\",\"url\":\"https:\\\/\\\/www.schuetzenbruderschaft-allagen.de\\\/wp-content\\\/uploads\\\/Logo_neu_Farbe.jpg\",\"contentUrl\":\"https:\\\/\\\/www.schuetzenbruderschaft-allagen.de\\\/wp-content\\\/uploads\\\/Logo_neu_Farbe.jpg\",\"width\":827,\"height\":1004,\"caption\":\"St. Sebastianus Sch\u00fctzenbruderschaft 1823 Allagen e.V.\"},\"image\":{\"@id\":\"https:\\\/\\\/www.schuetzenbruderschaft-allagen.de\\\/WP_Schuetzen\\\/#\\\/schema\\\/logo\\\/image\\\/\"},\"sameAs\":[\"https:\\\/\\\/www.facebook.com\\\/profile.php?id=100064817075577\"]}]}<\/script>\n<!-- \/ Yoast SEO plugin. -->","yoast_head_json":{"title":"Newsletter Informationen","robots":{"index":"index","follow":"follow","max-snippet":"max-snippet:-1","max-image-preview":"max-image-preview:large","max-video-preview":"max-video-preview:-1"},"canonical":"https:\/\/www.schuetzenbruderschaft-allagen.de\/WP_Schuetzen\/newsletter-infos\/","og_locale":"de_DE","og_type":"article","og_title":"Newsletter Informationen","og_description":"Hier haben Sie die M\u00f6glichkeit, euch f\u00fcr unseren neuen Sch\u00fctzen-Newsletter anzumelden. Er wird unregelm\u00e4\u00dfig erscheinen und ist vollgepackt mit allen Neuigkeiten rund um die St. Sebastianus Sch\u00fctzenbruderschaft 1823 Allagen e.V. Solltet Ihr Fragen, Anregungen oder auch Kritik zu unserem Newsletter loswerden wollen, schickt sie bitte einfach an news@schuetzenbruderschaft-allagen.de","og_url":"https:\/\/www.schuetzenbruderschaft-allagen.de\/WP_Schuetzen\/newsletter-infos\/","og_site_name":"einfach gut...seit 1823.","article_publisher":"https:\/\/www.facebook.com\/profile.php?id=100064817075577","article_modified_time":"2021-04-12T20:29:07+00:00","twitter_card":"summary_large_image","twitter_misc":{"Gesch\u00e4tzte Lesezeit":"1\u00a0Minute"},"schema":{"@context":"https:\/\/schema.org","@graph":[{"@type":"WebPage","@id":"https:\/\/www.schuetzenbruderschaft-allagen.de\/WP_Schuetzen\/newsletter-infos\/","url":"https:\/\/www.schuetzenbruderschaft-allagen.de\/WP_Schuetzen\/newsletter-infos\/","name":"Newsletter Informationen","isPartOf":{"@id":"https:\/\/www.schuetzenbruderschaft-allagen.de\/WP_Schuetzen\/#website"},"datePublished":"2015-01-22T16:25:36+00:00","dateModified":"2021-04-12T20:29:07+00:00","breadcrumb":{"@id":"https:\/\/www.schuetzenbruderschaft-allagen.de\/WP_Schuetzen\/newsletter-infos\/#breadcrumb"},"inLanguage":"de","potentialAction":[{"@type":"ReadAction","target":["https:\/\/www.schuetzenbruderschaft-allagen.de\/WP_Schuetzen\/newsletter-infos\/"]}]},{"@type":"BreadcrumbList","@id":"https:\/\/www.schuetzenbruderschaft-allagen.de\/WP_Schuetzen\/newsletter-infos\/#breadcrumb","itemListElement":[{"@type":"ListItem","position":1,"name":"Home","item":"https:\/\/www.schuetzenbruderschaft-allagen.de\/WP_Schuetzen\/"},{"@type":"ListItem","position":2,"name":"Newsletter Anmeldung"}]},{"@type":"WebSite","@id":"https:\/\/www.schuetzenbruderschaft-allagen.de\/WP_Schuetzen\/#website","url":"https:\/\/www.schuetzenbruderschaft-allagen.de\/WP_Schuetzen\/","name":"Sch\u00fctzenbruderschaft Allagen - Einfach gut...seit 1823.","description":"St. Sebastianus Sch\u00fctzenbruderschaft 1823 Allagen e.V.","publisher":{"@id":"https:\/\/www.schuetzenbruderschaft-allagen.de\/WP_Schuetzen\/#organization"},"potentialAction":[{"@type":"SearchAction","target":{"@type":"EntryPoint","urlTemplate":"https:\/\/www.schuetzenbruderschaft-allagen.de\/WP_Schuetzen\/?s={search_term_string}"},"query-input":{"@type":"PropertyValueSpecification","valueRequired":true,"valueName":"search_term_string"}}],"inLanguage":"de"},{"@type":"Organization","@id":"https:\/\/www.schuetzenbruderschaft-allagen.de\/WP_Schuetzen\/#organization","name":"St. Sebastianus Sch\u00fctzenbruderschaft 1823 Allagen e.V.","url":"https:\/\/www.schuetzenbruderschaft-allagen.de\/WP_Schuetzen\/","logo":{"@type":"ImageObject","inLanguage":"de","@id":"https:\/\/www.schuetzenbruderschaft-allagen.de\/WP_Schuetzen\/#\/schema\/logo\/image\/","url":"https:\/\/www.schuetzenbruderschaft-allagen.de\/wp-content\/uploads\/Logo_neu_Farbe.jpg","contentUrl":"https:\/\/www.schuetzenbruderschaft-allagen.de\/wp-content\/uploads\/Logo_neu_Farbe.jpg","width":827,"height":1004,"caption":"St. Sebastianus Sch\u00fctzenbruderschaft 1823 Allagen e.V."},"image":{"@id":"https:\/\/www.schuetzenbruderschaft-allagen.de\/WP_Schuetzen\/#\/schema\/logo\/image\/"},"sameAs":["https:\/\/www.facebook.com\/profile.php?id=100064817075577"]}]}},"jetpack_sharing_enabled":true,"_links":{"self":[{"href":"https:\/\/www.schuetzenbruderschaft-allagen.de\/WP_Schuetzen\/wp-json\/wp\/v2\/pages\/624","targetHints":{"allow":["GET"]}}],"collection":[{"href":"https:\/\/www.schuetzenbruderschaft-allagen.de\/WP_Schuetzen\/wp-json\/wp\/v2\/pages"}],"about":[{"href":"https:\/\/www.schuetzenbruderschaft-allagen.de\/WP_Schuetzen\/wp-json\/wp\/v2\/types\/page"}],"author":[{"embeddable":true,"href":"https:\/\/www.schuetzenbruderschaft-allagen.de\/WP_Schuetzen\/wp-json\/wp\/v2\/users\/1"}],"replies":[{"embeddable":true,"href":"https:\/\/www.schuetzenbruderschaft-allagen.de\/WP_Schuetzen\/wp-json\/wp\/v2\/comments?post=624"}],"version-history":[{"count":15,"href":"https:\/\/www.schuetzenbruderschaft-allagen.de\/WP_Schuetzen\/wp-json\/wp\/v2\/pages\/624\/revisions"}],"predecessor-version":[{"id":7871,"href":"https:\/\/www.schuetzenbruderschaft-allagen.de\/WP_Schuetzen\/wp-json\/wp\/v2\/pages\/624\/revisions\/7871"}],"wp:attachment":[{"href":"https:\/\/www.schuetzenbruderschaft-allagen.de\/WP_Schuetzen\/wp-json\/wp\/v2\/media?parent=624"}],"curies":[{"name":"wp","href":"https:\/\/api.w.org\/{rel}","templated":true}]}}