{"id":6548,"date":"2023-05-11T12:01:27","date_gmt":"2023-05-11T10:01:27","guid":{"rendered":"https:\/\/www.schuetzenbruderschaft-allagen.de\/WP_Schuetzen\/?page_id=6548"},"modified":"2024-09-25T14:22:41","modified_gmt":"2024-09-25T12:22:41","slug":"termine","status":"publish","type":"page","link":"https:\/\/www.schuetzenbruderschaft-allagen.de\/WP_Schuetzen\/termine\/","title":{"rendered":"Termine"},"content":{"rendered":"\n\n\n<p><strong>Samstag, 19. Oktober 2024<\/strong><br \/><strong>Stadt-Sch\u00fctzenball in Warstein <br \/>(Ausrichter: St. Seb. Junggesellen Sch\u00fctzenbruderschaft Warstein)<br \/><\/strong>17:30 Uhr Abfahrt ab M\u00f6hnetalhalle<strong><br \/><\/strong><\/p>\n<p><strong>Freitag, 15. November 2024<\/strong><br \/><strong>Versammlung der S\u00fcdkompanie<br \/><\/strong>20:00 Uhr im Sportlerheim<\/p>\n<p><strong>Sonntag, 17. November 2024<\/strong><br \/><strong>Volkstrauertag\u00a0<br \/><\/strong>N\u00e4here Informationen folgen<strong><br \/><\/strong><\/p>\n<p><strong>Freitag, 29. November 2024<\/strong><br \/><strong>Versammlung der Mittelkompanie<br \/><\/strong>20:00 Uhr im Ratskeller<\/p>\n<p><strong>Freitag, 29. November 2024<\/strong><br \/><strong>Stadtverbandsversammlung<\/strong><\/p>\n<p><strong>Freitag, 06. Dezember 2024<\/strong><br \/><strong>Versammlung der Nordkompanie<br \/><\/strong>20:00 Uhr im Ratskeller<\/p>\n<h2>2025<\/h2>\n<p><br \/><strong>Sonntag, 12.01.2025<br \/>Geburtstagsempfang im Ratskeller<br \/><\/strong>Wir laden alle Sch\u00fctzenbr\u00fcder, die im vergangenen Jahr 75, 80, 85 etc. Jahre alt geworden sind zum gemeinsamen Geburtstagsempfang in den Ratskeller ein.<\/p>\n<p><strong>Sonntag, 19.01.2025<br \/>Generalversammlung<br \/><\/strong>Alle Sch\u00fctzenbr\u00fcder sind zur Generalversammlung eingeladen!<br \/>10:00 Uhr Hochamt in der Pfarrkirche, anschl. Generalversammlung in der M\u00f6hnetalhalle.<\/p>\n<p><strong>Samstag, 29.03.2025<br \/><\/strong><strong>Mittelkompaniefest<\/strong><br \/>Unsere Mittelkompanie l\u00e4dt am Abend zum Mittelkompaniefest herzlich ein. Uhrzeit folgt.<\/p>\n<p><strong>Samstag, 12.04.2025<br \/>Arbeitseinsatz an der M\u00f6hnetalhalle<br \/><\/strong>Beginn: 09:00 Uhr<br \/>Alle Sch\u00fctzenbr\u00fcder werden gebeten, mitzuhelfen!<\/p>\n<p>\u00a0<\/p>\n<p>\u00a0<\/p>\n<p>\u00a0<\/p>\n<p>\u00a0<\/p>\n<p>\u00a0<\/p>\n","protected":false},"excerpt":{"rendered":"<p>Samstag, 19. Oktober 2024Stadt-Sch\u00fctzenball in Warstein (Ausrichter: St. Seb. Junggesellen Sch\u00fctzenbruderschaft Warstein)17:30 Uhr Abfahrt ab M\u00f6hnetalhalle Freitag, 15. November 2024Versammlung der S\u00fcdkompanie20:00 Uhr im Sportlerheim Sonntag, 17. November 2024Volkstrauertag\u00a0N\u00e4here Informationen folgen Freitag, 29. November 2024Versammlung der Mittelkompanie20:00 Uhr im Ratskeller Freitag, 29. November 2024Stadtverbandsversammlung Freitag, 06. Dezember 2024Versammlung der Nordkompanie20:00 Uhr im Ratskeller 2025 Sonntag, &hellip; <a href=\"https:\/\/www.schuetzenbruderschaft-allagen.de\/WP_Schuetzen\/termine\/\" class=\"more-link\"><span class=\"screen-reader-text\">Termine<\/span> weiterlesen <span class=\"meta-nav\">&rarr;<\/span><\/a><\/p>\n","protected":false},"author":1,"featured_media":0,"parent":0,"menu_order":0,"comment_status":"closed","ping_status":"closed","template":"","meta":{"footnotes":""},"class_list":["post-6548","page","type-page","status-publish","hentry"],"yoast_head":"<!-- This site is optimized with the Yoast SEO plugin v26.9 - https:\/\/yoast.com\/product\/yoast-seo-wordpress\/ -->\n<title>Termine - einfach gut...seit 1823.<\/title>\n<meta name=\"robots\" content=\"index, follow, max-snippet:-1, max-image-preview:large, max-video-preview:-1\" \/>\n<link rel=\"canonical\" href=\"https:\/\/www.schuetzenbruderschaft-allagen.de\/WP_Schuetzen\/termine\/\" \/>\n<meta property=\"og:locale\" content=\"de_DE\" \/>\n<meta property=\"og:type\" content=\"article\" \/>\n<meta property=\"og:title\" content=\"Termine - einfach gut...seit 1823.\" \/>\n<meta property=\"og:description\" content=\"Samstag, 19. Oktober 2024Stadt-Sch\u00fctzenball in Warstein (Ausrichter: St. Seb. Junggesellen Sch\u00fctzenbruderschaft Warstein)17:30 Uhr Abfahrt ab M\u00f6hnetalhalle Freitag, 15. November 2024Versammlung der S\u00fcdkompanie20:00 Uhr im Sportlerheim Sonntag, 17. November 2024Volkstrauertag\u00a0N\u00e4here Informationen folgen Freitag, 29. November 2024Versammlung der Mittelkompanie20:00 Uhr im Ratskeller Freitag, 29. November 2024Stadtverbandsversammlung Freitag, 06. Dezember 2024Versammlung der Nordkompanie20:00 Uhr im Ratskeller 2025 Sonntag, &hellip; Termine weiterlesen &rarr;\" \/>\n<meta property=\"og:url\" content=\"https:\/\/www.schuetzenbruderschaft-allagen.de\/WP_Schuetzen\/termine\/\" \/>\n<meta property=\"og:site_name\" content=\"einfach gut...seit 1823.\" \/>\n<meta property=\"article:publisher\" content=\"https:\/\/www.facebook.com\/profile.php?id=100064817075577\" \/>\n<meta property=\"article:modified_time\" content=\"2024-09-25T12:22:41+00:00\" \/>\n<meta name=\"twitter:card\" content=\"summary_large_image\" \/>\n<meta name=\"twitter:label1\" content=\"Gesch\u00e4tzte Lesezeit\" \/>\n\t<meta name=\"twitter:data1\" content=\"1\u00a0Minute\" \/>\n<script type=\"application\/ld+json\" class=\"yoast-schema-graph\">{\"@context\":\"https:\/\/schema.org\",\"@graph\":[{\"@type\":\"WebPage\",\"@id\":\"https:\/\/www.schuetzenbruderschaft-allagen.de\/WP_Schuetzen\/termine\/\",\"url\":\"https:\/\/www.schuetzenbruderschaft-allagen.de\/WP_Schuetzen\/termine\/\",\"name\":\"Termine - einfach gut...seit 1823.\",\"isPartOf\":{\"@id\":\"https:\/\/www.schuetzenbruderschaft-allagen.de\/WP_Schuetzen\/#website\"},\"datePublished\":\"2023-05-11T10:01:27+00:00\",\"dateModified\":\"2024-09-25T12:22:41+00:00\",\"breadcrumb\":{\"@id\":\"https:\/\/www.schuetzenbruderschaft-allagen.de\/WP_Schuetzen\/termine\/#breadcrumb\"},\"inLanguage\":\"de\",\"potentialAction\":[{\"@type\":\"ReadAction\",\"target\":[\"https:\/\/www.schuetzenbruderschaft-allagen.de\/WP_Schuetzen\/termine\/\"]}]},{\"@type\":\"BreadcrumbList\",\"@id\":\"https:\/\/www.schuetzenbruderschaft-allagen.de\/WP_Schuetzen\/termine\/#breadcrumb\",\"itemListElement\":[{\"@type\":\"ListItem\",\"position\":1,\"name\":\"Home\",\"item\":\"https:\/\/www.schuetzenbruderschaft-allagen.de\/WP_Schuetzen\/\"},{\"@type\":\"ListItem\",\"position\":2,\"name\":\"Termine\"}]},{\"@type\":\"WebSite\",\"@id\":\"https:\/\/www.schuetzenbruderschaft-allagen.de\/WP_Schuetzen\/#website\",\"url\":\"https:\/\/www.schuetzenbruderschaft-allagen.de\/WP_Schuetzen\/\",\"name\":\"Sch\u00fctzenbruderschaft Allagen - Einfach gut...seit 1823.\",\"description\":\"St. Sebastianus Sch\u00fctzenbruderschaft 1823 Allagen e.V.\",\"publisher\":{\"@id\":\"https:\/\/www.schuetzenbruderschaft-allagen.de\/WP_Schuetzen\/#organization\"},\"potentialAction\":[{\"@type\":\"SearchAction\",\"target\":{\"@type\":\"EntryPoint\",\"urlTemplate\":\"https:\/\/www.schuetzenbruderschaft-allagen.de\/WP_Schuetzen\/?s={search_term_string}\"},\"query-input\":{\"@type\":\"PropertyValueSpecification\",\"valueRequired\":true,\"valueName\":\"search_term_string\"}}],\"inLanguage\":\"de\"},{\"@type\":\"Organization\",\"@id\":\"https:\/\/www.schuetzenbruderschaft-allagen.de\/WP_Schuetzen\/#organization\",\"name\":\"St. Sebastianus Sch\u00fctzenbruderschaft 1823 Allagen e.V.\",\"url\":\"https:\/\/www.schuetzenbruderschaft-allagen.de\/WP_Schuetzen\/\",\"logo\":{\"@type\":\"ImageObject\",\"inLanguage\":\"de\",\"@id\":\"https:\/\/www.schuetzenbruderschaft-allagen.de\/WP_Schuetzen\/#\/schema\/logo\/image\/\",\"url\":\"https:\/\/www.schuetzenbruderschaft-allagen.de\/wp-content\/uploads\/Logo_neu_Farbe.jpg\",\"contentUrl\":\"https:\/\/www.schuetzenbruderschaft-allagen.de\/wp-content\/uploads\/Logo_neu_Farbe.jpg\",\"width\":827,\"height\":1004,\"caption\":\"St. Sebastianus Sch\u00fctzenbruderschaft 1823 Allagen e.V.\"},\"image\":{\"@id\":\"https:\/\/www.schuetzenbruderschaft-allagen.de\/WP_Schuetzen\/#\/schema\/logo\/image\/\"},\"sameAs\":[\"https:\/\/www.facebook.com\/profile.php?id=100064817075577\"]}]}<\/script>\n<!-- \/ Yoast SEO plugin. -->","yoast_head_json":{"title":"Termine - einfach gut...seit 1823.","robots":{"index":"index","follow":"follow","max-snippet":"max-snippet:-1","max-image-preview":"max-image-preview:large","max-video-preview":"max-video-preview:-1"},"canonical":"https:\/\/www.schuetzenbruderschaft-allagen.de\/WP_Schuetzen\/termine\/","og_locale":"de_DE","og_type":"article","og_title":"Termine - einfach gut...seit 1823.","og_description":"Samstag, 19. Oktober 2024Stadt-Sch\u00fctzenball in Warstein (Ausrichter: St. Seb. Junggesellen Sch\u00fctzenbruderschaft Warstein)17:30 Uhr Abfahrt ab M\u00f6hnetalhalle Freitag, 15. November 2024Versammlung der S\u00fcdkompanie20:00 Uhr im Sportlerheim Sonntag, 17. November 2024Volkstrauertag\u00a0N\u00e4here Informationen folgen Freitag, 29. November 2024Versammlung der Mittelkompanie20:00 Uhr im Ratskeller Freitag, 29. November 2024Stadtverbandsversammlung Freitag, 06. Dezember 2024Versammlung der Nordkompanie20:00 Uhr im Ratskeller 2025 Sonntag, &hellip; Termine weiterlesen &rarr;","og_url":"https:\/\/www.schuetzenbruderschaft-allagen.de\/WP_Schuetzen\/termine\/","og_site_name":"einfach gut...seit 1823.","article_publisher":"https:\/\/www.facebook.com\/profile.php?id=100064817075577","article_modified_time":"2024-09-25T12:22:41+00:00","twitter_card":"summary_large_image","twitter_misc":{"Gesch\u00e4tzte Lesezeit":"1\u00a0Minute"},"schema":{"@context":"https:\/\/schema.org","@graph":[{"@type":"WebPage","@id":"https:\/\/www.schuetzenbruderschaft-allagen.de\/WP_Schuetzen\/termine\/","url":"https:\/\/www.schuetzenbruderschaft-allagen.de\/WP_Schuetzen\/termine\/","name":"Termine - einfach gut...seit 1823.","isPartOf":{"@id":"https:\/\/www.schuetzenbruderschaft-allagen.de\/WP_Schuetzen\/#website"},"datePublished":"2023-05-11T10:01:27+00:00","dateModified":"2024-09-25T12:22:41+00:00","breadcrumb":{"@id":"https:\/\/www.schuetzenbruderschaft-allagen.de\/WP_Schuetzen\/termine\/#breadcrumb"},"inLanguage":"de","potentialAction":[{"@type":"ReadAction","target":["https:\/\/www.schuetzenbruderschaft-allagen.de\/WP_Schuetzen\/termine\/"]}]},{"@type":"BreadcrumbList","@id":"https:\/\/www.schuetzenbruderschaft-allagen.de\/WP_Schuetzen\/termine\/#breadcrumb","itemListElement":[{"@type":"ListItem","position":1,"name":"Home","item":"https:\/\/www.schuetzenbruderschaft-allagen.de\/WP_Schuetzen\/"},{"@type":"ListItem","position":2,"name":"Termine"}]},{"@type":"WebSite","@id":"https:\/\/www.schuetzenbruderschaft-allagen.de\/WP_Schuetzen\/#website","url":"https:\/\/www.schuetzenbruderschaft-allagen.de\/WP_Schuetzen\/","name":"Sch\u00fctzenbruderschaft Allagen - Einfach gut...seit 1823.","description":"St. Sebastianus Sch\u00fctzenbruderschaft 1823 Allagen e.V.","publisher":{"@id":"https:\/\/www.schuetzenbruderschaft-allagen.de\/WP_Schuetzen\/#organization"},"potentialAction":[{"@type":"SearchAction","target":{"@type":"EntryPoint","urlTemplate":"https:\/\/www.schuetzenbruderschaft-allagen.de\/WP_Schuetzen\/?s={search_term_string}"},"query-input":{"@type":"PropertyValueSpecification","valueRequired":true,"valueName":"search_term_string"}}],"inLanguage":"de"},{"@type":"Organization","@id":"https:\/\/www.schuetzenbruderschaft-allagen.de\/WP_Schuetzen\/#organization","name":"St. Sebastianus Sch\u00fctzenbruderschaft 1823 Allagen e.V.","url":"https:\/\/www.schuetzenbruderschaft-allagen.de\/WP_Schuetzen\/","logo":{"@type":"ImageObject","inLanguage":"de","@id":"https:\/\/www.schuetzenbruderschaft-allagen.de\/WP_Schuetzen\/#\/schema\/logo\/image\/","url":"https:\/\/www.schuetzenbruderschaft-allagen.de\/wp-content\/uploads\/Logo_neu_Farbe.jpg","contentUrl":"https:\/\/www.schuetzenbruderschaft-allagen.de\/wp-content\/uploads\/Logo_neu_Farbe.jpg","width":827,"height":1004,"caption":"St. Sebastianus Sch\u00fctzenbruderschaft 1823 Allagen e.V."},"image":{"@id":"https:\/\/www.schuetzenbruderschaft-allagen.de\/WP_Schuetzen\/#\/schema\/logo\/image\/"},"sameAs":["https:\/\/www.facebook.com\/profile.php?id=100064817075577"]}]}},"jetpack_sharing_enabled":true,"_links":{"self":[{"href":"https:\/\/www.schuetzenbruderschaft-allagen.de\/WP_Schuetzen\/wp-json\/wp\/v2\/pages\/6548","targetHints":{"allow":["GET"]}}],"collection":[{"href":"https:\/\/www.schuetzenbruderschaft-allagen.de\/WP_Schuetzen\/wp-json\/wp\/v2\/pages"}],"about":[{"href":"https:\/\/www.schuetzenbruderschaft-allagen.de\/WP_Schuetzen\/wp-json\/wp\/v2\/types\/page"}],"author":[{"embeddable":true,"href":"https:\/\/www.schuetzenbruderschaft-allagen.de\/WP_Schuetzen\/wp-json\/wp\/v2\/users\/1"}],"replies":[{"embeddable":true,"href":"https:\/\/www.schuetzenbruderschaft-allagen.de\/WP_Schuetzen\/wp-json\/wp\/v2\/comments?post=6548"}],"version-history":[{"count":23,"href":"https:\/\/www.schuetzenbruderschaft-allagen.de\/WP_Schuetzen\/wp-json\/wp\/v2\/pages\/6548\/revisions"}],"predecessor-version":[{"id":8592,"href":"https:\/\/www.schuetzenbruderschaft-allagen.de\/WP_Schuetzen\/wp-json\/wp\/v2\/pages\/6548\/revisions\/8592"}],"wp:attachment":[{"href":"https:\/\/www.schuetzenbruderschaft-allagen.de\/WP_Schuetzen\/wp-json\/wp\/v2\/media?parent=6548"}],"curies":[{"name":"wp","href":"https:\/\/api.w.org\/{rel}","templated":true}]}}