{"id":68,"date":"2015-01-21T12:47:25","date_gmt":"2015-01-21T11:47:25","guid":{"rendered":"http:\/\/www.schuetzenbruderschaft-allagen.de\/WP_Schuetzen\/?page_id=68"},"modified":"2026-01-06T22:42:06","modified_gmt":"2026-01-06T21:42:06","slug":"impressum","status":"publish","type":"page","link":"https:\/\/www.schuetzenbruderschaft-allagen.de\/WP_Schuetzen\/impressum\/","title":{"rendered":"Impressum"},"content":{"rendered":"<div class=\"teil_tpl\">\n<h1>Impressum<\/h1>\n<h2>Angaben gem\u00e4\u00df \u00a7 5 TMG:<\/h2>\n<p>St. Sebastianus Sch\u00fctzenbruderschaft 1823 Allagen e. V.<br \/>\nKirchweg 12<br \/>\n59581 Warstein-Allagen<\/p>\n<h2>Gemeinschaftlich vertretungsberechtigt:<\/h2>\n<p><strong>1. Vorsitzender (Oberst)<br \/>\n<\/strong>Hubertus Struchholz<br \/>\nc\/o Kirchweg 12<br \/>\n59581 Warstein-Allagen<br \/>\n<strong>Telefon:<\/strong> 0171 833 84 20<br \/>\n<strong>E-Mail:<\/strong> oberst@schuetzen-allagen.de<\/p>\n<p><strong>2. Vorsitzender (Major)<\/strong><br \/>\nMichael Wirth<br \/>\nc\/o Kirchweg 12<br \/>\n59581 Warstein-Allagen<br \/>\n<strong>Telefon:<\/strong> 0171 697 71 16<br \/>\n<strong>E-Mail: <\/strong>major@schuetzen-allagen.de<\/p>\n<p><strong>Rendant<\/strong><br \/>\nDaniel Salzmann<br \/>\nc\/o Kirchweg 12<br \/>\n59581 Warstein-Allagen<br \/>\n<strong>Telefon:<\/strong> 0152 068 184 49<br \/>\n<strong>E-Mail:<\/strong> rendant@schuetzen-allagen.de<\/p>\n<p><strong>Schriftf\u00fchrer<br \/>\n<\/strong>Burkhard Keseberg<br \/>\nc\/o Kirchweg 12<br \/>\n59581 Warstein-Allagen<br \/>\n<strong>Telefon:<\/strong> 0151 251 146 64<br \/>\n<strong>E-Mail:<\/strong> schriftfuehrer@schuetzen-allagen.de<\/p>\n<p><strong>Adjutant<br \/>\n<\/strong>Markus Buchheister<br \/>\nc\/o Kirchweg 12<br \/>\n59581 Warstein-Allagen<br \/>\n<strong>Telefon:\u00a0<\/strong>0151 155 001 63<br \/>\n<strong>E-Mail:<\/strong> adjutant@schuetzen-allagen.de<\/p>\n<\/div>\n<h2>Bankverbindung:<\/h2>\n<p>Sparkasse Lippstadt<br \/>\nIBAN: DE86 4165 0001 1803 0018 07<br \/>\nBIC: WELADED1LIP<\/p>\n<p>Volksbank Hellweg<br \/>\nIBAN: DE06 4146 0116 2700 3236 00<br \/>\nBIC: GENODEM1SOE<\/p>\n<div class=\"teil_tpl\">\n<h2>Registereintrag:<\/h2>\n<p>Eintragung im Vereinsregister:<br \/>\nRegistergericht: Amtsgericht Arnsberg<br \/>\nRegisternummer: 80014<\/p>\n<h2>V.i.S.d. \u00a7 18 Abs. 2 MStV:<\/h2>\n<p>Hubertus Struchholz<br \/>\nH\u00f6henweg 58<br \/>\n59581 Warstein<\/p>\n<h2>Quellenangaben f\u00fcr die verwendeten Bilder und Grafiken (sofern nicht anders angegeben):<\/h2>\n<p><a href=\"http:\/\/www.struchholz-fotografie.de\">http:\/\/www.struchholz-fotografie.de<\/a><br \/>\nHubertus Struchholz Fotografie und Frank Linnhoff<\/p>\n<hr \/>\n<h1>Haftungsausschluss (Disclaimer)<\/h1>\n<p><strong>Haftung f\u00fcr Inhalte<\/strong><\/p>\n<p>Als Diensteanbieter sind wir gem\u00e4\u00df \u00a7 7 Abs.1 TMG f\u00fcr eigene Inhalte auf diesen Seiten nach den allgemeinen Gesetzen verantwortlich. Nach \u00a7\u00a7 8 bis 10 TMG sind wir als Diensteanbieter jedoch nicht verpflichtet, \u00fcbermittelte oder gespeicherte fremde Informationen zu \u00fcberwachen oder nach Umst\u00e4nden zu forschen, die auf eine rechtswidrige T\u00e4tigkeit hinweisen. Verpflichtungen zur Entfernung oder Sperrung der Nutzung von Informationen nach den allgemeinen Gesetzen bleiben hiervon unber\u00fchrt. Eine diesbez\u00fcgliche Haftung ist jedoch erst ab dem Zeitpunkt der Kenntnis einer konkreten Rechtsverletzung m\u00f6glich. Bei Bekanntwerden von entsprechenden Rechtsverletzungen werden wir diese Inhalte umgehend entfernen.<\/p>\n<p><strong>Haftung f\u00fcr Links<\/strong><\/p>\n<p>Unser Angebot enth\u00e4lt Links zu externen Webseiten Dritter, auf deren Inhalte wir keinen Einfluss haben. Deshalb k\u00f6nnen wir f\u00fcr diese fremden Inhalte auch keine Gew\u00e4hr \u00fcbernehmen. F\u00fcr die Inhalte der verlinkten Seiten ist stets der jeweilige Anbieter oder Betreiber der Seiten verantwortlich. Die verlinkten Seiten wurden zum Zeitpunkt der Verlinkung auf m\u00f6gliche Rechtsverst\u00f6\u00dfe \u00fcberpr\u00fcft. Rechtswidrige Inhalte waren zum Zeitpunkt der Verlinkung nicht erkennbar. Eine permanente inhaltliche Kontrolle der verlinkten Seiten ist jedoch ohne konkrete Anhaltspunkte einer Rechtsverletzung nicht zumutbar. Bei Bekanntwerden von Rechtsverletzungen werden wir derartige Links umgehend entfernen.<\/p>\n<p><strong>Urheberrecht<\/strong><\/p>\n<p>Die durch die Seitenbetreiber erstellten Inhalte und Werke auf diesen Seiten unterliegen dem deutschen Urheberrecht. Die Vervielf\u00e4ltigung, Bearbeitung, Verbreitung und jede Art der Verwertung au\u00dferhalb der Grenzen des Urheberrechtes bed\u00fcrfen der schriftlichen Zustimmung des jeweiligen Autors bzw. Erstellers. Downloads und Kopien dieser Seite sind nur f\u00fcr den privaten, nicht kommerziellen Gebrauch gestattet. Soweit die Inhalte auf dieser Seite nicht vom Betreiber erstellt wurden, werden die Urheberrechte Dritter beachtet. Insbesondere werden Inhalte Dritter als solche gekennzeichnet. Sollten Sie trotzdem auf eine Urheberrechtsverletzung aufmerksam werden, bitten wir um einen entsprechenden Hinweis. Bei Bekanntwerden von Rechtsverletzungen werden wir derartige Inhalte umgehend entfernen.<\/p>\n<\/div>\n","protected":false},"excerpt":{"rendered":"<p>Impressum Angaben gem\u00e4\u00df \u00a7 5 TMG: St. Sebastianus Sch\u00fctzenbruderschaft 1823 Allagen e. V. Kirchweg 12 59581 Warstein-Allagen Gemeinschaftlich vertretungsberechtigt: 1. Vorsitzender (Oberst) Hubertus Struchholz c\/o Kirchweg 12 59581 Warstein-Allagen Telefon: 0171 833 84 20 E-Mail: oberst@schuetzen-allagen.de 2. Vorsitzender (Major) Michael Wirth c\/o Kirchweg 12 59581 Warstein-Allagen Telefon: 0171 697 71 16 E-Mail: major@schuetzen-allagen.de Rendant Daniel &hellip; <a href=\"https:\/\/www.schuetzenbruderschaft-allagen.de\/WP_Schuetzen\/impressum\/\" class=\"more-link\"><span class=\"screen-reader-text\">Impressum<\/span> weiterlesen <span class=\"meta-nav\">&rarr;<\/span><\/a><\/p>\n","protected":false},"author":1,"featured_media":0,"parent":0,"menu_order":0,"comment_status":"closed","ping_status":"open","template":"","meta":{"footnotes":""},"class_list":["post-68","page","type-page","status-publish","hentry"],"yoast_head":"<!-- This site is optimized with the Yoast SEO plugin v27.5 - https:\/\/yoast.com\/product\/yoast-seo-wordpress\/ -->\n<title>Impressum<\/title>\n<meta name=\"robots\" content=\"index, follow, max-snippet:-1, max-image-preview:large, max-video-preview:-1\" \/>\n<link rel=\"canonical\" href=\"https:\/\/www.schuetzenbruderschaft-allagen.de\/WP_Schuetzen\/impressum\/\" \/>\n<meta property=\"og:locale\" content=\"de_DE\" \/>\n<meta property=\"og:type\" content=\"article\" \/>\n<meta property=\"og:title\" content=\"Impressum\" \/>\n<meta property=\"og:description\" content=\"Impressum Angaben gem\u00e4\u00df \u00a7 5 TMG: St. Sebastianus Sch\u00fctzenbruderschaft 1823 Allagen e. V. Kirchweg 12 59581 Warstein-Allagen Gemeinschaftlich vertretungsberechtigt: 1. Vorsitzender (Oberst) Hubertus Struchholz c\/o Kirchweg 12 59581 Warstein-Allagen Telefon: 0171 833 84 20 E-Mail: oberst@schuetzen-allagen.de 2. Vorsitzender (Major) Michael Wirth c\/o Kirchweg 12 59581 Warstein-Allagen Telefon: 0171 697 71 16 E-Mail: major@schuetzen-allagen.de Rendant Daniel &hellip; Impressum weiterlesen &rarr;\" \/>\n<meta property=\"og:url\" content=\"https:\/\/www.schuetzenbruderschaft-allagen.de\/WP_Schuetzen\/impressum\/\" \/>\n<meta property=\"og:site_name\" content=\"einfach gut...seit 1823.\" \/>\n<meta property=\"article:publisher\" content=\"https:\/\/www.facebook.com\/profile.php?id=100064817075577\" \/>\n<meta property=\"article:modified_time\" content=\"2026-01-06T21:42:06+00:00\" \/>\n<meta name=\"twitter:card\" content=\"summary_large_image\" \/>\n<meta name=\"twitter:label1\" content=\"Gesch\u00e4tzte Lesezeit\" \/>\n\t<meta name=\"twitter:data1\" content=\"3\u00a0Minuten\" \/>\n<script type=\"application\/ld+json\" class=\"yoast-schema-graph\">{\"@context\":\"https:\\\/\\\/schema.org\",\"@graph\":[{\"@type\":\"WebPage\",\"@id\":\"https:\\\/\\\/www.schuetzenbruderschaft-allagen.de\\\/WP_Schuetzen\\\/impressum\\\/\",\"url\":\"https:\\\/\\\/www.schuetzenbruderschaft-allagen.de\\\/WP_Schuetzen\\\/impressum\\\/\",\"name\":\"Impressum\",\"isPartOf\":{\"@id\":\"https:\\\/\\\/www.schuetzenbruderschaft-allagen.de\\\/WP_Schuetzen\\\/#website\"},\"datePublished\":\"2015-01-21T11:47:25+00:00\",\"dateModified\":\"2026-01-06T21:42:06+00:00\",\"breadcrumb\":{\"@id\":\"https:\\\/\\\/www.schuetzenbruderschaft-allagen.de\\\/WP_Schuetzen\\\/impressum\\\/#breadcrumb\"},\"inLanguage\":\"de\",\"potentialAction\":[{\"@type\":\"ReadAction\",\"target\":[\"https:\\\/\\\/www.schuetzenbruderschaft-allagen.de\\\/WP_Schuetzen\\\/impressum\\\/\"]}]},{\"@type\":\"BreadcrumbList\",\"@id\":\"https:\\\/\\\/www.schuetzenbruderschaft-allagen.de\\\/WP_Schuetzen\\\/impressum\\\/#breadcrumb\",\"itemListElement\":[{\"@type\":\"ListItem\",\"position\":1,\"name\":\"Home\",\"item\":\"https:\\\/\\\/www.schuetzenbruderschaft-allagen.de\\\/WP_Schuetzen\\\/\"},{\"@type\":\"ListItem\",\"position\":2,\"name\":\"Impressum\"}]},{\"@type\":\"WebSite\",\"@id\":\"https:\\\/\\\/www.schuetzenbruderschaft-allagen.de\\\/WP_Schuetzen\\\/#website\",\"url\":\"https:\\\/\\\/www.schuetzenbruderschaft-allagen.de\\\/WP_Schuetzen\\\/\",\"name\":\"Sch\u00fctzenbruderschaft Allagen - Einfach gut...seit 1823.\",\"description\":\"St. Sebastianus Sch\u00fctzenbruderschaft 1823 Allagen e.V.\",\"publisher\":{\"@id\":\"https:\\\/\\\/www.schuetzenbruderschaft-allagen.de\\\/WP_Schuetzen\\\/#organization\"},\"potentialAction\":[{\"@type\":\"SearchAction\",\"target\":{\"@type\":\"EntryPoint\",\"urlTemplate\":\"https:\\\/\\\/www.schuetzenbruderschaft-allagen.de\\\/WP_Schuetzen\\\/?s={search_term_string}\"},\"query-input\":{\"@type\":\"PropertyValueSpecification\",\"valueRequired\":true,\"valueName\":\"search_term_string\"}}],\"inLanguage\":\"de\"},{\"@type\":\"Organization\",\"@id\":\"https:\\\/\\\/www.schuetzenbruderschaft-allagen.de\\\/WP_Schuetzen\\\/#organization\",\"name\":\"St. Sebastianus Sch\u00fctzenbruderschaft 1823 Allagen e.V.\",\"url\":\"https:\\\/\\\/www.schuetzenbruderschaft-allagen.de\\\/WP_Schuetzen\\\/\",\"logo\":{\"@type\":\"ImageObject\",\"inLanguage\":\"de\",\"@id\":\"https:\\\/\\\/www.schuetzenbruderschaft-allagen.de\\\/WP_Schuetzen\\\/#\\\/schema\\\/logo\\\/image\\\/\",\"url\":\"https:\\\/\\\/www.schuetzenbruderschaft-allagen.de\\\/wp-content\\\/uploads\\\/Logo_neu_Farbe.jpg\",\"contentUrl\":\"https:\\\/\\\/www.schuetzenbruderschaft-allagen.de\\\/wp-content\\\/uploads\\\/Logo_neu_Farbe.jpg\",\"width\":827,\"height\":1004,\"caption\":\"St. Sebastianus Sch\u00fctzenbruderschaft 1823 Allagen e.V.\"},\"image\":{\"@id\":\"https:\\\/\\\/www.schuetzenbruderschaft-allagen.de\\\/WP_Schuetzen\\\/#\\\/schema\\\/logo\\\/image\\\/\"},\"sameAs\":[\"https:\\\/\\\/www.facebook.com\\\/profile.php?id=100064817075577\"]}]}<\/script>\n<!-- \/ Yoast SEO plugin. -->","yoast_head_json":{"title":"Impressum","robots":{"index":"index","follow":"follow","max-snippet":"max-snippet:-1","max-image-preview":"max-image-preview:large","max-video-preview":"max-video-preview:-1"},"canonical":"https:\/\/www.schuetzenbruderschaft-allagen.de\/WP_Schuetzen\/impressum\/","og_locale":"de_DE","og_type":"article","og_title":"Impressum","og_description":"Impressum Angaben gem\u00e4\u00df \u00a7 5 TMG: St. Sebastianus Sch\u00fctzenbruderschaft 1823 Allagen e. V. Kirchweg 12 59581 Warstein-Allagen Gemeinschaftlich vertretungsberechtigt: 1. Vorsitzender (Oberst) Hubertus Struchholz c\/o Kirchweg 12 59581 Warstein-Allagen Telefon: 0171 833 84 20 E-Mail: oberst@schuetzen-allagen.de 2. Vorsitzender (Major) Michael Wirth c\/o Kirchweg 12 59581 Warstein-Allagen Telefon: 0171 697 71 16 E-Mail: major@schuetzen-allagen.de Rendant Daniel &hellip; Impressum weiterlesen &rarr;","og_url":"https:\/\/www.schuetzenbruderschaft-allagen.de\/WP_Schuetzen\/impressum\/","og_site_name":"einfach gut...seit 1823.","article_publisher":"https:\/\/www.facebook.com\/profile.php?id=100064817075577","article_modified_time":"2026-01-06T21:42:06+00:00","twitter_card":"summary_large_image","twitter_misc":{"Gesch\u00e4tzte Lesezeit":"3\u00a0Minuten"},"schema":{"@context":"https:\/\/schema.org","@graph":[{"@type":"WebPage","@id":"https:\/\/www.schuetzenbruderschaft-allagen.de\/WP_Schuetzen\/impressum\/","url":"https:\/\/www.schuetzenbruderschaft-allagen.de\/WP_Schuetzen\/impressum\/","name":"Impressum","isPartOf":{"@id":"https:\/\/www.schuetzenbruderschaft-allagen.de\/WP_Schuetzen\/#website"},"datePublished":"2015-01-21T11:47:25+00:00","dateModified":"2026-01-06T21:42:06+00:00","breadcrumb":{"@id":"https:\/\/www.schuetzenbruderschaft-allagen.de\/WP_Schuetzen\/impressum\/#breadcrumb"},"inLanguage":"de","potentialAction":[{"@type":"ReadAction","target":["https:\/\/www.schuetzenbruderschaft-allagen.de\/WP_Schuetzen\/impressum\/"]}]},{"@type":"BreadcrumbList","@id":"https:\/\/www.schuetzenbruderschaft-allagen.de\/WP_Schuetzen\/impressum\/#breadcrumb","itemListElement":[{"@type":"ListItem","position":1,"name":"Home","item":"https:\/\/www.schuetzenbruderschaft-allagen.de\/WP_Schuetzen\/"},{"@type":"ListItem","position":2,"name":"Impressum"}]},{"@type":"WebSite","@id":"https:\/\/www.schuetzenbruderschaft-allagen.de\/WP_Schuetzen\/#website","url":"https:\/\/www.schuetzenbruderschaft-allagen.de\/WP_Schuetzen\/","name":"Sch\u00fctzenbruderschaft Allagen - Einfach gut...seit 1823.","description":"St. Sebastianus Sch\u00fctzenbruderschaft 1823 Allagen e.V.","publisher":{"@id":"https:\/\/www.schuetzenbruderschaft-allagen.de\/WP_Schuetzen\/#organization"},"potentialAction":[{"@type":"SearchAction","target":{"@type":"EntryPoint","urlTemplate":"https:\/\/www.schuetzenbruderschaft-allagen.de\/WP_Schuetzen\/?s={search_term_string}"},"query-input":{"@type":"PropertyValueSpecification","valueRequired":true,"valueName":"search_term_string"}}],"inLanguage":"de"},{"@type":"Organization","@id":"https:\/\/www.schuetzenbruderschaft-allagen.de\/WP_Schuetzen\/#organization","name":"St. Sebastianus Sch\u00fctzenbruderschaft 1823 Allagen e.V.","url":"https:\/\/www.schuetzenbruderschaft-allagen.de\/WP_Schuetzen\/","logo":{"@type":"ImageObject","inLanguage":"de","@id":"https:\/\/www.schuetzenbruderschaft-allagen.de\/WP_Schuetzen\/#\/schema\/logo\/image\/","url":"https:\/\/www.schuetzenbruderschaft-allagen.de\/wp-content\/uploads\/Logo_neu_Farbe.jpg","contentUrl":"https:\/\/www.schuetzenbruderschaft-allagen.de\/wp-content\/uploads\/Logo_neu_Farbe.jpg","width":827,"height":1004,"caption":"St. Sebastianus Sch\u00fctzenbruderschaft 1823 Allagen e.V."},"image":{"@id":"https:\/\/www.schuetzenbruderschaft-allagen.de\/WP_Schuetzen\/#\/schema\/logo\/image\/"},"sameAs":["https:\/\/www.facebook.com\/profile.php?id=100064817075577"]}]}},"jetpack_sharing_enabled":true,"_links":{"self":[{"href":"https:\/\/www.schuetzenbruderschaft-allagen.de\/WP_Schuetzen\/wp-json\/wp\/v2\/pages\/68","targetHints":{"allow":["GET"]}}],"collection":[{"href":"https:\/\/www.schuetzenbruderschaft-allagen.de\/WP_Schuetzen\/wp-json\/wp\/v2\/pages"}],"about":[{"href":"https:\/\/www.schuetzenbruderschaft-allagen.de\/WP_Schuetzen\/wp-json\/wp\/v2\/types\/page"}],"author":[{"embeddable":true,"href":"https:\/\/www.schuetzenbruderschaft-allagen.de\/WP_Schuetzen\/wp-json\/wp\/v2\/users\/1"}],"replies":[{"embeddable":true,"href":"https:\/\/www.schuetzenbruderschaft-allagen.de\/WP_Schuetzen\/wp-json\/wp\/v2\/comments?post=68"}],"version-history":[{"count":15,"href":"https:\/\/www.schuetzenbruderschaft-allagen.de\/WP_Schuetzen\/wp-json\/wp\/v2\/pages\/68\/revisions"}],"predecessor-version":[{"id":11508,"href":"https:\/\/www.schuetzenbruderschaft-allagen.de\/WP_Schuetzen\/wp-json\/wp\/v2\/pages\/68\/revisions\/11508"}],"wp:attachment":[{"href":"https:\/\/www.schuetzenbruderschaft-allagen.de\/WP_Schuetzen\/wp-json\/wp\/v2\/media?parent=68"}],"curies":[{"name":"wp","href":"https:\/\/api.w.org\/{rel}","templated":true}]}}