{"id":785,"date":"2015-04-10T22:07:27","date_gmt":"2015-04-10T20:07:27","guid":{"rendered":"http:\/\/www.schuetzenbruderschaft-allagen.de\/WP_Schuetzen\/?page_id=785"},"modified":"2017-03-27T10:39:45","modified_gmt":"2017-03-27T08:39:45","slug":"pressearchiv","status":"publish","type":"page","link":"https:\/\/www.schuetzenbruderschaft-allagen.de\/WP_Schuetzen\/pressearchiv\/","title":{"rendered":"Pressearchiv"},"content":{"rendered":"<p>Das Pressearchiv unserer Bruderschaft entstand durch tatkr\u00e4ftige Unterst\u00fctzung der Hauptm\u00e4nner der S\u00fcd- und Nordkompanie (seit Gr\u00fcndung der Kompanien 1976), sowie von Tobias Piekarz und Ditmar Pankoke, die uns ihre privaten Sammlungen hierf\u00fcr zur Verf\u00fcgung stellten. Andreas Filthaut sei an dieser Stelle herzlich f\u00fcr die aktive Unterst\u00fctzung gedankt! Die Ver\u00f6ffentlichung erfolgt mit freundlicher Genehmigung der Warsteiner Lokalredaktionen der <a title=\"Homepage WAZ\" href=\"http:\/\/www.derwesten.de\/\" target=\"_blank\">Westfalenpost, <\/a>des <a title=\"Homepage Soester Anzeiger\" href=\"http:\/\/www.fkwverlag.com\" target=\"_blank\">Soester Anzeigers <span style=\"color: #000000;\">und des <span style=\"color: #339966;\">F.K.W. Fach-Verlags<\/span><\/span>.<\/a> Allen Beteiligten vielen Dank f\u00fcr die Unterst\u00fctzung!<\/p>\n<p>Dieses Pressearchiv erhebt keinen Anspruch auf Vollst\u00e4ndigkeit.<br \/>\nSie haben noch einen Presseartikel oder Fotos f\u00fcr unser Archiv? Dann wenden Sie sich bitte einfach an <a href=\"mailto:schriftfuehrer@schuetzen-allagen.de\">schriftfuehrer@schuetzen-allagen.de. <\/a>Wir sind f\u00fcr jede Erg\u00e4nzung sehr dankbar!<\/p>\n<p>Die thematischen Bereiche der Presseartikel:<\/p>\n<p><a title=\"01 \u2013 Pressearchiv Sch\u00fctzenfeste\" href=\"https:\/\/www.schuetzenbruderschaft-allagen.de\/WP_Schuetzen\/01-pressearchiv-schuetzenfeste\/\">01 &#8211; Sch\u00fctzenfest<\/a><br \/>\n<a title=\"02 \u2013 Pressearchiv Jahreshauptversammlungen\" href=\"https:\/\/www.schuetzenbruderschaft-allagen.de\/WP_Schuetzen\/02-pressearchiv-jahreshauptversammlungen\/\">02 &#8211; Jahreshauptversammlung<\/a><br \/>\n<a title=\"03 \u2013 Pressearchiv Nordkompanie\" href=\"https:\/\/www.schuetzenbruderschaft-allagen.de\/WP_Schuetzen\/03-pressearchiv-nordkompanie\/\">03 &#8211; Nordkompanie<\/a><br \/>\n<a title=\"04 \u2013 Pressearchiv Mittelkompanie\" href=\"https:\/\/www.schuetzenbruderschaft-allagen.de\/WP_Schuetzen\/04-pressearchiv-mittelkompanie\/\">04 &#8211; Mittelkompanie<\/a><br \/>\n<a title=\"05 \u2013 Pressearchiv S\u00fcdkompanie\" href=\"https:\/\/www.schuetzenbruderschaft-allagen.de\/WP_Schuetzen\/05-pressearchiv-suedkompanie\/\">05 &#8211; S\u00fcdkompanie<\/a><br \/>\n<a title=\"06 \u2013 Pressearchiv Kompaniepokal\" href=\"https:\/\/www.schuetzenbruderschaft-allagen.de\/WP_Schuetzen\/06-pressearchiv-kompaniepokal\/\">06 &#8211; Kompaniepokalschie\u00dfen<\/a><br \/>\n<a title=\"07 \u2013 Pressearchiv M\u00f6hnetalhalle\" href=\"https:\/\/www.schuetzenbruderschaft-allagen.de\/WP_Schuetzen\/07-pressearchiv-moehnetalhalle\/\">07 &#8211; M\u00f6hnetalhalle<\/a><br \/>\n<a title=\"08 \u2013 Pressearchiv Jugendarbeit\" href=\"https:\/\/www.schuetzenbruderschaft-allagen.de\/WP_Schuetzen\/09-pressearchiv-jugendarbeit\/\">08 &#8211; Jugendarbeit<\/a><br \/>\n<a title=\"09 \u2013 Pressearchiv Seniorennachmittag\" href=\"https:\/\/www.schuetzenbruderschaft-allagen.de\/WP_Schuetzen\/10-pressearchiv-seniorennachmittag\/\">09 &#8211; Seniorennachmittag<\/a><br \/>\n<a title=\"10 \u2013 Pressearchiv Ausfl\u00fcge und weitere Veranstaltungen\" href=\"https:\/\/www.schuetzenbruderschaft-allagen.de\/WP_Schuetzen\/10-pressearchiv-ausfluege-und-weitere-veranstaltungen\/\">10 &#8211; Ausfl\u00fcge und Veranstaltungen<\/a><br \/>\n<a title=\"11 \u2013 Pressearchiv Sonstiges\" href=\"https:\/\/www.schuetzenbruderschaft-allagen.de\/WP_Schuetzen\/11-pressearchiv-sonstiges\/\">11 &#8211; Sonstiges<\/a><\/p>\n<p>&nbsp;<\/p>\n<p>&nbsp;<\/p>\n<p>&nbsp;<\/p>\n<p>&nbsp;<\/p>\n<p>&nbsp;<\/p>\n<p>&nbsp;<\/p>\n<p>&nbsp;<\/p>\n<p>&nbsp;<\/p>\n<p>&nbsp;<\/p>\n<p>&nbsp;<\/p>\n<p>&nbsp;<\/p>\n<p>&nbsp;<\/p>\n<p>&nbsp;<\/p>\n<p>&nbsp;<\/p>\n<p>&nbsp;<\/p>\n<p>&nbsp;<\/p>\n<p>&nbsp;<\/p>\n<p>&nbsp;<\/p>\n<p>&nbsp;<\/p>\n<p>&nbsp;<\/p>\n<p>&nbsp;<\/p>\n<p>&nbsp;<\/p>\n<p>&nbsp;<\/p>\n<p>&nbsp;<\/p>\n<p>&nbsp;<\/p>\n<p>&nbsp;<\/p>\n<p>&nbsp;<\/p>\n<p>&nbsp;<\/p>\n<p>&nbsp;<\/p>\n<p>&nbsp;<\/p>\n<p>&nbsp;<\/p>\n","protected":false},"excerpt":{"rendered":"<p>Das Pressearchiv unserer Bruderschaft entstand durch tatkr\u00e4ftige Unterst\u00fctzung der Hauptm\u00e4nner der S\u00fcd- und Nordkompanie (seit Gr\u00fcndung der Kompanien 1976), sowie von Tobias Piekarz und Ditmar Pankoke, die uns ihre privaten Sammlungen hierf\u00fcr zur Verf\u00fcgung stellten. Andreas Filthaut sei an dieser Stelle herzlich f\u00fcr die aktive Unterst\u00fctzung gedankt! Die Ver\u00f6ffentlichung erfolgt mit freundlicher Genehmigung der Warsteiner &hellip; <a href=\"https:\/\/www.schuetzenbruderschaft-allagen.de\/WP_Schuetzen\/pressearchiv\/\" class=\"more-link\"><span class=\"screen-reader-text\">Pressearchiv<\/span> weiterlesen <span class=\"meta-nav\">&rarr;<\/span><\/a><\/p>\n","protected":false},"author":1,"featured_media":0,"parent":0,"menu_order":0,"comment_status":"closed","ping_status":"open","template":"","meta":{"footnotes":""},"class_list":["post-785","page","type-page","status-publish","hentry"],"yoast_head":"<!-- This site is optimized with the Yoast SEO plugin v26.9 - https:\/\/yoast.com\/product\/yoast-seo-wordpress\/ -->\n<title>Pressearchiv - einfach gut...seit 1823.<\/title>\n<meta name=\"robots\" content=\"index, follow, max-snippet:-1, max-image-preview:large, max-video-preview:-1\" \/>\n<link rel=\"canonical\" href=\"https:\/\/www.schuetzenbruderschaft-allagen.de\/WP_Schuetzen\/pressearchiv\/\" \/>\n<meta property=\"og:locale\" content=\"de_DE\" \/>\n<meta property=\"og:type\" content=\"article\" \/>\n<meta property=\"og:title\" content=\"Pressearchiv - einfach gut...seit 1823.\" \/>\n<meta property=\"og:description\" content=\"Das Pressearchiv unserer Bruderschaft entstand durch tatkr\u00e4ftige Unterst\u00fctzung der Hauptm\u00e4nner der S\u00fcd- und Nordkompanie (seit Gr\u00fcndung der Kompanien 1976), sowie von Tobias Piekarz und Ditmar Pankoke, die uns ihre privaten Sammlungen hierf\u00fcr zur Verf\u00fcgung stellten. Andreas Filthaut sei an dieser Stelle herzlich f\u00fcr die aktive Unterst\u00fctzung gedankt! Die Ver\u00f6ffentlichung erfolgt mit freundlicher Genehmigung der Warsteiner &hellip; Pressearchiv weiterlesen &rarr;\" \/>\n<meta property=\"og:url\" content=\"https:\/\/www.schuetzenbruderschaft-allagen.de\/WP_Schuetzen\/pressearchiv\/\" \/>\n<meta property=\"og:site_name\" content=\"einfach gut...seit 1823.\" \/>\n<meta property=\"article:publisher\" content=\"https:\/\/www.facebook.com\/profile.php?id=100064817075577\" \/>\n<meta property=\"article:modified_time\" content=\"2017-03-27T08:39:45+00:00\" \/>\n<meta name=\"twitter:card\" content=\"summary_large_image\" \/>\n<meta name=\"twitter:label1\" content=\"Gesch\u00e4tzte Lesezeit\" \/>\n\t<meta name=\"twitter:data1\" content=\"1\u00a0Minute\" \/>\n<script type=\"application\/ld+json\" class=\"yoast-schema-graph\">{\"@context\":\"https:\/\/schema.org\",\"@graph\":[{\"@type\":\"WebPage\",\"@id\":\"https:\/\/www.schuetzenbruderschaft-allagen.de\/WP_Schuetzen\/pressearchiv\/\",\"url\":\"https:\/\/www.schuetzenbruderschaft-allagen.de\/WP_Schuetzen\/pressearchiv\/\",\"name\":\"Pressearchiv - einfach gut...seit 1823.\",\"isPartOf\":{\"@id\":\"https:\/\/www.schuetzenbruderschaft-allagen.de\/WP_Schuetzen\/#website\"},\"datePublished\":\"2015-04-10T20:07:27+00:00\",\"dateModified\":\"2017-03-27T08:39:45+00:00\",\"breadcrumb\":{\"@id\":\"https:\/\/www.schuetzenbruderschaft-allagen.de\/WP_Schuetzen\/pressearchiv\/#breadcrumb\"},\"inLanguage\":\"de\",\"potentialAction\":[{\"@type\":\"ReadAction\",\"target\":[\"https:\/\/www.schuetzenbruderschaft-allagen.de\/WP_Schuetzen\/pressearchiv\/\"]}]},{\"@type\":\"BreadcrumbList\",\"@id\":\"https:\/\/www.schuetzenbruderschaft-allagen.de\/WP_Schuetzen\/pressearchiv\/#breadcrumb\",\"itemListElement\":[{\"@type\":\"ListItem\",\"position\":1,\"name\":\"Home\",\"item\":\"https:\/\/www.schuetzenbruderschaft-allagen.de\/WP_Schuetzen\/\"},{\"@type\":\"ListItem\",\"position\":2,\"name\":\"Pressearchiv\"}]},{\"@type\":\"WebSite\",\"@id\":\"https:\/\/www.schuetzenbruderschaft-allagen.de\/WP_Schuetzen\/#website\",\"url\":\"https:\/\/www.schuetzenbruderschaft-allagen.de\/WP_Schuetzen\/\",\"name\":\"Sch\u00fctzenbruderschaft Allagen - Einfach gut...seit 1823.\",\"description\":\"St. Sebastianus Sch\u00fctzenbruderschaft 1823 Allagen e.V.\",\"publisher\":{\"@id\":\"https:\/\/www.schuetzenbruderschaft-allagen.de\/WP_Schuetzen\/#organization\"},\"potentialAction\":[{\"@type\":\"SearchAction\",\"target\":{\"@type\":\"EntryPoint\",\"urlTemplate\":\"https:\/\/www.schuetzenbruderschaft-allagen.de\/WP_Schuetzen\/?s={search_term_string}\"},\"query-input\":{\"@type\":\"PropertyValueSpecification\",\"valueRequired\":true,\"valueName\":\"search_term_string\"}}],\"inLanguage\":\"de\"},{\"@type\":\"Organization\",\"@id\":\"https:\/\/www.schuetzenbruderschaft-allagen.de\/WP_Schuetzen\/#organization\",\"name\":\"St. Sebastianus Sch\u00fctzenbruderschaft 1823 Allagen e.V.\",\"url\":\"https:\/\/www.schuetzenbruderschaft-allagen.de\/WP_Schuetzen\/\",\"logo\":{\"@type\":\"ImageObject\",\"inLanguage\":\"de\",\"@id\":\"https:\/\/www.schuetzenbruderschaft-allagen.de\/WP_Schuetzen\/#\/schema\/logo\/image\/\",\"url\":\"https:\/\/www.schuetzenbruderschaft-allagen.de\/wp-content\/uploads\/Logo_neu_Farbe.jpg\",\"contentUrl\":\"https:\/\/www.schuetzenbruderschaft-allagen.de\/wp-content\/uploads\/Logo_neu_Farbe.jpg\",\"width\":827,\"height\":1004,\"caption\":\"St. Sebastianus Sch\u00fctzenbruderschaft 1823 Allagen e.V.\"},\"image\":{\"@id\":\"https:\/\/www.schuetzenbruderschaft-allagen.de\/WP_Schuetzen\/#\/schema\/logo\/image\/\"},\"sameAs\":[\"https:\/\/www.facebook.com\/profile.php?id=100064817075577\"]}]}<\/script>\n<!-- \/ Yoast SEO plugin. -->","yoast_head_json":{"title":"Pressearchiv - einfach gut...seit 1823.","robots":{"index":"index","follow":"follow","max-snippet":"max-snippet:-1","max-image-preview":"max-image-preview:large","max-video-preview":"max-video-preview:-1"},"canonical":"https:\/\/www.schuetzenbruderschaft-allagen.de\/WP_Schuetzen\/pressearchiv\/","og_locale":"de_DE","og_type":"article","og_title":"Pressearchiv - einfach gut...seit 1823.","og_description":"Das Pressearchiv unserer Bruderschaft entstand durch tatkr\u00e4ftige Unterst\u00fctzung der Hauptm\u00e4nner der S\u00fcd- und Nordkompanie (seit Gr\u00fcndung der Kompanien 1976), sowie von Tobias Piekarz und Ditmar Pankoke, die uns ihre privaten Sammlungen hierf\u00fcr zur Verf\u00fcgung stellten. Andreas Filthaut sei an dieser Stelle herzlich f\u00fcr die aktive Unterst\u00fctzung gedankt! Die Ver\u00f6ffentlichung erfolgt mit freundlicher Genehmigung der Warsteiner &hellip; Pressearchiv weiterlesen &rarr;","og_url":"https:\/\/www.schuetzenbruderschaft-allagen.de\/WP_Schuetzen\/pressearchiv\/","og_site_name":"einfach gut...seit 1823.","article_publisher":"https:\/\/www.facebook.com\/profile.php?id=100064817075577","article_modified_time":"2017-03-27T08:39:45+00:00","twitter_card":"summary_large_image","twitter_misc":{"Gesch\u00e4tzte Lesezeit":"1\u00a0Minute"},"schema":{"@context":"https:\/\/schema.org","@graph":[{"@type":"WebPage","@id":"https:\/\/www.schuetzenbruderschaft-allagen.de\/WP_Schuetzen\/pressearchiv\/","url":"https:\/\/www.schuetzenbruderschaft-allagen.de\/WP_Schuetzen\/pressearchiv\/","name":"Pressearchiv - einfach gut...seit 1823.","isPartOf":{"@id":"https:\/\/www.schuetzenbruderschaft-allagen.de\/WP_Schuetzen\/#website"},"datePublished":"2015-04-10T20:07:27+00:00","dateModified":"2017-03-27T08:39:45+00:00","breadcrumb":{"@id":"https:\/\/www.schuetzenbruderschaft-allagen.de\/WP_Schuetzen\/pressearchiv\/#breadcrumb"},"inLanguage":"de","potentialAction":[{"@type":"ReadAction","target":["https:\/\/www.schuetzenbruderschaft-allagen.de\/WP_Schuetzen\/pressearchiv\/"]}]},{"@type":"BreadcrumbList","@id":"https:\/\/www.schuetzenbruderschaft-allagen.de\/WP_Schuetzen\/pressearchiv\/#breadcrumb","itemListElement":[{"@type":"ListItem","position":1,"name":"Home","item":"https:\/\/www.schuetzenbruderschaft-allagen.de\/WP_Schuetzen\/"},{"@type":"ListItem","position":2,"name":"Pressearchiv"}]},{"@type":"WebSite","@id":"https:\/\/www.schuetzenbruderschaft-allagen.de\/WP_Schuetzen\/#website","url":"https:\/\/www.schuetzenbruderschaft-allagen.de\/WP_Schuetzen\/","name":"Sch\u00fctzenbruderschaft Allagen - Einfach gut...seit 1823.","description":"St. Sebastianus Sch\u00fctzenbruderschaft 1823 Allagen e.V.","publisher":{"@id":"https:\/\/www.schuetzenbruderschaft-allagen.de\/WP_Schuetzen\/#organization"},"potentialAction":[{"@type":"SearchAction","target":{"@type":"EntryPoint","urlTemplate":"https:\/\/www.schuetzenbruderschaft-allagen.de\/WP_Schuetzen\/?s={search_term_string}"},"query-input":{"@type":"PropertyValueSpecification","valueRequired":true,"valueName":"search_term_string"}}],"inLanguage":"de"},{"@type":"Organization","@id":"https:\/\/www.schuetzenbruderschaft-allagen.de\/WP_Schuetzen\/#organization","name":"St. Sebastianus Sch\u00fctzenbruderschaft 1823 Allagen e.V.","url":"https:\/\/www.schuetzenbruderschaft-allagen.de\/WP_Schuetzen\/","logo":{"@type":"ImageObject","inLanguage":"de","@id":"https:\/\/www.schuetzenbruderschaft-allagen.de\/WP_Schuetzen\/#\/schema\/logo\/image\/","url":"https:\/\/www.schuetzenbruderschaft-allagen.de\/wp-content\/uploads\/Logo_neu_Farbe.jpg","contentUrl":"https:\/\/www.schuetzenbruderschaft-allagen.de\/wp-content\/uploads\/Logo_neu_Farbe.jpg","width":827,"height":1004,"caption":"St. Sebastianus Sch\u00fctzenbruderschaft 1823 Allagen e.V."},"image":{"@id":"https:\/\/www.schuetzenbruderschaft-allagen.de\/WP_Schuetzen\/#\/schema\/logo\/image\/"},"sameAs":["https:\/\/www.facebook.com\/profile.php?id=100064817075577"]}]}},"jetpack_sharing_enabled":true,"_links":{"self":[{"href":"https:\/\/www.schuetzenbruderschaft-allagen.de\/WP_Schuetzen\/wp-json\/wp\/v2\/pages\/785","targetHints":{"allow":["GET"]}}],"collection":[{"href":"https:\/\/www.schuetzenbruderschaft-allagen.de\/WP_Schuetzen\/wp-json\/wp\/v2\/pages"}],"about":[{"href":"https:\/\/www.schuetzenbruderschaft-allagen.de\/WP_Schuetzen\/wp-json\/wp\/v2\/types\/page"}],"author":[{"embeddable":true,"href":"https:\/\/www.schuetzenbruderschaft-allagen.de\/WP_Schuetzen\/wp-json\/wp\/v2\/users\/1"}],"replies":[{"embeddable":true,"href":"https:\/\/www.schuetzenbruderschaft-allagen.de\/WP_Schuetzen\/wp-json\/wp\/v2\/comments?post=785"}],"version-history":[{"count":28,"href":"https:\/\/www.schuetzenbruderschaft-allagen.de\/WP_Schuetzen\/wp-json\/wp\/v2\/pages\/785\/revisions"}],"predecessor-version":[{"id":3789,"href":"https:\/\/www.schuetzenbruderschaft-allagen.de\/WP_Schuetzen\/wp-json\/wp\/v2\/pages\/785\/revisions\/3789"}],"wp:attachment":[{"href":"https:\/\/www.schuetzenbruderschaft-allagen.de\/WP_Schuetzen\/wp-json\/wp\/v2\/media?parent=785"}],"curies":[{"name":"wp","href":"https:\/\/api.w.org\/{rel}","templated":true}]}}