{"id":809,"date":"2015-02-11T19:10:20","date_gmt":"2015-02-11T18:10:20","guid":{"rendered":"http:\/\/www.schuetzenbruderschaft-allagen.de\/WP_Schuetzen\/?page_id=809"},"modified":"2015-05-22T15:53:41","modified_gmt":"2015-05-22T13:53:41","slug":"kegelbahn","status":"publish","type":"page","link":"https:\/\/www.schuetzenbruderschaft-allagen.de\/WP_Schuetzen\/bildergalerie\/kegelbahn\/","title":{"rendered":"Kegelbahn"},"content":{"rendered":"<p>Fotos und ein Panorama von unserer Kegelbahn in der M\u00f6hnetalhalle.<br \/>\nGerne k\u00f6nnen Sie unsere Kegelbahn mieten. Zu Informationen und Mietanfragen wenden Sie sich bitte an Herrn Winfried Risse (02925\/701)<\/p>\n<p>[gallery_bank type=&#8220;images&#8220; format=&#8220;thumbnail&#8220; title=&#8220;false&#8220; desc=&#8220;false&#8220; img_in_row=&#8220;3&#8243; special_effect=&#8220;overlay_fade-white&#8220; animation_effect=&#8220;fadeIn&#8220; album_title=&#8220;false&#8220; album_id=&#8220;3&#8243;]<\/p>\n<p>[kml_flashembed publishmethod=&#8220;dynamic&#8220; fversion=&#8220;8.0.0&#8243; movie=&#8220;https:\/\/www.schuetzenbruderschaft-allagen.de\/wp-content\/uploads\/Kegelbahn_Pano.swf&#8220; width=&#8220;700&#8243; height=&#8220;600&#8243; targetclass=&#8220;flashmovie&#8220; play=&#8220;true&#8220; loop=&#8220;true&#8220; menu=&#8220;true&#8220; quality=&#8220;best&#8220; scale=&#8220;noscale&#8220; bgcolor=&#8220;#ffea90&#8243;]<\/p>\n<p>Um die Blickrichtung zu \u00e4ndern, klicken Sie bitte in das Panorama und bewegen die Mouse<br \/>\n(bei gedr\u00fcckter linkter Taste) in die Richtung, in die sich die Ansicht drehen soll.<br \/>\nMit dem Scroll-Rad k\u00f6nnen Sie zoomen.<\/p>\n<p>Um das Panorama sehen und nutzen zu k\u00f6nnen, ben\u00f6tigen Sie den Adobe Flash Player (kostenlos). Sie k\u00f6nnen ihn hier<br \/>\nherunterladen.<\/p>\n<p><a href=\"http:\/\/adobe.com\/go\/getflashplayer\"><img decoding=\"async\" src=\"http:\/\/www.adobe.com\/images\/shared\/download_buttons\/get_flash_player.gif\" alt=\"Get Adobe Flash player\" \/><\/a><\/p>\n","protected":false},"excerpt":{"rendered":"<p>Fotos und ein Panorama von unserer Kegelbahn in der M\u00f6hnetalhalle. Gerne k\u00f6nnen Sie unsere Kegelbahn mieten. Zu Informationen und Mietanfragen wenden Sie sich bitte an Herrn Winfried Risse (02925\/701) [gallery_bank type=&#8220;images&#8220; format=&#8220;thumbnail&#8220; title=&#8220;false&#8220; desc=&#8220;false&#8220; img_in_row=&#8220;3&#8243; special_effect=&#8220;overlay_fade-white&#8220; animation_effect=&#8220;fadeIn&#8220; album_title=&#8220;false&#8220; album_id=&#8220;3&#8243;] [kml_flashembed publishmethod=&#8220;dynamic&#8220; fversion=&#8220;8.0.0&#8243; movie=&#8220;https:\/\/www.schuetzenbruderschaft-allagen.de\/wp-content\/uploads\/Kegelbahn_Pano.swf&#8220; width=&#8220;700&#8243; height=&#8220;600&#8243; targetclass=&#8220;flashmovie&#8220; play=&#8220;true&#8220; loop=&#8220;true&#8220; menu=&#8220;true&#8220; quality=&#8220;best&#8220; scale=&#8220;noscale&#8220; bgcolor=&#8220;#ffea90&#8243;] Um die Blickrichtung &hellip; <a href=\"https:\/\/www.schuetzenbruderschaft-allagen.de\/WP_Schuetzen\/bildergalerie\/kegelbahn\/\" class=\"more-link\"><span class=\"screen-reader-text\">Kegelbahn<\/span> weiterlesen <span class=\"meta-nav\">&rarr;<\/span><\/a><\/p>\n","protected":false},"author":1,"featured_media":0,"parent":74,"menu_order":0,"comment_status":"closed","ping_status":"open","template":"","meta":{"footnotes":""},"class_list":["post-809","page","type-page","status-publish","hentry"],"yoast_head":"<!-- This site is optimized with the Yoast SEO plugin v26.9 - https:\/\/yoast.com\/product\/yoast-seo-wordpress\/ -->\n<title>Kegelbahn - einfach gut...seit 1823.<\/title>\n<meta name=\"robots\" content=\"index, follow, max-snippet:-1, max-image-preview:large, max-video-preview:-1\" \/>\n<link rel=\"canonical\" href=\"https:\/\/www.schuetzenbruderschaft-allagen.de\/WP_Schuetzen\/bildergalerie\/kegelbahn\/\" \/>\n<meta property=\"og:locale\" content=\"de_DE\" \/>\n<meta property=\"og:type\" content=\"article\" \/>\n<meta property=\"og:title\" content=\"Kegelbahn - einfach gut...seit 1823.\" \/>\n<meta property=\"og:description\" content=\"Fotos und ein Panorama von unserer Kegelbahn in der M\u00f6hnetalhalle. Gerne k\u00f6nnen Sie unsere Kegelbahn mieten. Zu Informationen und Mietanfragen wenden Sie sich bitte an Herrn Winfried Risse (02925\/701) [gallery_bank type=&#8220;images&#8220; format=&#8220;thumbnail&#8220; title=&#8220;false&#8220; desc=&#8220;false&#8220; img_in_row=&#8220;3&#8243; special_effect=&#8220;overlay_fade-white&#8220; animation_effect=&#8220;fadeIn&#8220; album_title=&#8220;false&#8220; album_id=&#8220;3&#8243;] [kml_flashembed publishmethod=&#8220;dynamic&#8220; fversion=&#8220;8.0.0&#8243; movie=&#8220;https:\/\/www.schuetzenbruderschaft-allagen.de\/wp-content\/uploads\/Kegelbahn_Pano.swf&#8220; width=&#8220;700&#8243; height=&#8220;600&#8243; targetclass=&#8220;flashmovie&#8220; play=&#8220;true&#8220; loop=&#8220;true&#8220; menu=&#8220;true&#8220; quality=&#8220;best&#8220; scale=&#8220;noscale&#8220; bgcolor=&#8220;#ffea90&#8243;] Um die Blickrichtung &hellip; Kegelbahn weiterlesen &rarr;\" \/>\n<meta property=\"og:url\" content=\"https:\/\/www.schuetzenbruderschaft-allagen.de\/WP_Schuetzen\/bildergalerie\/kegelbahn\/\" \/>\n<meta property=\"og:site_name\" content=\"einfach gut...seit 1823.\" \/>\n<meta property=\"article:publisher\" content=\"https:\/\/www.facebook.com\/profile.php?id=100064817075577\" \/>\n<meta property=\"article:modified_time\" content=\"2015-05-22T13:53:41+00:00\" \/>\n<meta property=\"og:image\" content=\"http:\/\/www.adobe.com\/images\/shared\/download_buttons\/get_flash_player.gif\" \/>\n<meta name=\"twitter:card\" content=\"summary_large_image\" \/>\n<meta name=\"twitter:label1\" content=\"Gesch\u00e4tzte Lesezeit\" \/>\n\t<meta name=\"twitter:data1\" content=\"1\u00a0Minute\" \/>\n<script type=\"application\/ld+json\" class=\"yoast-schema-graph\">{\"@context\":\"https:\/\/schema.org\",\"@graph\":[{\"@type\":\"WebPage\",\"@id\":\"https:\/\/www.schuetzenbruderschaft-allagen.de\/WP_Schuetzen\/bildergalerie\/kegelbahn\/\",\"url\":\"https:\/\/www.schuetzenbruderschaft-allagen.de\/WP_Schuetzen\/bildergalerie\/kegelbahn\/\",\"name\":\"Kegelbahn - einfach gut...seit 1823.\",\"isPartOf\":{\"@id\":\"https:\/\/www.schuetzenbruderschaft-allagen.de\/WP_Schuetzen\/#website\"},\"primaryImageOfPage\":{\"@id\":\"https:\/\/www.schuetzenbruderschaft-allagen.de\/WP_Schuetzen\/bildergalerie\/kegelbahn\/#primaryimage\"},\"image\":{\"@id\":\"https:\/\/www.schuetzenbruderschaft-allagen.de\/WP_Schuetzen\/bildergalerie\/kegelbahn\/#primaryimage\"},\"thumbnailUrl\":\"http:\/\/www.adobe.com\/images\/shared\/download_buttons\/get_flash_player.gif\",\"datePublished\":\"2015-02-11T18:10:20+00:00\",\"dateModified\":\"2015-05-22T13:53:41+00:00\",\"breadcrumb\":{\"@id\":\"https:\/\/www.schuetzenbruderschaft-allagen.de\/WP_Schuetzen\/bildergalerie\/kegelbahn\/#breadcrumb\"},\"inLanguage\":\"de\",\"potentialAction\":[{\"@type\":\"ReadAction\",\"target\":[\"https:\/\/www.schuetzenbruderschaft-allagen.de\/WP_Schuetzen\/bildergalerie\/kegelbahn\/\"]}]},{\"@type\":\"ImageObject\",\"inLanguage\":\"de\",\"@id\":\"https:\/\/www.schuetzenbruderschaft-allagen.de\/WP_Schuetzen\/bildergalerie\/kegelbahn\/#primaryimage\",\"url\":\"http:\/\/www.adobe.com\/images\/shared\/download_buttons\/get_flash_player.gif\",\"contentUrl\":\"http:\/\/www.adobe.com\/images\/shared\/download_buttons\/get_flash_player.gif\"},{\"@type\":\"BreadcrumbList\",\"@id\":\"https:\/\/www.schuetzenbruderschaft-allagen.de\/WP_Schuetzen\/bildergalerie\/kegelbahn\/#breadcrumb\",\"itemListElement\":[{\"@type\":\"ListItem\",\"position\":1,\"name\":\"Home\",\"item\":\"https:\/\/www.schuetzenbruderschaft-allagen.de\/WP_Schuetzen\/\"},{\"@type\":\"ListItem\",\"position\":2,\"name\":\"Bildergalerie\",\"item\":\"https:\/\/www.schuetzenbruderschaft-allagen.de\/WP_Schuetzen\/bildergalerie\/\"},{\"@type\":\"ListItem\",\"position\":3,\"name\":\"Kegelbahn\"}]},{\"@type\":\"WebSite\",\"@id\":\"https:\/\/www.schuetzenbruderschaft-allagen.de\/WP_Schuetzen\/#website\",\"url\":\"https:\/\/www.schuetzenbruderschaft-allagen.de\/WP_Schuetzen\/\",\"name\":\"Sch\u00fctzenbruderschaft Allagen - Einfach gut...seit 1823.\",\"description\":\"St. Sebastianus Sch\u00fctzenbruderschaft 1823 Allagen e.V.\",\"publisher\":{\"@id\":\"https:\/\/www.schuetzenbruderschaft-allagen.de\/WP_Schuetzen\/#organization\"},\"potentialAction\":[{\"@type\":\"SearchAction\",\"target\":{\"@type\":\"EntryPoint\",\"urlTemplate\":\"https:\/\/www.schuetzenbruderschaft-allagen.de\/WP_Schuetzen\/?s={search_term_string}\"},\"query-input\":{\"@type\":\"PropertyValueSpecification\",\"valueRequired\":true,\"valueName\":\"search_term_string\"}}],\"inLanguage\":\"de\"},{\"@type\":\"Organization\",\"@id\":\"https:\/\/www.schuetzenbruderschaft-allagen.de\/WP_Schuetzen\/#organization\",\"name\":\"St. Sebastianus Sch\u00fctzenbruderschaft 1823 Allagen e.V.\",\"url\":\"https:\/\/www.schuetzenbruderschaft-allagen.de\/WP_Schuetzen\/\",\"logo\":{\"@type\":\"ImageObject\",\"inLanguage\":\"de\",\"@id\":\"https:\/\/www.schuetzenbruderschaft-allagen.de\/WP_Schuetzen\/#\/schema\/logo\/image\/\",\"url\":\"https:\/\/www.schuetzenbruderschaft-allagen.de\/wp-content\/uploads\/Logo_neu_Farbe.jpg\",\"contentUrl\":\"https:\/\/www.schuetzenbruderschaft-allagen.de\/wp-content\/uploads\/Logo_neu_Farbe.jpg\",\"width\":827,\"height\":1004,\"caption\":\"St. Sebastianus Sch\u00fctzenbruderschaft 1823 Allagen e.V.\"},\"image\":{\"@id\":\"https:\/\/www.schuetzenbruderschaft-allagen.de\/WP_Schuetzen\/#\/schema\/logo\/image\/\"},\"sameAs\":[\"https:\/\/www.facebook.com\/profile.php?id=100064817075577\"]}]}<\/script>\n<!-- \/ Yoast SEO plugin. -->","yoast_head_json":{"title":"Kegelbahn - einfach gut...seit 1823.","robots":{"index":"index","follow":"follow","max-snippet":"max-snippet:-1","max-image-preview":"max-image-preview:large","max-video-preview":"max-video-preview:-1"},"canonical":"https:\/\/www.schuetzenbruderschaft-allagen.de\/WP_Schuetzen\/bildergalerie\/kegelbahn\/","og_locale":"de_DE","og_type":"article","og_title":"Kegelbahn - einfach gut...seit 1823.","og_description":"Fotos und ein Panorama von unserer Kegelbahn in der M\u00f6hnetalhalle. Gerne k\u00f6nnen Sie unsere Kegelbahn mieten. Zu Informationen und Mietanfragen wenden Sie sich bitte an Herrn Winfried Risse (02925\/701) [gallery_bank type=&#8220;images&#8220; format=&#8220;thumbnail&#8220; title=&#8220;false&#8220; desc=&#8220;false&#8220; img_in_row=&#8220;3&#8243; special_effect=&#8220;overlay_fade-white&#8220; animation_effect=&#8220;fadeIn&#8220; album_title=&#8220;false&#8220; album_id=&#8220;3&#8243;] [kml_flashembed publishmethod=&#8220;dynamic&#8220; fversion=&#8220;8.0.0&#8243; movie=&#8220;https:\/\/www.schuetzenbruderschaft-allagen.de\/wp-content\/uploads\/Kegelbahn_Pano.swf&#8220; width=&#8220;700&#8243; height=&#8220;600&#8243; targetclass=&#8220;flashmovie&#8220; play=&#8220;true&#8220; loop=&#8220;true&#8220; menu=&#8220;true&#8220; quality=&#8220;best&#8220; scale=&#8220;noscale&#8220; bgcolor=&#8220;#ffea90&#8243;] Um die Blickrichtung &hellip; Kegelbahn weiterlesen &rarr;","og_url":"https:\/\/www.schuetzenbruderschaft-allagen.de\/WP_Schuetzen\/bildergalerie\/kegelbahn\/","og_site_name":"einfach gut...seit 1823.","article_publisher":"https:\/\/www.facebook.com\/profile.php?id=100064817075577","article_modified_time":"2015-05-22T13:53:41+00:00","og_image":[{"url":"http:\/\/www.adobe.com\/images\/shared\/download_buttons\/get_flash_player.gif","type":"","width":"","height":""}],"twitter_card":"summary_large_image","twitter_misc":{"Gesch\u00e4tzte Lesezeit":"1\u00a0Minute"},"schema":{"@context":"https:\/\/schema.org","@graph":[{"@type":"WebPage","@id":"https:\/\/www.schuetzenbruderschaft-allagen.de\/WP_Schuetzen\/bildergalerie\/kegelbahn\/","url":"https:\/\/www.schuetzenbruderschaft-allagen.de\/WP_Schuetzen\/bildergalerie\/kegelbahn\/","name":"Kegelbahn - einfach gut...seit 1823.","isPartOf":{"@id":"https:\/\/www.schuetzenbruderschaft-allagen.de\/WP_Schuetzen\/#website"},"primaryImageOfPage":{"@id":"https:\/\/www.schuetzenbruderschaft-allagen.de\/WP_Schuetzen\/bildergalerie\/kegelbahn\/#primaryimage"},"image":{"@id":"https:\/\/www.schuetzenbruderschaft-allagen.de\/WP_Schuetzen\/bildergalerie\/kegelbahn\/#primaryimage"},"thumbnailUrl":"http:\/\/www.adobe.com\/images\/shared\/download_buttons\/get_flash_player.gif","datePublished":"2015-02-11T18:10:20+00:00","dateModified":"2015-05-22T13:53:41+00:00","breadcrumb":{"@id":"https:\/\/www.schuetzenbruderschaft-allagen.de\/WP_Schuetzen\/bildergalerie\/kegelbahn\/#breadcrumb"},"inLanguage":"de","potentialAction":[{"@type":"ReadAction","target":["https:\/\/www.schuetzenbruderschaft-allagen.de\/WP_Schuetzen\/bildergalerie\/kegelbahn\/"]}]},{"@type":"ImageObject","inLanguage":"de","@id":"https:\/\/www.schuetzenbruderschaft-allagen.de\/WP_Schuetzen\/bildergalerie\/kegelbahn\/#primaryimage","url":"http:\/\/www.adobe.com\/images\/shared\/download_buttons\/get_flash_player.gif","contentUrl":"http:\/\/www.adobe.com\/images\/shared\/download_buttons\/get_flash_player.gif"},{"@type":"BreadcrumbList","@id":"https:\/\/www.schuetzenbruderschaft-allagen.de\/WP_Schuetzen\/bildergalerie\/kegelbahn\/#breadcrumb","itemListElement":[{"@type":"ListItem","position":1,"name":"Home","item":"https:\/\/www.schuetzenbruderschaft-allagen.de\/WP_Schuetzen\/"},{"@type":"ListItem","position":2,"name":"Bildergalerie","item":"https:\/\/www.schuetzenbruderschaft-allagen.de\/WP_Schuetzen\/bildergalerie\/"},{"@type":"ListItem","position":3,"name":"Kegelbahn"}]},{"@type":"WebSite","@id":"https:\/\/www.schuetzenbruderschaft-allagen.de\/WP_Schuetzen\/#website","url":"https:\/\/www.schuetzenbruderschaft-allagen.de\/WP_Schuetzen\/","name":"Sch\u00fctzenbruderschaft Allagen - Einfach gut...seit 1823.","description":"St. Sebastianus Sch\u00fctzenbruderschaft 1823 Allagen e.V.","publisher":{"@id":"https:\/\/www.schuetzenbruderschaft-allagen.de\/WP_Schuetzen\/#organization"},"potentialAction":[{"@type":"SearchAction","target":{"@type":"EntryPoint","urlTemplate":"https:\/\/www.schuetzenbruderschaft-allagen.de\/WP_Schuetzen\/?s={search_term_string}"},"query-input":{"@type":"PropertyValueSpecification","valueRequired":true,"valueName":"search_term_string"}}],"inLanguage":"de"},{"@type":"Organization","@id":"https:\/\/www.schuetzenbruderschaft-allagen.de\/WP_Schuetzen\/#organization","name":"St. Sebastianus Sch\u00fctzenbruderschaft 1823 Allagen e.V.","url":"https:\/\/www.schuetzenbruderschaft-allagen.de\/WP_Schuetzen\/","logo":{"@type":"ImageObject","inLanguage":"de","@id":"https:\/\/www.schuetzenbruderschaft-allagen.de\/WP_Schuetzen\/#\/schema\/logo\/image\/","url":"https:\/\/www.schuetzenbruderschaft-allagen.de\/wp-content\/uploads\/Logo_neu_Farbe.jpg","contentUrl":"https:\/\/www.schuetzenbruderschaft-allagen.de\/wp-content\/uploads\/Logo_neu_Farbe.jpg","width":827,"height":1004,"caption":"St. Sebastianus Sch\u00fctzenbruderschaft 1823 Allagen e.V."},"image":{"@id":"https:\/\/www.schuetzenbruderschaft-allagen.de\/WP_Schuetzen\/#\/schema\/logo\/image\/"},"sameAs":["https:\/\/www.facebook.com\/profile.php?id=100064817075577"]}]}},"jetpack_sharing_enabled":true,"_links":{"self":[{"href":"https:\/\/www.schuetzenbruderschaft-allagen.de\/WP_Schuetzen\/wp-json\/wp\/v2\/pages\/809","targetHints":{"allow":["GET"]}}],"collection":[{"href":"https:\/\/www.schuetzenbruderschaft-allagen.de\/WP_Schuetzen\/wp-json\/wp\/v2\/pages"}],"about":[{"href":"https:\/\/www.schuetzenbruderschaft-allagen.de\/WP_Schuetzen\/wp-json\/wp\/v2\/types\/page"}],"author":[{"embeddable":true,"href":"https:\/\/www.schuetzenbruderschaft-allagen.de\/WP_Schuetzen\/wp-json\/wp\/v2\/users\/1"}],"replies":[{"embeddable":true,"href":"https:\/\/www.schuetzenbruderschaft-allagen.de\/WP_Schuetzen\/wp-json\/wp\/v2\/comments?post=809"}],"version-history":[{"count":11,"href":"https:\/\/www.schuetzenbruderschaft-allagen.de\/WP_Schuetzen\/wp-json\/wp\/v2\/pages\/809\/revisions"}],"predecessor-version":[{"id":7298,"href":"https:\/\/www.schuetzenbruderschaft-allagen.de\/WP_Schuetzen\/wp-json\/wp\/v2\/pages\/809\/revisions\/7298"}],"up":[{"embeddable":true,"href":"https:\/\/www.schuetzenbruderschaft-allagen.de\/WP_Schuetzen\/wp-json\/wp\/v2\/pages\/74"}],"wp:attachment":[{"href":"https:\/\/www.schuetzenbruderschaft-allagen.de\/WP_Schuetzen\/wp-json\/wp\/v2\/media?parent=809"}],"curies":[{"name":"wp","href":"https:\/\/api.w.org\/{rel}","templated":true}]}}